{"id":994,"date":"2019-01-14T12:02:32","date_gmt":"2019-01-14T11:02:32","guid":{"rendered":"http:\/\/elevage-clos-artemis.fr\/?page_id=994"},"modified":"2020-03-03T22:43:41","modified_gmt":"2020-03-03T21:43:41","slug":"resultats-2019","status":"publish","type":"page","link":"https:\/\/chatterie-clos-artemis.fr\/index.php\/resultats-2019\/","title":{"rendered":"R\u00e9sultats 2019"},"content":{"rendered":"\r\n<p>&nbsp;<\/p>\r\n\r\n\r\n\r\n<p><strong>Janvier<\/strong><\/p>\r\n\r\n\r\n\r\n<h2 class=\"wp-block-heading\">Paris Animal Show &#8212; 12\/13 Janvier 2019<\/h2>\r\n\r\n\r\n\r\n<ul class=\"wp-block-list\">\r\n<li><a href=\"http:\/\/elevage-clos-artemis.fr\/index.php\/elevage\/chat-des-forets-norvegiennes\/nos-femelles\/nuit-du-clos-dartemis\/\">Nuit du Clos d&rsquo;Art\u00e9mis<\/a>: 1 CAGCI EXC1<\/li>\r\n<li><a href=\"http:\/\/elevage-clos-artemis.fr\/index.php\/elevage\/chat-des-forets-norvegiennes\/nos-femelles\/nott-du-clos-dartemis\/\">Nott du Clos d&rsquo;Art\u00e9mis<\/a>: 1 CACIB EXC1<\/li>\r\n<li><a href=\"http:\/\/elevage-clos-artemis.fr\/index.php\/elevage\/maine-coon\/nos-femelles\/opium-du-chabeaute\/\">Opium du Chabeaut\u00e9<\/a>: 2 EXC1 6\/10 mois, <strong>2 Best Vari\u00e9t\u00e9<\/strong>, <strong>1 nom BIS<\/strong><\/li>\r\n<li><a href=\"http:\/\/elevage-clos-artemis.fr\/index.php\/elevage\/maine-coon\/nos-males\/only-you-aslan-du-clos-dartemis\/\">Only you Aslan du Clos d&rsquo;Art\u00e9mis<\/a>: 2 EXC1 6\/10 mois, <strong>1 Best Vari\u00e9t\u00e9<\/strong>, <strong>1 nom BIS<\/strong><\/li>\r\n<\/ul>\r\n\r\n\r\n\r\n<p><strong>F\u00e9vrier<\/strong><\/p>\r\n\r\n\r\n\r\n<h2 class=\"wp-block-heading\">Amiens &#8212; 09\/10 F\u00e9vrier 2019<\/h2>\r\n\r\n\r\n\r\n<ul class=\"wp-block-list\">\r\n<li><a href=\"http:\/\/elevage-clos-artemis.fr\/index.php\/elevage\/chat-des-forets-norvegiennes\/nos-femelles\/nott-du-clos-dartemis\/\">Nott du Clos d&rsquo;Art\u00e9mis<\/a>: 1 CAGCI<\/li>\r\n<li><a href=\"http:\/\/elevage-clos-artemis.fr\/index.php\/elevage\/maine-coon\/nos-femelles\/opium-du-chabeaute\/\">Opium du Chabeaut\u00e9<\/a>: 1 CAC, <strong>Best in Show<\/strong><\/li>\r\n<li><a href=\"http:\/\/elevage-clos-artemis.fr\/index.php\/orchidee-du-jardin-de-lauthie\/\">Orchid\u00e9e du Jardin de l&rsquo;Authie<\/a>: EXC1 6\/10 mois, <strong>Prix Sp\u00e9cial<\/strong>, <strong>Nomin\u00e9e Best in Show<\/strong><\/li>\r\n<\/ul>\r\n\r\n\r\n\r\n<h2 class=\"wp-block-heading\">Cambrai &#8212; 24 F\u00e9vrier 2019<\/h2>\r\n\r\n<p><!--EndFragment--><\/p>\r\n<ul id=\"mce_22\" class=\"editor-rich-text__tinymce mce-content-body\" role=\"textbox\" contenteditable=\"true\" aria-label=\"Write list\u2026\" aria-autocomplete=\"list\" aria-multiline=\"true\" data-is-placeholder-visible=\"false\">\r\n<li><a href=\"http:\/\/elevage-clos-artemis.fr\/index.php\/elevage\/maine-coon\/nos-femelles\/opium-du-chabeaute\/\">Opium du Chabeaut\u00e9<\/a>: 1 CAC<\/li>\r\n<li><a href=\"http:\/\/elevage-clos-artemis.fr\/index.php\/orchidee-du-jardin-de-lauthie\/\">Orchid\u00e9e du Jardin de l&rsquo;Authie<\/a>: EXC1 6\/10 mois,<strong> Best in Show, 2e au Best au Best<\/strong><\/li>\r\n<li><a href=\"http:\/\/elevage-clos-artemis.fr\/index.php\/elevage\/maine-coon\/nos-males\/only-you-aslan-du-clos-dartemis\/\">Only you Aslan du Clos d&rsquo;Art\u00e9mis<\/a>: EXC2 6\/10 mois<\/li>\r\n<\/ul>\r\n<p>&nbsp;<\/p>\r\n\r\n<p><br><strong><span style=\"background-color: #e8eaeb;\">Mars<\/span><\/strong><\/p>\r\n\r\n\r\n\r\n<h2 class=\"wp-block-heading\">Dammarie-les-Lys &#8212; 9\/10 Mars 2019<\/h2>\r\n\r\n\r\n\r\n<ul class=\"wp-block-list\">\r\n<li><a href=\"http:\/\/elevage-clos-artemis.fr\/index.php\/elevage\/maine-coon\/nos-femelles\/opium-du-chabeaute\/\">Opium du Chabeaut\u00e9<\/a>: 1 CAC (obtient son titre de championne) + 1 CACIB<\/li>\r\n<\/ul>\r\n\r\n\r\n\r\n<h2 class=\"wp-block-heading\">Semur-en-Auxois &#8212; 16\/17 Mars 2019<\/h2>\r\n\r\n\r\n\r\n<ul class=\"wp-block-list\">\r\n<li><a href=\"http:\/\/elevage-clos-artemis.fr\/index.php\/elevage\/maine-coon\/nos-femelles\/opium-du-chabeaute\/\">Opium du Chabeaut\u00e9<\/a>: Samedi: 1 CACIB + <strong>Best Vari\u00e9t\u00e9<\/strong> + <strong>Nomination Best in Show<\/strong> et Dimanche: 1 CACIB + <strong>Nomination Best in Show<\/strong>, devient donc Double Championne et SQR 4 \u00e0 11 mois !<\/li>\r\n<\/ul>\r\n\r\n\r\n\r\n<p><br><span style=\"background-color: #e8eaeb;\"><b>Avril<\/b><\/span><\/p>\r\n\r\n\r\n\r\n<h2 class=\"wp-block-heading\">Paris Espace Champerret &#8212; 13\/14 Avril 2019<\/h2>\r\n\r\n\r\n\r\n<ul class=\"wp-block-list\">\r\n<li><a href=\"http:\/\/elevage-clos-artemis.fr\/index.php\/elevage\/maine-coon\/nos-femelles\/opium-du-chabeaute\/\">Opium du Chabeaut\u00e9<\/a>: Samedi 1 CAGCI EXC1, Dimanche 1 CAGCI EXC1: plus que 2 !<\/li>\r\n<li><a href=\"http:\/\/elevage-clos-artemis.fr\/index.php\/elevage\/maine-coon\/nos-males\/only-you-aslan-du-clos-dartemis\/\">Only you Aslan du Clos d&rsquo;Art\u00e9mis<\/a>: il fait ses premiers pas en adulte, et obtient 1 CAC EXC1 le Samedi et 1 CAC EXC1 le Dimanche<\/li>\r\n<li><a href=\"http:\/\/elevage-clos-artemis.fr\/index.php\/orchidee-du-jardin-de-lauthie\/\">Orchid\u00e9e du Jardin de l&rsquo;Authie<\/a> : Elle fait chavirer les coeurs de nouveau&#8230;. EXC1 en 6\/10 mois les 2 jours, <strong>Nomin\u00e9e Best in Show<\/strong> le Samedi, <strong>Best Vari\u00e9t\u00e9<\/strong> et <strong>Best in Show<\/strong> le Dimanche !<\/li>\r\n<\/ul>\r\n\r\n<p><!--EndFragment--><\/p>\r\n\r\n<h2 class=\"wp-block-heading\">Evreux &#8212; 28 Avril 2019<\/h2>\r\n\r\n\r\n\r\n<ul class=\"wp-block-list\">\r\n<li><a href=\"http:\/\/elevage-clos-artemis.fr\/index.php\/elevage\/maine-coon\/nos-femelles\/opium-du-chabeaute\/\">Opium du Chabeaut\u00e9<\/a>: CAGCI EXC1, plus qu&rsquo;un !<\/li>\r\n<li><a href=\"http:\/\/elevage-clos-artemis.fr\/index.php\/elevage\/maine-coon\/nos-males\/only-you-aslan-du-clos-dartemis\/\">Only you Aslan du Clos d&rsquo;Art\u00e9mis<\/a>: 1 CAC EXC1 qui le propulse au titre de Champion de France, et un <strong>Prix Sp\u00e9cial<\/strong> pour f\u00eater \u00e7a !<\/li>\r\n<li><a href=\"http:\/\/elevage-clos-artemis.fr\/index.php\/orchidee-du-jardin-de-lauthie\/\">Orchid\u00e9e du Jardin de l&rsquo;Authie<\/a>: La petite choupette reste droite dans ses bottes, et monte sur le podium pour une <strong>Nomination au Best in Show<\/strong>&#8230; On a h\u00e2te de voir ses r\u00e9sultats lorsqu&rsquo;elle passera en adulte !<\/li>\r\n<\/ul>\r\n\r\n\r\n\r\n<p><strong>Mai<\/strong><\/p>\r\n\r\n\r\n\r\n<h2 class=\"wp-block-heading\">Compi\u00e8gne &#8211; 13 Mai 2019<\/h2>\r\n\r\n\r\n\r\n<ul class=\"wp-block-list\">\r\n<li><a href=\"http:\/\/elevage-clos-artemis.fr\/index.php\/elevage\/maine-coon\/nos-femelles\/opium-du-chabeaute\/\">Opium du Chabeaut\u00e9<\/a>: On voyage l\u00e9ger pour cette Sp\u00e9ciale Maine Coon, en n&#8217;emmenant qu&rsquo;Opium du Chabeaut\u00e9, qui prend son dernier CAGCI EXC1, et devient Triple Championne de France !<\/li>\r\n<\/ul>\r\n\r\n<p><!--StartFragment--><\/p>\r\n\r\n<p><strong>Juin<\/strong><\/p>\r\n\r\n\r\n\r\n<h2 class=\"wp-block-heading\">Montargis- 09 Juin 2019<\/h2>\r\n\r\n\r\n\r\n<ul class=\"wp-block-list\">\r\n<li><a href=\"http:\/\/elevage-clos-artemis.fr\/index.php\/elevage\/maine-coon\/nos-males\/only-you-aslan-du-clos-dartemis\/\">Only you Aslan du Clos d&rsquo;Art\u00e9mis<\/a>: 1 CACIB EXC1<\/li>\r\n<li><a href=\"http:\/\/elevage-clos-artemis.fr\/index.php\/orchidee-du-jardin-de-lauthie\/\">Orchid\u00e9e du Jardin de l&rsquo;Authie<\/a>: Notre petite orientale met les petits plats dans les grands pour f\u00eater sa premi\u00e8re pr\u00e9sentation en adulte: outre son 1e CAC, elle obtient un <strong>Best Vari\u00e9t\u00e9<\/strong>, un <strong>Best in Show<\/strong>, et un <strong>Best of Best<\/strong> !<\/li>\r\n<\/ul>\r\n\r\n\r\n\r\n<h2 class=\"wp-block-heading\">Hillion &#8211; 30 Juin 2019<\/h2>\r\n\r\n\r\n\r\n<ul class=\"wp-block-list\">\r\n<li><a href=\"http:\/\/elevage-clos-artemis.fr\/index.php\/elevage\/maine-coon\/nos-males\/only-you-aslan-du-clos-dartemis\/\">Only you Aslan du Clos d&rsquo;Art\u00e9mis<\/a>: 1 CACIB EXC1<\/li>\r\n<li><a href=\"http:\/\/elevage-clos-artemis.fr\/index.php\/orchidee-du-jardin-de-lauthie\/\">Orchid\u00e9e du Jardin de l&rsquo;Authie<\/a>: 1 CAC EXC, un <strong>Prix Sp\u00e9cial<\/strong> et un <strong>Best in Show<\/strong> <strong>Juin<\/strong><\/li>\r\n<\/ul>\r\n\r\n\r\n\r\n<p><strong>Septembre<\/strong><\/p>\r\n\r\n\r\n\r\n<h2 class=\"wp-block-heading\">Chartres &#8211; 14\/15 Septembre 2019<\/h2>\r\n\r\n\r\n\r\n<ul class=\"wp-block-list\">\r\n<li><a href=\"http:\/\/elevage-clos-artemis.fr\/index.php\/orchidee-du-jardin-de-lauthie\/\">Orchid\u00e9e du Jardin de l&rsquo;Authie<\/a>: 1 CAC + un <strong>Best in Show<\/strong> le Samedi + 1 CACIB + une <strong>nom Best in Show + 9e de la Sp\u00e9ciale Orientale + 2e lot d&rsquo;\u00e9levage <\/strong>le dimanche<\/li>\r\n<li><a href=\"http:\/\/elevage-clos-artemis.fr\/index.php\/elevage\/chat-des-forets-norvegiennes\/nos-femelles\/nott-du-clos-dartemis\/\">Nott du Clos d&rsquo;Art\u00e9mis<\/a>: 1 CAGCI + 1 CACE, elle est donc Triple Championne de France !<\/li>\r\n<\/ul>\r\n<h2>Mereville &#8211; 28\/29 Septembre 2019<\/h2>\r\n<ul>\r\n<li><a href=\"http:\/\/elevage-clos-artemis.fr\/index.php\/orchidee-du-jardin-de-lauthie\/\">Orchid\u00e9e du Jardin de l&rsquo;Authie<\/a>: 1 CACIB + une <strong>nom Best in Show<\/strong> le Samedi + 1 CAGCI + <strong>Best in Show<\/strong> + <strong>Best of Best<\/strong> le Dimanche !<\/li>\r\n<li><a href=\"http:\/\/elevage-clos-artemis.fr\/index.php\/elevage\/maine-coon\/nos-males\/only-you-aslan-du-clos-dartemis\/\">Only you Aslan du Clos d&rsquo;Art\u00e9mis<\/a>: 1 CACIB EXC1 + 1 CAGCI EXC1, devient donc double Champion et SQR 4<\/li>\r\n<li><a href=\"http:\/\/elevage-clos-artemis.fr\/index.php\/elevage\/maine-coon\/nos-femelles\/maya-de-coons-of-the-gang\/\">Maya de Coon&rsquo;s of the Gang<\/a>: Pas venue en expo depuis une \u00e9ternit\u00e9, mais ne d\u00e9m\u00e9rite pas ! 1 CACIB EXC1 + 1 CAGCI EXC1, elle devient donc aussi double Championne et SQR 4!<\/li>\r\n<\/ul>\r\n<p><strong>Octobre<\/strong><\/p>\r\n<h2>Mantes la Jolie &#8211; 5\/6 Octobre 2019<\/h2>\r\n<ul>\r\n<li><a href=\"http:\/\/elevage-clos-artemis.fr\/index.php\/orchidee-du-jardin-de-lauthie\/\">Orchid\u00e9e du Jardin de l&rsquo;Authie<\/a>: 1 CAGCI + 1 CAGCI + <strong>Prix Sp\u00e9cial<\/strong> + <strong>Nom Best in Show<\/strong><\/li>\r\n<li><a href=\"http:\/\/elevage-clos-artemis.fr\/index.php\/elevage\/maine-coon\/nos-males\/only-you-aslan-du-clos-dartemis\/\">Only you Aslan du Clos d&rsquo;Art\u00e9mis<\/a>: 1 CAGCI + 1 CAGCI : manque plus qu&rsquo;un !<\/li>\r\n<li><a href=\"http:\/\/elevage-clos-artemis.fr\/index.php\/elevage\/maine-coon\/nos-femelles\/maya-de-coons-of-the-gang\/\">Maya de Coon&rsquo;s of the Gang<\/a>: 1 CAGCI<\/li>\r\n<\/ul>\r\n<h2>Beaune &#8211; 19\/20 Octobre 2019<\/h2>\r\n<ul>\r\n<li><a href=\"http:\/\/elevage-clos-artemis.fr\/index.php\/orchidee-du-jardin-de-lauthie\/\">Orchid\u00e9e du Jardin de l&rsquo;Authie<\/a>: 1 CAGCI + <strong>Prix Sp\u00e9cial<\/strong> + <strong>Nom Best in Show&nbsp;<\/strong>+ 1 CAGCI, la voici Triple Championne !<\/li>\r\n<li>Pixel du Clos d&rsquo;Art\u00e9mis: EXC1 6\/10 mois les 2 jours<\/li>\r\n<li>Qwerty du Clos d&rsquo;Art\u00e9mis: EXC1 6\/10 mois les 2 jours, et <strong>Prix Sp\u00e9cial<\/strong> + <strong>Nom Best in Show<\/strong> les 2 jours !<\/li>\r\n<\/ul>\r\n<h2>Mortagne au Perche &#8211; 7\/8 D\u00e9cembre 2019<\/h2>\r\n<ul>\r\n<li><a href=\"http:\/\/elevage-clos-artemis.fr\/index.php\/orchidee-du-jardin-de-lauthie\/\">Orchid\u00e9e du Jardin de l&rsquo;Authie<\/a>: 1 CACE + <strong>Prix Sp\u00e9cial<\/strong> le samedi, 1 CACE + <strong>Prix Sp\u00e9cial<\/strong> + <strong>Best in Show<\/strong> le Dimanche<\/li>\r\n<li><a href=\"http:\/\/elevage-clos-artemis.fr\/index.php\/elevage\/maine-coon\/nos-males\/only-you-aslan-du-clos-dartemis\/\">Only You Aslan du Clos d&rsquo;Art\u00e9mis<\/a>: 1 CAGCI le samedi, il devient Triple Champion et 1 CACE le dimanche<\/li>\r\n<li><a href=\"http:\/\/elevage-clos-artemis.fr\/index.php\/elevage\/maine-coon\/nos-femelles\/maya-de-coons-of-the-gang\/\">Maya de Coon&rsquo;s of the Gang<\/a>: 1 CAGCI + 1 CAGCI, la voici \u00e9galement Triple Championne<\/li>\r\n<li><a href=\"http:\/\/elevage-clos-artemis.fr\/index.php\/elevage\/chat-des-forets-norvegiennes\/nos-femelles\/nott-du-clos-dartemis\/\">Nott du Clos d&rsquo;Art\u00e9mis<\/a>: 1 CACE le dimanche<\/li>\r\n<li><a href=\"http:\/\/elevage-clos-artemis.fr\/index.php\/elevage\/maine-coon\/nos-femelles\/opium-du-chabeaute\/\">Opium du Chabeaut\u00e9<\/a>: 1 CACE les 2 jours et <strong>Best Vari\u00e9t\u00e9<\/strong> le Dimanche<\/li>\r\n<li><a href=\"http:\/\/elevage-clos-artemis.fr\/index.php\/punk-du-clos-dartemis\/\">Punk du Clos d&rsquo;Art\u00e9mis<\/a>: EXC1 3\/6 mois les 2 jours<\/li>\r\n<li><a href=\"http:\/\/elevage-clos-artemis.fr\/index.php\/elevage\/maine-coon\/nos-femelles\/origami-du-chabeaute\/\">Origami du Chabeaut\u00e9<\/a>: 1 CAC les 2 jours<\/li>\r\n<li>Phyl\u00e9a de Cl\u00e9cybeli\u00e8re: EXC1 6\/10 mois les 2 jours et <strong>Best Vari\u00e9t\u00e9<\/strong> le Samedi<\/li>\r\n<li>Captain Coon&rsquo;s Matryoshka: EXC1 6\/10 mois les 2 jours, <strong>Best Vari\u00e9t\u00e9<\/strong> le Samedi et <strong>Nomin\u00e9e Best in Show<\/strong> le Dimanche<\/li>\r\n<li>Pandore du Clos d&rsquo;Art\u00e9mis: EXC1 3\/6 mois les 2 jours<\/li>\r\n<li>Pixel du Clos d&rsquo;Art\u00e9mis: EXC1 6\/10 mois les 2 jours + <strong>Nomin\u00e9 Best in Show<\/strong> le Dimanche<\/li>\r\n<li>Qwerty du Clos d&rsquo;Art\u00e9mis: EXC1 6\/10 mois les 2 jours<\/li>\r\n<\/ul>\r\n","protected":false},"excerpt":{"rendered":"<p>&nbsp; Janvier Paris Animal Show &#8212; 12\/13 Janvier 2019 Nuit du Clos d&rsquo;Art\u00e9mis: 1 CAGCI EXC1 Nott du Clos d&rsquo;Art\u00e9mis:&hellip;<\/p>\n","protected":false},"author":1,"featured_media":0,"parent":0,"menu_order":0,"comment_status":"closed","ping_status":"closed","template":"","meta":{"ngg_post_thumbnail":0,"footnotes":""},"class_list":["post-994","page","type-page","status-publish","hentry"],"_links":{"self":[{"href":"https:\/\/chatterie-clos-artemis.fr\/index.php\/wp-json\/wp\/v2\/pages\/994","targetHints":{"allow":["GET"]}}],"collection":[{"href":"https:\/\/chatterie-clos-artemis.fr\/index.php\/wp-json\/wp\/v2\/pages"}],"about":[{"href":"https:\/\/chatterie-clos-artemis.fr\/index.php\/wp-json\/wp\/v2\/types\/page"}],"author":[{"embeddable":true,"href":"https:\/\/chatterie-clos-artemis.fr\/index.php\/wp-json\/wp\/v2\/users\/1"}],"replies":[{"embeddable":true,"href":"https:\/\/chatterie-clos-artemis.fr\/index.php\/wp-json\/wp\/v2\/comments?post=994"}],"version-history":[{"count":19,"href":"https:\/\/chatterie-clos-artemis.fr\/index.php\/wp-json\/wp\/v2\/pages\/994\/revisions"}],"predecessor-version":[{"id":1846,"href":"https:\/\/chatterie-clos-artemis.fr\/index.php\/wp-json\/wp\/v2\/pages\/994\/revisions\/1846"}],"wp:attachment":[{"href":"https:\/\/chatterie-clos-artemis.fr\/index.php\/wp-json\/wp\/v2\/media?parent=994"}],"curies":[{"name":"wp","href":"https:\/\/api.w.org\/{rel}","templated":true}]}}