{"id":916,"date":"2018-11-19T11:31:34","date_gmt":"2018-11-19T10:31:34","guid":{"rendered":"http:\/\/elevage-clos-artemis.fr\/?page_id=916"},"modified":"2020-10-16T14:16:29","modified_gmt":"2020-10-16T12:16:29","slug":"only-you-aslan-du-clos-dartemis","status":"publish","type":"page","link":"https:\/\/chatterie-clos-artemis.fr\/index.php\/elevage\/maine-coon\/nos-males\/only-you-aslan-du-clos-dartemis\/","title":{"rendered":"Only You Aslan du Clos d&rsquo;Art\u00e9mis"},"content":{"rendered":"<p>&nbsp;<\/p>\n<h5>Caract\u00e9ristiques<\/h5>\n<ul>\n<li>Sexe: M\u00e2le<\/li>\n<li>Robe: Black Silver Spotted Tabby<\/li>\n<li>Naissance: 15\/05\/2018<\/li>\n<li>Tests: carte g\u00e9n\u00e9tique + v\u00e9rif parent\u00e9, SMA N\/N, PKDef N\/N, HCM-MC N\/N, GS N\/N par filiation + FIV\/FELV OK + echo coeur\/rein 2020 OK<\/li>\n<li><strong>Titre: Quadruple Champion de France<\/strong><\/li>\n<li><strong>SQR: Niveau 4 &#8211; Recommand\u00e9<\/strong><\/li>\n<li><a href=\"https:\/\/pawpeds.com\/db\/?a=p&amp;id=1471505&amp;g=4&amp;p=mco&amp;date=iso&amp;o=ajgrep\">Page Pawpeds<\/a><\/li>\n<\/ul>\n<h6><strong>R\u00e9sultats<\/strong><\/h6>\n<ul>\n<li>Chartres 2018: EXC1 3\/6 mois<\/li>\n<li>Douai 2018: EXC1 6\/10 mois, <strong>Best Vari\u00e9t\u00e9<\/strong>, <strong>Nomination Best in Show<\/strong><\/li>\n<li>Mortagne-au-Perche 2018 (1 jour): EXC1 6\/10 mois<\/li>\n<li>Ozoir-la-Ferri\u00e8re 2018: EXC1 6\/10 mois<\/li>\n<li>Paris Animal Show 2019: EXC1 6\/10 mois les deux jours, <strong>Best Vari\u00e9t\u00e9<\/strong>, <strong>Nomin\u00e9 Best in Show<\/strong><\/li>\n<li>Cambrai 2019: EXC2 6\/10 mois<\/li>\n<li>Paris Champerret 2019: CAC EXC1 + CAC EXC1<\/li>\n<li>Evreux 2019: CAC EXC1, <strong>Best Vari\u00e9t\u00e9<\/strong><\/li>\n<li>Montargis 2019: CACIB EXC1<\/li>\n<li>Hillion 2019: CACIB EXC1<\/li>\n<li>Mereville 2019: CACIB EXC1 + CAGCI EXC1<\/li>\n<li>Mantes la Jolie 2019: CAGCI EXC1 + CAGCI EXC1<\/li>\n<li>Mortagne au Perche 2019: CAGCI EXC1 + CACE EXC1<\/li>\n<li>Paris Animal Show 2020:&nbsp; CACE EXC1<\/li>\n<li>Dammarie-les-Lys 2020: CACE EXC1 + CACE EXC1<\/li>\n<li>Mereville 2020: CACE EXC1<\/li>\n<\/ul>\nngg_shortcode_0_placeholder\n<p>&nbsp;<\/p>\n<p>&nbsp;<\/p>\n","protected":false},"excerpt":{"rendered":"<p>&nbsp; Caract\u00e9ristiques Sexe: M\u00e2le Robe: Black Silver Spotted Tabby Naissance: 15\/05\/2018 Tests: carte g\u00e9n\u00e9tique + v\u00e9rif parent\u00e9, SMA N\/N, PKDef&hellip;<\/p>\n","protected":false},"author":1,"featured_media":0,"parent":914,"menu_order":0,"comment_status":"closed","ping_status":"closed","template":"","meta":{"ngg_post_thumbnail":0,"footnotes":""},"class_list":["post-916","page","type-page","status-publish","hentry"],"_links":{"self":[{"href":"https:\/\/chatterie-clos-artemis.fr\/index.php\/wp-json\/wp\/v2\/pages\/916","targetHints":{"allow":["GET"]}}],"collection":[{"href":"https:\/\/chatterie-clos-artemis.fr\/index.php\/wp-json\/wp\/v2\/pages"}],"about":[{"href":"https:\/\/chatterie-clos-artemis.fr\/index.php\/wp-json\/wp\/v2\/types\/page"}],"author":[{"embeddable":true,"href":"https:\/\/chatterie-clos-artemis.fr\/index.php\/wp-json\/wp\/v2\/users\/1"}],"replies":[{"embeddable":true,"href":"https:\/\/chatterie-clos-artemis.fr\/index.php\/wp-json\/wp\/v2\/comments?post=916"}],"version-history":[{"count":19,"href":"https:\/\/chatterie-clos-artemis.fr\/index.php\/wp-json\/wp\/v2\/pages\/916\/revisions"}],"predecessor-version":[{"id":2366,"href":"https:\/\/chatterie-clos-artemis.fr\/index.php\/wp-json\/wp\/v2\/pages\/916\/revisions\/2366"}],"up":[{"embeddable":true,"href":"https:\/\/chatterie-clos-artemis.fr\/index.php\/wp-json\/wp\/v2\/pages\/914"}],"wp:attachment":[{"href":"https:\/\/chatterie-clos-artemis.fr\/index.php\/wp-json\/wp\/v2\/media?parent=916"}],"curies":[{"name":"wp","href":"https:\/\/api.w.org\/{rel}","templated":true}]}}