{"id":902,"date":"2018-11-19T11:12:24","date_gmt":"2018-11-19T10:12:24","guid":{"rendered":"http:\/\/elevage-clos-artemis.fr\/?page_id=902"},"modified":"2022-11-02T21:39:35","modified_gmt":"2022-11-02T20:39:35","slug":"nott-du-clos-dartemis","status":"publish","type":"page","link":"https:\/\/chatterie-clos-artemis.fr\/index.php\/elevage\/chat-des-forets-norvegiennes\/nos-femelles\/nott-du-clos-dartemis\/","title":{"rendered":"Nott du Clos d&rsquo;Art\u00e9mis"},"content":{"rendered":"<h5>Caract\u00e9ristiques<\/h5>\n<ul>\n<li>Sexe: Femelle<\/li>\n<li>Robe: Blue Silver Tortie Mackerel Tabby<\/li>\n<li>Naissance: 30\/11\/2017<\/li>\n<li><strong>Titre: Triple Championne de France<\/strong><\/li>\n<li><strong>SQR: Niveau 2 &#8211; Conforme<\/strong><\/li>\n<li><a href=\"https:\/\/pawpeds.com\/db\/?a=p&amp;id=1383835&amp;g=4&amp;p=nfo&amp;o=ajgrep\">Page Pawpeds<\/a><\/li>\n<\/ul>\n<h6><strong>R\u00e9sultats<\/strong><\/h6>\n<ul>\n<li>Paris Champerret 2018: EXC1 &nbsp;3\/6 mois &nbsp;&nbsp;<\/li>\n<li>Evreux 2018: EXC1 3\/6 mois les 2 jours<\/li>\n<li>Chartres 2018: EXC1 6\/10 mois<\/li>\n<li>Orl\u00e9ans 2018: 2 CAC, un Best Vari\u00e9t\u00e9<\/li>\n<li>Mortagne-au-Perche 2018: 1 CAC, 1 CACIB<\/li>\n<li>Ozoir-la-Ferri\u00e8re 2018: 1 CACIB<\/li>\n<li>Paris Animal Show 2019: 1 CACIB<\/li>\n<li>Amiens 2019: 1 CAGCI<\/li>\n<li>Semur en Auxois 2019: 2 CAGCI<\/li>\n<li>Chartres 2019: 1 CAGCI + 1 CACE<\/li>\n<li>Mortagne-au-Perche 2019: 1 CACE<\/li>\n<\/ul>\nngg_shortcode_0_placeholder\n","protected":false},"excerpt":{"rendered":"<p>Caract\u00e9ristiques Sexe: Femelle Robe: Blue Silver Tortie Mackerel Tabby Naissance: 30\/11\/2017 Titre: Triple Championne de France SQR: Niveau 2 &#8211;&hellip;<\/p>\n","protected":false},"author":1,"featured_media":0,"parent":138,"menu_order":0,"comment_status":"closed","ping_status":"closed","template":"","meta":{"ngg_post_thumbnail":0,"footnotes":""},"class_list":["post-902","page","type-page","status-publish","hentry"],"_links":{"self":[{"href":"https:\/\/chatterie-clos-artemis.fr\/index.php\/wp-json\/wp\/v2\/pages\/902","targetHints":{"allow":["GET"]}}],"collection":[{"href":"https:\/\/chatterie-clos-artemis.fr\/index.php\/wp-json\/wp\/v2\/pages"}],"about":[{"href":"https:\/\/chatterie-clos-artemis.fr\/index.php\/wp-json\/wp\/v2\/types\/page"}],"author":[{"embeddable":true,"href":"https:\/\/chatterie-clos-artemis.fr\/index.php\/wp-json\/wp\/v2\/users\/1"}],"replies":[{"embeddable":true,"href":"https:\/\/chatterie-clos-artemis.fr\/index.php\/wp-json\/wp\/v2\/comments?post=902"}],"version-history":[{"count":13,"href":"https:\/\/chatterie-clos-artemis.fr\/index.php\/wp-json\/wp\/v2\/pages\/902\/revisions"}],"predecessor-version":[{"id":3014,"href":"https:\/\/chatterie-clos-artemis.fr\/index.php\/wp-json\/wp\/v2\/pages\/902\/revisions\/3014"}],"up":[{"embeddable":true,"href":"https:\/\/chatterie-clos-artemis.fr\/index.php\/wp-json\/wp\/v2\/pages\/138"}],"wp:attachment":[{"href":"https:\/\/chatterie-clos-artemis.fr\/index.php\/wp-json\/wp\/v2\/media?parent=902"}],"curies":[{"name":"wp","href":"https:\/\/api.w.org\/{rel}","templated":true}]}}