{"id":857,"date":"2018-07-10T21:44:12","date_gmt":"2018-07-10T19:44:12","guid":{"rendered":"http:\/\/elevage-clos-artemis.fr\/?page_id=857"},"modified":"2026-03-31T17:18:17","modified_gmt":"2026-03-31T15:18:17","slug":"opium-du-chabeaute","status":"publish","type":"page","link":"https:\/\/chatterie-clos-artemis.fr\/index.php\/elevage\/nos-anges\/opium-du-chabeaute\/","title":{"rendered":"Opium du Chabeaut\u00e9"},"content":{"rendered":"<p>&nbsp;<\/p>\n<p>Opium est notre princesse du Chabeaut\u00e9, adorable, bavarde comme tout, et tr\u00e8s sociable. Et c&rsquo;est une tortie&#8230; ce qui veut tout dire, Mademoiselle a son petit caract\u00e8re !<\/p>\n<p>Opium nous a quitt\u00e9 le 04\/09\/2022, d&rsquo;une embolie pulmonaire foudroyante, malheureusement ind\u00e9tectable.&nbsp; Son absence nous p\u00e8se toujours&#8230;<\/p>\n<h5>Caract\u00e9ristiques<\/h5>\n<ul>\n<li>Sexe: Femelle<\/li>\n<li>Robe: Brown Tortie Blotched Tabby<\/li>\n<li>Naissance: 27\/03\/2018<\/li>\n<li>Tests: carte g\u00e9n\u00e9tique + v\u00e9rif parent\u00e9, SMA N\/N, PKDef N\/N, HCM-MC N\/N, GS N\/N + Echo coeur OK + FIV\/FELV OK<\/li>\n<li><strong>Titre: Quadruple Championne de France<\/strong><\/li>\n<li><strong>SQR: Niveau 4 &#8211; Recommand\u00e9e<\/strong><\/li>\n<li><a href=\"https:\/\/pawpeds.com\/db\/?a=p&amp;id=1404254&amp;g=4&amp;p=mco&amp;date=iso&amp;o=ajgrep\">Page Pawpeds<\/a><\/li>\n<\/ul>\n<h6><strong>R\u00e9sultats<\/strong><\/h6>\n<ul>\n<li>Chartres 2018: EXC1 3\/6 mois et <strong>Best Vari\u00e9t\u00e9<\/strong><\/li>\n<li>Orl\u00e9ans 2018: EXC2 6\/10 mois les 2 jours, grosse concurrence !<\/li>\n<li>Douai 2018: EXC1 6\/10 mois<\/li>\n<li>Mortagne-au-Perche 2018: EXC1 6\/10 mois, 7e sur 54 chatons sur le ring 6\/10 mois, <strong>Best Vari\u00e9t\u00e9<\/strong><\/li>\n<li>Ozoir-la-Ferri\u00e8re 2018: EXC2 6\/10 mois<\/li>\n<li>Paris Animal Show 2019: EXC1 6\/10 mois les 2 jours + <strong>Best Vari\u00e9t\u00e9<\/strong> les 2 jours + <strong>Nomin\u00e9e Best in Show<\/strong><\/li>\n<li>Amiens 2019: CAC EXC1, <strong>Best In Show<\/strong><\/li>\n<li>Cambrai 2019: CAC EXC1<\/li>\n<li>Dammarie-Les-Lys 2019: CAC EXC1 + CACIB EXC1<\/li>\n<li>Semur-en-Auxois 2019: CACIB EXC1 + <strong>Best Vari\u00e9t\u00e9<\/strong> + <strong>Nomin\u00e9e Best in Show<\/strong>, dimanche: CACIB EXC1 + <strong>Nomin\u00e9e Best in Show<\/strong><\/li>\n<li>Paris Champerret 2019: CAGCI EXC1 + CAGCI EXC1<\/li>\n<li>Evreux 2019: CAGCI EXC1<\/li>\n<li>Compi\u00e8gne 2019: CAGCI EXC1<\/li>\n<li>Mortagne au Perche 2019: CACE EXC1 + CACE EXC1 + <strong>Best Vari\u00e9t\u00e9<\/strong> le dimanche<\/li>\n<li>Paris Animal Show 2020: CACE EXC1 les 2 jours<\/li>\n<li>Ozoir-la-Ferri\u00e8re 2020: CACE EXC1<\/li>\n<\/ul>\nngg_shortcode_0_placeholder\n<p>&nbsp;<\/p>\n<p>&nbsp;<\/p>\n","protected":false},"excerpt":{"rendered":"<p>&nbsp; Opium est notre princesse du Chabeaut\u00e9, adorable, bavarde comme tout, et tr\u00e8s sociable. Et c&rsquo;est une tortie&#8230; ce qui&hellip;<\/p>\n","protected":false},"author":1,"featured_media":0,"parent":2950,"menu_order":0,"comment_status":"closed","ping_status":"closed","template":"","meta":{"ngg_post_thumbnail":0,"footnotes":""},"class_list":["post-857","page","type-page","status-publish","hentry"],"_links":{"self":[{"href":"https:\/\/chatterie-clos-artemis.fr\/index.php\/wp-json\/wp\/v2\/pages\/857","targetHints":{"allow":["GET"]}}],"collection":[{"href":"https:\/\/chatterie-clos-artemis.fr\/index.php\/wp-json\/wp\/v2\/pages"}],"about":[{"href":"https:\/\/chatterie-clos-artemis.fr\/index.php\/wp-json\/wp\/v2\/types\/page"}],"author":[{"embeddable":true,"href":"https:\/\/chatterie-clos-artemis.fr\/index.php\/wp-json\/wp\/v2\/users\/1"}],"replies":[{"embeddable":true,"href":"https:\/\/chatterie-clos-artemis.fr\/index.php\/wp-json\/wp\/v2\/comments?post=857"}],"version-history":[{"count":23,"href":"https:\/\/chatterie-clos-artemis.fr\/index.php\/wp-json\/wp\/v2\/pages\/857\/revisions"}],"predecessor-version":[{"id":2953,"href":"https:\/\/chatterie-clos-artemis.fr\/index.php\/wp-json\/wp\/v2\/pages\/857\/revisions\/2953"}],"up":[{"embeddable":true,"href":"https:\/\/chatterie-clos-artemis.fr\/index.php\/wp-json\/wp\/v2\/pages\/2950"}],"wp:attachment":[{"href":"https:\/\/chatterie-clos-artemis.fr\/index.php\/wp-json\/wp\/v2\/media?parent=857"}],"curies":[{"name":"wp","href":"https:\/\/api.w.org\/{rel}","templated":true}]}}