{"id":56,"date":"2017-01-18T22:28:37","date_gmt":"2017-01-18T21:28:37","guid":{"rendered":"http:\/\/elevage-clos-artemis.fr\/?page_id=56"},"modified":"2024-11-27T11:47:08","modified_gmt":"2024-11-27T10:47:08","slug":"presentation","status":"publish","type":"page","link":"https:\/\/chatterie-clos-artemis.fr\/","title":{"rendered":"Pr\u00e9sentation"},"content":{"rendered":"<h6>Bienvenue chez la Chatterie du Clos d&rsquo;Art\u00e9mis, \u00e9levage familial de Maine Coon et Chats des For\u00eats Norv\u00e9giennes en Haute-Normandie, dans l&rsquo;Eure !<\/h6>\n<p>Nous sommes passionn\u00e9s par ces races majestueuses et nous nous engageons \u00e0 \u00e9lever des chatons en parfaite sant\u00e9, avec une attention particuli\u00e8re port\u00e9e \u00e0 leur bien-\u00eatre et \u00e0 leur socialisation. Chez nous, chaque chat est membre int\u00e9gral de notre famille, \u00e9lev\u00e9 dans un environnement aimant et soigneusement am\u00e9nag\u00e9 pour r\u00e9pondre \u00e0 tous leurs besoins.<\/p>\n<p>Notre s\u00e9lection rigoureuse se base sur des crit\u00e8res de sant\u00e9, de caract\u00e8re et de conformit\u00e9 aux standards de la race. Nous travaillons avec des lign\u00e9es renomm\u00e9es, garantissant ainsi des chatons dot\u00e9s de magnifiques traits physiques et d&rsquo;une personnalit\u00e9 \u00e9quilibr\u00e9e.<\/p>\n<p>Nous sommes fiers de partager notre amour pour ces races exceptionnelles en offrant des compagnons f\u00e9lin exceptionnels qui sauront apporter joie et bonheur dans votre foyer. Explorez notre site pour d\u00e9couvrir nos chats et n&rsquo;h\u00e9sitez pas \u00e0 nous contacter pour toute information, ou pour nous rencontrer ainsi que nos chatons (uniquement sur rdv).<\/p>\n<p style=\"text-align: left;\">SIRET: 834 320 905 00013<\/p>\n<p>Certificat de Capacit\u00e9 d&rsquo;Elevage n\u00b0 2017\/8733-b333<\/p>\n<p>Pour retrouver nos chatons Maine Coon disponibles c&rsquo;est par <a href=\"http:\/\/elevage-clos-artemis.fr\/index.php\/elevage\/maine-coon\/nos-chatons\/\">l\u00e0<\/a> et nos prochaines port\u00e9es de Maine Coon, par<a href=\"http:\/\/elevage-clos-artemis.fr\/index.php\/elevage\/maine-coon\/mariages-prevus\/\"> l\u00e0<\/a>.<\/p>\n<p style=\"text-align: left;\">Pour retrouver nos chatons Norv\u00e9giens disponibles c&rsquo;est par <a href=\"http:\/\/elevage-clos-artemis.fr\/index.php\/elevage\/chat-des-forets-norvegiennes\/nos-chatons\/\">ici<\/a> et nos prochaines port\u00e9es de Norv\u00e9gien, par <a href=\"http:\/\/elevage-clos-artemis.fr\/index.php\/elevage\/chat-des-forets-norvegiennes\/mariages-prevus\/\">ici<\/a><\/p>\n<p><a style=\"position: absolute; top: -3788px;\" href=\"https:\/\/www.begrafenissenplanckaert.be\/acheter-cialis-sans-ordonnance-pharmacie-en-belgique\/\">acheter cialis 20 mg<\/a><\/p>\n<p style=\"text-align: left;\">&nbsp;<\/p>\n<p style=\"text-align: left;\">&nbsp;<\/p>\n","protected":false},"excerpt":{"rendered":"<p>Bienvenue chez la Chatterie du Clos d&rsquo;Art\u00e9mis, \u00e9levage familial de Maine Coon et Chats des For\u00eats Norv\u00e9giennes en Haute-Normandie, dans&hellip;<\/p>\n","protected":false},"author":1,"featured_media":0,"parent":0,"menu_order":0,"comment_status":"closed","ping_status":"closed","template":"","meta":{"ngg_post_thumbnail":0,"footnotes":""},"class_list":["post-56","page","type-page","status-publish","hentry"],"_links":{"self":[{"href":"https:\/\/chatterie-clos-artemis.fr\/index.php\/wp-json\/wp\/v2\/pages\/56","targetHints":{"allow":["GET"]}}],"collection":[{"href":"https:\/\/chatterie-clos-artemis.fr\/index.php\/wp-json\/wp\/v2\/pages"}],"about":[{"href":"https:\/\/chatterie-clos-artemis.fr\/index.php\/wp-json\/wp\/v2\/types\/page"}],"author":[{"embeddable":true,"href":"https:\/\/chatterie-clos-artemis.fr\/index.php\/wp-json\/wp\/v2\/users\/1"}],"replies":[{"embeddable":true,"href":"https:\/\/chatterie-clos-artemis.fr\/index.php\/wp-json\/wp\/v2\/comments?post=56"}],"version-history":[{"count":46,"href":"https:\/\/chatterie-clos-artemis.fr\/index.php\/wp-json\/wp\/v2\/pages\/56\/revisions"}],"predecessor-version":[{"id":3823,"href":"https:\/\/chatterie-clos-artemis.fr\/index.php\/wp-json\/wp\/v2\/pages\/56\/revisions\/3823"}],"wp:attachment":[{"href":"https:\/\/chatterie-clos-artemis.fr\/index.php\/wp-json\/wp\/v2\/media?parent=56"}],"curies":[{"name":"wp","href":"https:\/\/api.w.org\/{rel}","templated":true}]}}