{"id":4249,"date":"2026-04-20T16:28:11","date_gmt":"2026-04-20T14:28:11","guid":{"rendered":"https:\/\/chatterie-clos-artemis.fr\/?page_id=4249"},"modified":"2026-04-20T16:28:11","modified_gmt":"2026-04-20T14:28:11","slug":"punk-rehoboam","status":"publish","type":"page","link":"https:\/\/chatterie-clos-artemis.fr\/index.php\/elevage\/maine-coon\/nos-chatons\/punk-rehoboam\/","title":{"rendered":"Punk &#8211; R\u00e9hoboam"},"content":{"rendered":"\r\n<p style=\"text-align: center;\"><strong>Punk du Clos d&rsquo;Art\u00e9mis &amp; R\u00e9hoboam du Clos d&rsquo;Art\u00e9mis<\/strong><\/p>\r\n\r\n<p style=\"text-align: center;\"><strong>Maine Coon<\/strong><\/p>\r\n\r\n<p style=\"text-align: center;\">4 chatons n\u00e9s le 04\/04\/2026<\/p>\r\n&nbsp;\r\n<p style=\"text-align: center;\"><strong>Baelon &#8211; M\u00e2le Black Silver Mackerel Tabby &#8211; <span style=\"color: #339966;\">DISPONIBLE<\/span><\/strong><\/p>\r\n\r\nngg_shortcode_0_placeholder\r\n<p style=\"text-align: center;\"><strong>Baelor &#8211; M\u00e2le Black &#8211; <span style=\"color: #339966;\">DISPONIBLE<\/span><\/strong><\/p>\r\n\r\nngg_shortcode_1_placeholder\r\n<p style=\"text-align: center;\"><strong>Balerion &#8211; M\u00e2le Black Smoke &#8211; <span style=\"color: #339966;\">DISPONIBLE<\/span><\/strong><\/p>\r\n\r\nngg_shortcode_2_placeholder\r\n<p style=\"text-align: center;\"><strong>Baela &#8211; Femelle Black Silver Mackerel Tabby &#8211; <span style=\"color: #ff9900;\">OPTION<\/span><\/strong><\/p>\r\n\r\nngg_shortcode_3_placeholder\r\n<p style=\"text-align: center;\">P\u00e8re: <a href=\"https:\/\/elevage-clos-artemis.fr\/index.php\/elevage\/maine-coon\/nos-males\/rehoboam-du-clos-dartemis\/\">R\u00e9hoboam du Clos d&rsquo;Art\u00e9mis<\/a> &#8211; Blue Mackerel Tabby &#8211; SQR2<\/p>\r\n\r\nngg_shortcode_4_placeholder\r\n<p style=\"text-align: center;\">M\u00e8re:Punk du Clos d&rsquo;Art\u00e9mis &#8211; Black Smoke &#8211; Triple Championne de France &#8211; SQR4<\/p>\r\n\r\nngg_shortcode_5_placeholder","protected":false},"excerpt":{"rendered":"<p>Punk du Clos d&rsquo;Art\u00e9mis &amp; R\u00e9hoboam du Clos d&rsquo;Art\u00e9mis Maine Coon 4 chatons n\u00e9s le 04\/04\/2026 &nbsp; Baelon &#8211; M\u00e2le&hellip;<\/p>\n","protected":false},"author":1,"featured_media":0,"parent":186,"menu_order":0,"comment_status":"closed","ping_status":"closed","template":"","meta":{"ngg_post_thumbnail":0,"footnotes":""},"class_list":["post-4249","page","type-page","status-publish","hentry"],"_links":{"self":[{"href":"https:\/\/chatterie-clos-artemis.fr\/index.php\/wp-json\/wp\/v2\/pages\/4249","targetHints":{"allow":["GET"]}}],"collection":[{"href":"https:\/\/chatterie-clos-artemis.fr\/index.php\/wp-json\/wp\/v2\/pages"}],"about":[{"href":"https:\/\/chatterie-clos-artemis.fr\/index.php\/wp-json\/wp\/v2\/types\/page"}],"author":[{"embeddable":true,"href":"https:\/\/chatterie-clos-artemis.fr\/index.php\/wp-json\/wp\/v2\/users\/1"}],"replies":[{"embeddable":true,"href":"https:\/\/chatterie-clos-artemis.fr\/index.php\/wp-json\/wp\/v2\/comments?post=4249"}],"version-history":[{"count":1,"href":"https:\/\/chatterie-clos-artemis.fr\/index.php\/wp-json\/wp\/v2\/pages\/4249\/revisions"}],"predecessor-version":[{"id":4268,"href":"https:\/\/chatterie-clos-artemis.fr\/index.php\/wp-json\/wp\/v2\/pages\/4249\/revisions\/4268"}],"up":[{"embeddable":true,"href":"https:\/\/chatterie-clos-artemis.fr\/index.php\/wp-json\/wp\/v2\/pages\/186"}],"wp:attachment":[{"href":"https:\/\/chatterie-clos-artemis.fr\/index.php\/wp-json\/wp\/v2\/media?parent=4249"}],"curies":[{"name":"wp","href":"https:\/\/api.w.org\/{rel}","templated":true}]}}