{"id":4197,"date":"2026-03-31T17:12:10","date_gmt":"2026-03-31T15:12:10","guid":{"rendered":"https:\/\/chatterie-clos-artemis.fr\/?page_id=4197"},"modified":"2026-05-13T15:54:01","modified_gmt":"2026-05-13T13:54:01","slug":"iguana-rehoboam-2026","status":"publish","type":"page","link":"https:\/\/chatterie-clos-artemis.fr\/index.php\/elevage\/maine-coon\/nos-chatons\/iguana-rehoboam-2026\/","title":{"rendered":"Iguana &#8211; R\u00e9hoboam 2026"},"content":{"rendered":"\r\n<p style=\"text-align: center;\"><strong>Unicum Iguana &amp; R\u00e9hoboam du Clos d&rsquo;Art\u00e9mis<\/strong><\/p>\r\n\r\n\r\n\r\n<p style=\"text-align: center;\"><strong>Maine Coon<\/strong><\/p>\r\n\r\n\r\n\r\n<p style=\"text-align: center;\">4 chatons n\u00e9s le 06\/03\/2026<\/p>\r\n<p><img loading=\"lazy\" decoding=\"async\" class=\"aligncenter wp-image-4247 size-large\" src=\"https:\/\/chatterie-clos-artemis.fr\/wp-content\/uploads\/2026\/04\/IMG_3189-2-1024x683.jpg\" alt=\"\" width=\"688\" height=\"459\" srcset=\"https:\/\/chatterie-clos-artemis.fr\/wp-content\/uploads\/2026\/04\/IMG_3189-2-1024x683.jpg 1024w, https:\/\/chatterie-clos-artemis.fr\/wp-content\/uploads\/2026\/04\/IMG_3189-2-300x200.jpg 300w, https:\/\/chatterie-clos-artemis.fr\/wp-content\/uploads\/2026\/04\/IMG_3189-2-768x512.jpg 768w, https:\/\/chatterie-clos-artemis.fr\/wp-content\/uploads\/2026\/04\/IMG_3189-2-1536x1024.jpg 1536w, https:\/\/chatterie-clos-artemis.fr\/wp-content\/uploads\/2026\/04\/IMG_3189-2-1600x1066.jpg 1600w, https:\/\/chatterie-clos-artemis.fr\/wp-content\/uploads\/2026\/04\/IMG_3189-2.jpg 2048w\" sizes=\"auto, (max-width: 688px) 100vw, 688px\" \/><\/p>\r\n<p>&nbsp;<\/p>\r\n<p style=\"text-align: center;\"><strong>Barya &#8211; Femelle Brown Tortie Ticked Tabby &#8211; <span style=\"color: #99cc00;\">DISPONIBLE<\/span><\/strong><\/p>\r\nngg_shortcode_0_placeholder\r\n<p style=\"text-align: center;\"><strong>Buddy &#8211; M\u00e2le Red Ticked Tabby &#8211; <span style=\"color: #ff0000;\">RESERVE<\/span><\/strong><\/p>\r\nngg_shortcode_1_placeholder\r\n<p style=\"text-align: center;\"><strong>Bixy &#8211; Femelle Brown Tortie Ticked Tabby &#8211; <span style=\"color: #ff0000;\">RESERVEE<\/span><\/strong><\/p>\r\nngg_shortcode_2_placeholder\r\n<p style=\"text-align: center;\"><strong>Belladone &#8211; Femelle Brown Tortie Mackerel Tabby &#8211; <span style=\"color: #ff0000;\">RESERVEE<\/span><\/strong><\/p>\r\nngg_shortcode_3_placeholder\r\n<p style=\"text-align: center;\">P\u00e8re: <a href=\"https:\/\/elevage-clos-artemis.fr\/index.php\/elevage\/maine-coon\/nos-males\/rehoboam-du-clos-dartemis\/\">R\u00e9hoboam du Clos d&rsquo;Art\u00e9mis<\/a> &#8211; Blue Mackerel Tabby &#8211; SQR2<\/p>\r\nngg_shortcode_4_placeholder\r\n\r\n\r\n\r\n\r\n\r\n\r\n\r\n<p style=\"text-align: center;\">M\u00e8re:<a href=\"https:\/\/elevage-clos-artemis.fr\/index.php\/elevage\/maine-coon\/nos-femelles\/unicum-iguana\/\">Unicum Iguana<\/a> &#8211; Red Ticked Tabby &#8211; Quintuple Championne de France &#8211; SQR4<\/p>\r\nngg_shortcode_5_placeholder\r\n","protected":false},"excerpt":{"rendered":"<p>Unicum Iguana &amp; R\u00e9hoboam du Clos d&rsquo;Art\u00e9mis Maine Coon 4 chatons n\u00e9s le 06\/03\/2026 &nbsp; Barya &#8211; Femelle Brown Tortie&hellip;<\/p>\n","protected":false},"author":1,"featured_media":0,"parent":186,"menu_order":0,"comment_status":"closed","ping_status":"closed","template":"","meta":{"ngg_post_thumbnail":0,"footnotes":""},"class_list":["post-4197","page","type-page","status-publish","hentry"],"_links":{"self":[{"href":"https:\/\/chatterie-clos-artemis.fr\/index.php\/wp-json\/wp\/v2\/pages\/4197","targetHints":{"allow":["GET"]}}],"collection":[{"href":"https:\/\/chatterie-clos-artemis.fr\/index.php\/wp-json\/wp\/v2\/pages"}],"about":[{"href":"https:\/\/chatterie-clos-artemis.fr\/index.php\/wp-json\/wp\/v2\/types\/page"}],"author":[{"embeddable":true,"href":"https:\/\/chatterie-clos-artemis.fr\/index.php\/wp-json\/wp\/v2\/users\/1"}],"replies":[{"embeddable":true,"href":"https:\/\/chatterie-clos-artemis.fr\/index.php\/wp-json\/wp\/v2\/comments?post=4197"}],"version-history":[{"count":6,"href":"https:\/\/chatterie-clos-artemis.fr\/index.php\/wp-json\/wp\/v2\/pages\/4197\/revisions"}],"predecessor-version":[{"id":4277,"href":"https:\/\/chatterie-clos-artemis.fr\/index.php\/wp-json\/wp\/v2\/pages\/4197\/revisions\/4277"}],"up":[{"embeddable":true,"href":"https:\/\/chatterie-clos-artemis.fr\/index.php\/wp-json\/wp\/v2\/pages\/186"}],"wp:attachment":[{"href":"https:\/\/chatterie-clos-artemis.fr\/index.php\/wp-json\/wp\/v2\/media?parent=4197"}],"curies":[{"name":"wp","href":"https:\/\/api.w.org\/{rel}","templated":true}]}}