{"id":4035,"date":"2025-05-24T17:50:48","date_gmt":"2025-05-24T15:50:48","guid":{"rendered":"https:\/\/chatterie-clos-artemis.fr\/?page_id=4035"},"modified":"2025-09-17T17:24:07","modified_gmt":"2025-09-17T15:24:07","slug":"supersonic-rehoboam","status":"publish","type":"page","link":"https:\/\/chatterie-clos-artemis.fr\/index.php\/elevage\/maine-coon\/nos-chatons\/supersonic-rehoboam\/","title":{"rendered":"Supersonic &#8211; R\u00e9hoboam"},"content":{"rendered":"\r\n<p style=\"text-align: center;\"><strong>Supersonic du Clos d&rsquo;Art\u00e9mis &amp; R\u00e9hoboam du Clos d&rsquo;Art\u00e9mis<\/strong><\/p>\r\n\r\n\r\n\r\n<p style=\"text-align: center;\"><strong>Maine Coon<\/strong><\/p>\r\n\r\n\r\n\r\n<p style=\"text-align: center;\">7 chatons n\u00e9s le 20\/05\/2025 : <em>\u00ab\u00a0Au Clair Obscur\u00a0\u00bb<\/em><\/p>\r\n<p>&nbsp;<\/p>\r\n<p style=\"text-align: center;\"><b>Alicia &#8211; Femelle Black Silver Tabby &#8211; <span style=\"color: #ff0000;\">RESERVEE<\/span><\/b><\/p>\r\nngg_shortcode_0_placeholder\r\n<p style=\"text-align: center;\"><b>Aline &#8211; Femelle Black Silver Tabby &#8211; <span style=\"color: #ff0000;\">RESERVEE<\/span><\/b><\/p>\r\nngg_shortcode_1_placeholder\r\n<p style=\"text-align: center;\"><b>Cl\u00e9a &#8211; Femelle Brown Tabby &#8211; <span style=\"color: #ff0000;\">RESERVEE<\/span><\/b><\/p>\r\nngg_shortcode_2_placeholder\r\n<p style=\"text-align: center;\"><b>Noco &#8211; M\u00e2le Brown Tabby &#8211; <span style=\"color: #ff0000;\">RESERVE<\/span><\/b><\/p>\r\nngg_shortcode_3_placeholder\r\n<p style=\"text-align: center;\"><b>Renoir &#8211; M\u00e2le Black &#8211; <span style=\"color: #ff0000;\">RESERVE<\/span><\/b><\/p>\r\nngg_shortcode_4_placeholder\r\n<p style=\"text-align: center;\"><b>Verso &#8211; M\u00e2le Red Silver Mackerel Tabby &#8211; <span style=\"color: #ff0000;\">RESERVE<\/span><\/b><\/p>\r\nngg_shortcode_5_placeholder\r\n<p style=\"text-align: center;\"><b>Monoco &#8211; M\u00e2le Red Tabby &#8211; <span style=\"color: #ff0000;\">RESERVE<\/span><\/b><\/p>\r\nngg_shortcode_6_placeholder\r\n<p>&nbsp;<\/p>\r\n<p style=\"text-align: center;\">P\u00e8re: R\u00e9hoboam du Clos d&rsquo;Art\u00e9mis &#8211; Blue Mackerel Tabby<\/p>\r\nngg_shortcode_7_placeholder\r\n\r\n\r\n\r\n\r\n\r\n\r\n\r\n<p style=\"text-align: center;\">M\u00e8re: Supersonic du Clos d&rsquo;Art\u00e9mis &#8211; Black Tortie Smoke<\/p>\r\nngg_shortcode_8_placeholder\r\n","protected":false},"excerpt":{"rendered":"<p>Supersonic du Clos d&rsquo;Art\u00e9mis &amp; R\u00e9hoboam du Clos d&rsquo;Art\u00e9mis Maine Coon 7 chatons n\u00e9s le 20\/05\/2025 : \u00ab\u00a0Au Clair Obscur\u00a0\u00bb&hellip;<\/p>\n","protected":false},"author":1,"featured_media":0,"parent":186,"menu_order":0,"comment_status":"closed","ping_status":"closed","template":"","meta":{"ngg_post_thumbnail":0,"footnotes":""},"class_list":["post-4035","page","type-page","status-publish","hentry"],"_links":{"self":[{"href":"https:\/\/chatterie-clos-artemis.fr\/index.php\/wp-json\/wp\/v2\/pages\/4035","targetHints":{"allow":["GET"]}}],"collection":[{"href":"https:\/\/chatterie-clos-artemis.fr\/index.php\/wp-json\/wp\/v2\/pages"}],"about":[{"href":"https:\/\/chatterie-clos-artemis.fr\/index.php\/wp-json\/wp\/v2\/types\/page"}],"author":[{"embeddable":true,"href":"https:\/\/chatterie-clos-artemis.fr\/index.php\/wp-json\/wp\/v2\/users\/1"}],"replies":[{"embeddable":true,"href":"https:\/\/chatterie-clos-artemis.fr\/index.php\/wp-json\/wp\/v2\/comments?post=4035"}],"version-history":[{"count":12,"href":"https:\/\/chatterie-clos-artemis.fr\/index.php\/wp-json\/wp\/v2\/pages\/4035\/revisions"}],"predecessor-version":[{"id":4111,"href":"https:\/\/chatterie-clos-artemis.fr\/index.php\/wp-json\/wp\/v2\/pages\/4035\/revisions\/4111"}],"up":[{"embeddable":true,"href":"https:\/\/chatterie-clos-artemis.fr\/index.php\/wp-json\/wp\/v2\/pages\/186"}],"wp:attachment":[{"href":"https:\/\/chatterie-clos-artemis.fr\/index.php\/wp-json\/wp\/v2\/media?parent=4035"}],"curies":[{"name":"wp","href":"https:\/\/api.w.org\/{rel}","templated":true}]}}