{"id":3957,"date":"2025-04-30T13:15:59","date_gmt":"2025-04-30T11:15:59","guid":{"rendered":"https:\/\/chatterie-clos-artemis.fr\/?page_id=3957"},"modified":"2025-06-30T10:26:47","modified_gmt":"2025-06-30T08:26:47","slug":"punk-usopp","status":"publish","type":"page","link":"https:\/\/chatterie-clos-artemis.fr\/index.php\/elevage\/maine-coon\/nos-chatons\/punk-usopp\/","title":{"rendered":"Punk &#8211; Usopp"},"content":{"rendered":"\r\n<p style=\"text-align: center;\"><strong>Punk du Clos d&rsquo;Art\u00e9mis &amp; Usopp du Clos d&rsquo;Art\u00e9mis<\/strong><\/p>\r\n\r\n\r\n\r\n<p style=\"text-align: center;\"><strong>Maine Coon<\/strong><\/p>\r\n\r\n\r\n\r\n<p style=\"text-align: center;\">5 chatons n\u00e9s le 15\/04\/2025<\/p>\r\n<p>&nbsp;<\/p>\r\n<p style=\"text-align: center;\"><b>Amanite &#8211; Femelle Black Smoke &#8211; <span style=\"color: #ff0000;\">RESERVEE<\/span><\/b><\/p>\r\nngg_shortcode_0_placeholder\r\n<p style=\"text-align: center;\">&nbsp;<\/p>\r\n<p style=\"text-align: center;\"><b>Aconit &#8211; Femelle Black Tortie Smoke &#8211; <span style=\"color: #ff0000;\">RESERVEE<\/span><\/b><\/p>\r\nngg_shortcode_1_placeholder\r\n<p style=\"text-align: center;\"><b>Arsenic &#8211; Femelle Black Tortie et Blanc &#8211; <span style=\"color: #ff0000;\">RESTE A LA CHATTERIE<\/span><\/b><\/p>\r\nngg_shortcode_2_placeholder\r\n<p style=\"text-align: center;\"><b>Absinthe &#8211; Femelle Black Tortie et Blanc &#8211; <span style=\"color: #ff0000;\">RESERVEE<\/span><\/b><\/p>\r\nngg_shortcode_3_placeholder\r\n<p style=\"text-align: center;\"><b>Alchimiste &#8211; Male Black &#8211; <span style=\"color: #ff0000;\">RESERVE<\/span><\/b><\/p>\r\nngg_shortcode_4_placeholder\r\n<p>&nbsp;<\/p>\r\n<p style=\"text-align: center;\">P\u00e8re: Usopp du Clos d&rsquo;Art\u00e9mis &#8211; Red Bloched Tabby et Blanc<\/p>\r\n\r\n\r\n\r\n\r\n\r\n\r\n\r\n<p style=\"text-align: center;\">M\u00e8re:Punk du Clos d&rsquo;Art\u00e9mis &#8211; Black Smoke&nbsp;&#8211; Double Championne de France &#8211; SQR4<\/p>\r\nngg_shortcode_5_placeholder\r\n","protected":false},"excerpt":{"rendered":"<p>Punk du Clos d&rsquo;Art\u00e9mis &amp; Usopp du Clos d&rsquo;Art\u00e9mis Maine Coon 5 chatons n\u00e9s le 15\/04\/2025 &nbsp; Amanite &#8211; Femelle&hellip;<\/p>\n","protected":false},"author":1,"featured_media":0,"parent":186,"menu_order":0,"comment_status":"closed","ping_status":"closed","template":"","meta":{"ngg_post_thumbnail":0,"footnotes":""},"class_list":["post-3957","page","type-page","status-publish","hentry"],"_links":{"self":[{"href":"https:\/\/chatterie-clos-artemis.fr\/index.php\/wp-json\/wp\/v2\/pages\/3957","targetHints":{"allow":["GET"]}}],"collection":[{"href":"https:\/\/chatterie-clos-artemis.fr\/index.php\/wp-json\/wp\/v2\/pages"}],"about":[{"href":"https:\/\/chatterie-clos-artemis.fr\/index.php\/wp-json\/wp\/v2\/types\/page"}],"author":[{"embeddable":true,"href":"https:\/\/chatterie-clos-artemis.fr\/index.php\/wp-json\/wp\/v2\/users\/1"}],"replies":[{"embeddable":true,"href":"https:\/\/chatterie-clos-artemis.fr\/index.php\/wp-json\/wp\/v2\/comments?post=3957"}],"version-history":[{"count":10,"href":"https:\/\/chatterie-clos-artemis.fr\/index.php\/wp-json\/wp\/v2\/pages\/3957\/revisions"}],"predecessor-version":[{"id":4102,"href":"https:\/\/chatterie-clos-artemis.fr\/index.php\/wp-json\/wp\/v2\/pages\/3957\/revisions\/4102"}],"up":[{"embeddable":true,"href":"https:\/\/chatterie-clos-artemis.fr\/index.php\/wp-json\/wp\/v2\/pages\/186"}],"wp:attachment":[{"href":"https:\/\/chatterie-clos-artemis.fr\/index.php\/wp-json\/wp\/v2\/media?parent=3957"}],"curies":[{"name":"wp","href":"https:\/\/api.w.org\/{rel}","templated":true}]}}