{"id":3648,"date":"2024-03-13T12:40:01","date_gmt":"2024-03-13T11:40:01","guid":{"rendered":"https:\/\/elevage-clos-artemis.fr\/?page_id=3648"},"modified":"2024-05-29T09:54:29","modified_gmt":"2024-05-29T07:54:29","slug":"touraine-rehoboam","status":"publish","type":"page","link":"https:\/\/chatterie-clos-artemis.fr\/index.php\/elevage\/maine-coon\/nos-chatons\/touraine-rehoboam\/","title":{"rendered":"Touraine &#8211; R\u00e9hoboam"},"content":{"rendered":"\r\n<p style=\"text-align: center;\"><strong>Touraine-Amboise du Clos d&rsquo;Art\u00e9mis &amp; R\u00e9hoboam du Clos d&rsquo;Art\u00e9mis<\/strong><\/p>\r\n\r\n\r\n\r\n<p style=\"text-align: center;\"><strong>Maine Coon<\/strong><\/p>\r\n\r\n\r\n\r\n<p style=\"text-align: center;\">5 chatons n\u00e9s le 03\/03\/2024<\/p>\r\n<p>&nbsp;<\/p>\r\n<p style=\"text-align: center;\"><strong>Volt &#8211; M\u00e2le Red Blotched Tabby &#8211; <span style=\"color: #ff0000;\">R\u00e9serv\u00e9<\/span><\/strong><\/p>\r\nngg_shortcode_0_placeholder\r\n<p style=\"text-align: center;\"><strong>Vaiana &#8211; Femelle Brown Tortie Tabby &#8211; <span style=\"color: #ff0000;\">RESERVEE<\/span><\/strong><\/p>\r\nngg_shortcode_1_placeholder\r\n<p style=\"text-align: center;\"><strong>Vitani &#8211; Femelle Brown Tortie Tabby &#8211; <span style=\"color: #ff0000;\">RESERVEE<\/span><\/strong><\/p>\r\nngg_shortcode_2_placeholder\r\n<p style=\"text-align: center;\"><strong>Vixy &#8211; Femelle Brown Tortie Tabby &#8211; <span style=\"color: #339966;\">DISPONIBLE<\/span><\/strong><\/p>\r\nngg_shortcode_3_placeholder\r\n<p style=\"text-align: center;\"><strong>Vanellope &#8211; Femelle Brown Tortie Tabby &#8211; <span style=\"color: #ff0000;\">R\u00e9serv\u00e9e<\/span><\/strong><\/p>\r\nngg_shortcode_4_placeholder\r\n<p style=\"text-align: center;\">&nbsp;<\/p>\r\n<p>&nbsp;<\/p>\r\n<p style=\"text-align: center;\">P\u00e8re: <a href=\"https:\/\/elevage-clos-artemis.fr\/index.php\/elevage\/maine-coon\/nos-males\/rehoboam-du-clos-dartemis\/\">R\u00e9hoboam du Clos d&rsquo;Art\u00e9mis<\/a> &#8211; Blue Mackerel Tabby &#8211; SQR2<\/p>\r\nngg_shortcode_5_placeholder\r\n\r\n\r\n\r\n\r\n\r\n\r\n\r\n<p style=\"text-align: center;\">M\u00e8re: Touraine-Amboise du Clos d&rsquo;Art\u00e9mis &#8211; Red Ticked Tabby &#8211; Championne de France &#8211; SQR1<\/p>\r\nngg_shortcode_6_placeholder\r\n","protected":false},"excerpt":{"rendered":"<p>Touraine-Amboise du Clos d&rsquo;Art\u00e9mis &amp; R\u00e9hoboam du Clos d&rsquo;Art\u00e9mis Maine Coon 5 chatons n\u00e9s le 03\/03\/2024 &nbsp; Volt &#8211; M\u00e2le&hellip;<\/p>\n","protected":false},"author":1,"featured_media":0,"parent":186,"menu_order":0,"comment_status":"closed","ping_status":"closed","template":"","meta":{"ngg_post_thumbnail":0,"footnotes":""},"class_list":["post-3648","page","type-page","status-publish","hentry"],"_links":{"self":[{"href":"https:\/\/chatterie-clos-artemis.fr\/index.php\/wp-json\/wp\/v2\/pages\/3648","targetHints":{"allow":["GET"]}}],"collection":[{"href":"https:\/\/chatterie-clos-artemis.fr\/index.php\/wp-json\/wp\/v2\/pages"}],"about":[{"href":"https:\/\/chatterie-clos-artemis.fr\/index.php\/wp-json\/wp\/v2\/types\/page"}],"author":[{"embeddable":true,"href":"https:\/\/chatterie-clos-artemis.fr\/index.php\/wp-json\/wp\/v2\/users\/1"}],"replies":[{"embeddable":true,"href":"https:\/\/chatterie-clos-artemis.fr\/index.php\/wp-json\/wp\/v2\/comments?post=3648"}],"version-history":[{"count":14,"href":"https:\/\/chatterie-clos-artemis.fr\/index.php\/wp-json\/wp\/v2\/pages\/3648\/revisions"}],"predecessor-version":[{"id":3781,"href":"https:\/\/chatterie-clos-artemis.fr\/index.php\/wp-json\/wp\/v2\/pages\/3648\/revisions\/3781"}],"up":[{"embeddable":true,"href":"https:\/\/chatterie-clos-artemis.fr\/index.php\/wp-json\/wp\/v2\/pages\/186"}],"wp:attachment":[{"href":"https:\/\/chatterie-clos-artemis.fr\/index.php\/wp-json\/wp\/v2\/media?parent=3648"}],"curies":[{"name":"wp","href":"https:\/\/api.w.org\/{rel}","templated":true}]}}