{"id":3540,"date":"2024-02-28T10:39:40","date_gmt":"2024-02-28T09:39:40","guid":{"rendered":"https:\/\/elevage-clos-artemis.fr\/?page_id=3540"},"modified":"2024-05-22T14:12:00","modified_gmt":"2024-05-22T12:12:00","slug":"iguana-rehoboam","status":"publish","type":"page","link":"https:\/\/chatterie-clos-artemis.fr\/index.php\/elevage\/maine-coon\/nos-chatons\/iguana-rehoboam\/","title":{"rendered":"Iguana &#8211; Rehoboam"},"content":{"rendered":"\r\n<p style=\"text-align: center;\"><strong>Unicum Iguana &amp; R\u00e9hoboam du Clos d&rsquo;Art\u00e9mis<\/strong><\/p>\r\n\r\n\r\n\r\n<p style=\"text-align: center;\"><strong>Maine Coon<\/strong><\/p>\r\n\r\n\r\n\r\n<p style=\"text-align: center;\">7 chatons n\u00e9s le 03\/02\/2024<\/p>\r\n<p>&nbsp;<\/p>\r\n<p style=\"text-align: center;\"><strong>Weasley &#8211; M\u00e2le Red Blotched Tabby &#8211; <span style=\"color: #ff0000;\">RESERVE<\/span><\/strong><\/p>\r\nngg_shortcode_0_placeholder\r\n<p style=\"text-align: center;\">&nbsp;<\/p>\r\n<p style=\"text-align: center;\"><strong>Zabini &#8211; M\u00e2le Red Ticked Tabby &#8211; <span style=\"color: #ff0000;\">RESERVE<\/span><\/strong><\/p>\r\nngg_shortcode_1_placeholder\r\n<p style=\"text-align: center;\"><strong>Voldemort &#8211; M\u00e2le Red Mackerel Tabby &#8211; <span style=\"color: #ff0000;\">RESERVE<\/span><\/strong><\/p>\r\nngg_shortcode_2_placeholder\r\n<p style=\"text-align: center;\"><strong>Vert Gallois &#8211; M\u00e2le Red Ticked Tabby &#8211; <span style=\"color: #ff0000;\">RESERVE<\/span><\/strong><\/p>\r\nngg_shortcode_3_placeholder\r\n<p style=\"text-align: center;\"><strong>Vif d&rsquo;Or &#8211; Femelle Brown Tortie Mackerel Tabby &#8211; <span style=\"color: #ff0000;\">RESERVEE<\/span><\/strong><\/p>\r\nngg_shortcode_4_placeholder\r\n<p style=\"text-align: center;\">&nbsp;<\/p>\r\n<p style=\"text-align: center;\"><strong>Wingardium Leviosa &#8211; Femelle Brown Tortie Ticked Tabby &#8211; <span style=\"color: #ff0000;\">RESTE A LA CHATTERIE<\/span><\/strong><\/p>\r\nngg_shortcode_5_placeholder\r\n<p style=\"text-align: center;\"><strong>Veritaserum &#8211; Femelle Brown Tortie Ticked Tabby &#8211; <span style=\"color: #ff0000;\">RESERVEE<\/span><\/strong><\/p>\r\nngg_shortcode_6_placeholder\r\n<p style=\"text-align: center;\">&nbsp;<\/p>\r\n<p>&nbsp;<\/p>\r\n<p style=\"text-align: center;\">P\u00e8re: <a href=\"https:\/\/elevage-clos-artemis.fr\/index.php\/elevage\/maine-coon\/nos-males\/rehoboam-du-clos-dartemis\/\">R\u00e9hoboam du Clos d&rsquo;Art\u00e9mis<\/a> &#8211; Blue Mackerel Tabby &#8211; SQR2<\/p>\r\nngg_shortcode_7_placeholder\r\n\r\n\r\n\r\n\r\n\r\n\r\n\r\n<p style=\"text-align: center;\">M\u00e8re:<a href=\"https:\/\/elevage-clos-artemis.fr\/index.php\/elevage\/maine-coon\/nos-femelles\/unicum-iguana\/\">Unicum Iguana<\/a> &#8211; Red Ticked Tabby &#8211; Quintuple Championne de France &#8211; SQR4<\/p>\r\nngg_shortcode_8_placeholder\r\n","protected":false},"excerpt":{"rendered":"<p>Unicum Iguana &amp; R\u00e9hoboam du Clos d&rsquo;Art\u00e9mis Maine Coon 7 chatons n\u00e9s le 03\/02\/2024 &nbsp; Weasley &#8211; M\u00e2le Red Blotched&hellip;<\/p>\n","protected":false},"author":1,"featured_media":0,"parent":186,"menu_order":0,"comment_status":"closed","ping_status":"closed","template":"","meta":{"ngg_post_thumbnail":0,"footnotes":""},"class_list":["post-3540","page","type-page","status-publish","hentry"],"_links":{"self":[{"href":"https:\/\/chatterie-clos-artemis.fr\/index.php\/wp-json\/wp\/v2\/pages\/3540","targetHints":{"allow":["GET"]}}],"collection":[{"href":"https:\/\/chatterie-clos-artemis.fr\/index.php\/wp-json\/wp\/v2\/pages"}],"about":[{"href":"https:\/\/chatterie-clos-artemis.fr\/index.php\/wp-json\/wp\/v2\/types\/page"}],"author":[{"embeddable":true,"href":"https:\/\/chatterie-clos-artemis.fr\/index.php\/wp-json\/wp\/v2\/users\/1"}],"replies":[{"embeddable":true,"href":"https:\/\/chatterie-clos-artemis.fr\/index.php\/wp-json\/wp\/v2\/comments?post=3540"}],"version-history":[{"count":12,"href":"https:\/\/chatterie-clos-artemis.fr\/index.php\/wp-json\/wp\/v2\/pages\/3540\/revisions"}],"predecessor-version":[{"id":3780,"href":"https:\/\/chatterie-clos-artemis.fr\/index.php\/wp-json\/wp\/v2\/pages\/3540\/revisions\/3780"}],"up":[{"embeddable":true,"href":"https:\/\/chatterie-clos-artemis.fr\/index.php\/wp-json\/wp\/v2\/pages\/186"}],"wp:attachment":[{"href":"https:\/\/chatterie-clos-artemis.fr\/index.php\/wp-json\/wp\/v2\/media?parent=3540"}],"curies":[{"name":"wp","href":"https:\/\/api.w.org\/{rel}","templated":true}]}}