{"id":3435,"date":"2024-01-08T09:51:16","date_gmt":"2024-01-08T08:51:16","guid":{"rendered":"https:\/\/elevage-clos-artemis.fr\/?page_id=3435"},"modified":"2025-01-22T12:11:43","modified_gmt":"2025-01-22T11:11:43","slug":"resultats-2024","status":"publish","type":"page","link":"https:\/\/chatterie-clos-artemis.fr\/index.php\/expositions\/resultats\/resultats-2024\/","title":{"rendered":"R\u00e9sultats 2024"},"content":{"rendered":"<p><strong>Janvier<\/strong><\/p>\r\n<!-- \/wp:post-content -->\r\n\r\n<!-- wp:heading -->\r\n<h2>Dammarie les Lys &#8212; 06\/07 Janvier 2024<\/h2>\r\n<!-- \/wp:heading -->\r\n\r\n<!-- wp:list -->\r\n<ul>\r\n<li><a href=\"http:\/\/elevage-clos-artemis.fr\/index.php\/elevage\/maine-coon\/nos-femelles\/unicum-russian-beauty-dracarys\/\">Unicum RB Dracarys<\/a>: CAGCE + <strong>Nomin\u00e9e Best in Show<\/strong><\/li>\r\n<li><a href=\"https:\/\/elevage-clos-artemis.fr\/index.php\/elevage\/maine-coon\/nos-femelles\/finja-von-palut\/\">Finja Von Palut<\/a>: EXC1 Chaton 6\/10 les deux jours<\/li>\r\n<li><a href=\"https:\/\/elevage-clos-artemis.fr\/index.php\/elevage\/maine-coon\/nos-femelles\/upsilon-du-chabeaute\/\">Upsilon du Chabeaut\u00e9<\/a>: EXC1 6\/10 +<strong> Best Vari\u00e9t\u00e9 + Nomin\u00e9e Best in Show<\/strong><\/li>\r\n<\/ul>\r\n<h2>Anet &#8212; 03\/04 F\u00e9vrier 2024<\/h2>\r\n<p><!-- \/wp:list -->\r\n\r\n<!-- wp:list --><\/p>\r\n<ul>\r\n<li><a href=\"http:\/\/elevage-clos-artemis.fr\/index.php\/elevage\/maine-coon\/nos-femelles\/unicum-russian-beauty-dracarys\/\">Unicum RB Dracarys<\/a>: CAGCE<\/li>\r\n<li><a href=\"https:\/\/elevage-clos-artemis.fr\/index.php\/elevage\/maine-coon\/nos-femelles\/finja-von-palut\/\">Finja Von Palut<\/a>: EXC1 Chaton 6\/10 les deux jours<\/li>\r\n<li><a href=\"https:\/\/elevage-clos-artemis.fr\/index.php\/elevage\/maine-coon\/nos-femelles\/upsilon-du-chabeaute\/\">Upsilon du Chabeaut\u00e9<\/a>: EXC1 6\/10 +<strong> Prix Sp\u00e9cial + Best in Show \u00e0 la sp\u00e9ciale Maine Coon<\/strong><\/li>\r\n<li><a href=\"https:\/\/elevage-clos-artemis.fr\/index.php\/elevage\/maine-coon\/nos-femelles\/captain-coon-matryoshka\/\">Captain Coon&rsquo;s Matryoshka<\/a>: CAGCI + CAGCI + <strong>Prix Sp\u00e9cial<\/strong><\/li>\r\n<li><a href=\"https:\/\/elevage-clos-artemis.fr\/index.php\/elevage\/maine-coon\/nos-femelles\/rose-tattoo-du-clos-dartemis\/\">Rose Tattoo du Clos d&rsquo;Art\u00e9mis<\/a>: CACIB + CAGCI<\/li>\r\n<li><a href=\"https:\/\/elevage-clos-artemis.fr\/index.php\/elevage\/maine-coon\/nos-femelles\/rhapsody-of-fire-du-clos-dartemis\/\">Rhapsody of Fire du Clos d&rsquo;Art\u00e9mis<\/a>: CAGCI<\/li>\r\n<li><a href=\"https:\/\/elevage-clos-artemis.fr\/index.php\/elevage\/chat-des-forets-norvegiennes\/nos-femelles\/really-sweet-lemon-crinkle-caladan\/\">Really Sweet Lemon Crinkle Caladan<\/a> : CACIB + CAGCI<\/li>\r\n<li><a href=\"https:\/\/elevage-clos-artemis.fr\/index.php\/orchidee-du-jardin-de-lauthie\/\">Orchid\u00e9e du Jardin de l&rsquo;Authie<\/a>: <strong>Best in Show + Prix Sp\u00e9cial + Best Vari\u00e9t\u00e9 + Nomin\u00e9e Best in Show<\/strong><\/li>\r\n<\/ul>\r\n<h2>Paris Animal Show &#8212; 08\/09\/10 mars 2024<\/h2>\r\n<p><!-- \/wp:list -->\r\n\r\n<!-- wp:list --><\/p>\r\n<ul>\r\n<li><a href=\"http:\/\/elevage-clos-artemis.fr\/index.php\/elevage\/maine-coon\/nos-femelles\/unicum-russian-beauty-dracarys\/\">Unicum RB Dracarys<\/a>: CAGCE + CAGCE<\/li>\r\n<li><a href=\"https:\/\/elevage-clos-artemis.fr\/index.php\/elevage\/maine-coon\/nos-femelles\/upsilon-du-chabeaute\/\">Upsilon du Chabeaut\u00e9<\/a>: EXC1 6\/10&nbsp;<\/li>\r\n<li><a href=\"https:\/\/elevage-clos-artemis.fr\/index.php\/elevage\/maine-coon\/nos-femelles\/captain-coon-matryoshka\/\">Captain Coon&rsquo;s Matryoshka<\/a>: CAGCI + CACE<\/li>\r\n<\/ul>\r\n<h2>Neufchatel en Braye &#8212; 23\/24 mars 2024<\/h2>\r\n<p><!-- \/wp:list -->\r\n\r\n<!-- wp:list --><\/p>\r\n<ul>\r\n<li><a href=\"https:\/\/elevage-clos-artemis.fr\/index.php\/elevage\/maine-coon\/nos-femelles\/upsilon-du-chabeaute\/\">Upsilon du Chabeaut\u00e9<\/a>: EXC1 CAC<\/li>\r\n<li><a href=\"https:\/\/elevage-clos-artemis.fr\/index.php\/elevage\/maine-coon\/nos-femelles\/finja-von-palut\/\">Finja Von Palut<\/a>: EXC1 Chaton 6\/10 les deux jours + <strong>Nomin\u00e9e Best in Show \u00e0 la sp\u00e9ciale Maine Coon<\/strong><\/li>\r\n<\/ul>\r\n<h2>Pavillon Baltard &#8212; 15\/16 Juin 2024<\/h2>\r\n<p><!-- \/wp:list -->\r\n\r\n<!-- wp:list --><\/p>\r\n<ul>\r\n<li><a href=\"https:\/\/elevage-clos-artemis.fr\/index.php\/elevage\/maine-coon\/nos-femelles\/upsilon-du-chabeaute\/\">Upsilon du Chabeaut\u00e9<\/a>: EXC1 CAC + <strong>Best Vari\u00e9t\u00e9<\/strong><\/li>\r\n<li><a href=\"https:\/\/elevage-clos-artemis.fr\/index.php\/elevage\/maine-coon\/nos-femelles\/finja-von-palut\/\">Finja Von Palut<\/a>: EXC1 CAC + EXC1 CAC<\/li>\r\n<li><a href=\"https:\/\/elevage-clos-artemis.fr\/index.php\/elevage\/maine-coon\/nos-femelles\/wingardium-leviosa-du-clos-dartemis\/\">Wingardium du Clos d&rsquo;Art\u00e9mis<\/a>: EXC1 3\/6 mois + <strong>Best Vari\u00e9t\u00e9<\/strong><\/li>\r\n<\/ul>\r\n<h2>Cormeilles en Parisis &#8212; 31Aout\/01Septembre 2024<\/h2>\r\n<p><!-- \/wp:list -->\r\n\r\n<!-- wp:list --><\/p>\r\n<ul>\r\n<li><a href=\"https:\/\/elevage-clos-artemis.fr\/index.php\/elevage\/maine-coon\/nos-femelles\/upsilon-du-chabeaute\/\">Upsilon du Chabeaut\u00e9<\/a>: EXC1 CAC + EXC1 CACIB + <strong>Prix Sp\u00e9cial + Nomin\u00e9e Best in Show<\/strong><\/li>\r\n<li><a href=\"https:\/\/elevage-clos-artemis.fr\/index.php\/elevage\/maine-coon\/nos-femelles\/wingardium-leviosa-du-clos-dartemis\/\">Wingardium du Clos d&rsquo;Art\u00e9mis<\/a>: EXC1 6\/10 mois + EXC2 6\/10 mois<\/li>\r\n<\/ul>\r\n<h2>Semur en Auxois &#8212; 21\/22 Septembre 2024<\/h2>\r\n<ul>\r\n<li><a href=\"https:\/\/chatterie-clos-artemis.fr\/elevage\/maine-coon\/nos-femelles\/unicum-iguana\/\">Unicum Iguana<\/a> : HONNEUR <strong>Nomin\u00e9e Best in Show<\/strong> + HONNEUR <strong>Best in Show<\/strong><\/li>\r\n<li><a href=\"https:\/\/elevage-clos-artemis.fr\/index.php\/elevage\/maine-coon\/nos-femelles\/captain-coon-matryoshka\/\">Captain Coon&rsquo;s Matryoshka<\/a>: CACE + <strong>Prix Sp\u00e9cial<\/strong> + CACE<\/li>\r\n<\/ul>\r\n<h2>Parc Floral &#8212; 28\/29 Septembre 2024<\/h2>\r\n<p><!-- \/wp:list -->\r\n\r\n<!-- wp:list --><\/p>\r\n<ul>\r\n<li><a href=\"https:\/\/elevage-clos-artemis.fr\/index.php\/elevage\/maine-coon\/nos-femelles\/upsilon-du-chabeaute\/\">Upsilon du Chabeaut\u00e9<\/a>: EXC1 CACIB + <strong>Best Vari\u00e9t\u00e9<\/strong>&nbsp; + EXC1 CACIB + <strong>Prix Sp\u00e9cial<\/strong><\/li>\r\n<li><a href=\"https:\/\/elevage-clos-artemis.fr\/index.php\/elevage\/maine-coon\/nos-femelles\/wingardium-leviosa-du-clos-dartemis\/\">Wingardium du Clos d&rsquo;Art\u00e9mis<\/a>: EXC1 6\/10 mois + EXC2 6\/10 mois<\/li>\r\n<\/ul>\r\n<h2>M\u00e9r\u00e9ville &#8212; 12\/13 Octobre 2024<\/h2>\r\n<ul>\r\n<li><a href=\"https:\/\/chatterie-clos-artemis.fr\/elevage\/maine-coon\/nos-femelles\/unicum-iguana\/\">Unicum Iguana<\/a> : HONNEUR <strong>Nomin\u00e9e Best in Show<\/strong> + HONNEUR <strong>Best in Show<\/strong><\/li>\r\n<li><a href=\"https:\/\/elevage-clos-artemis.fr\/index.php\/elevage\/maine-coon\/nos-femelles\/captain-coon-matryoshka\/\">Captain Coon&rsquo;s Matryoshka<\/a>: CACE +&nbsp;CACE<\/li>\r\n<\/ul>","protected":false},"excerpt":{"rendered":"<p>Janvier Dammarie les Lys &#8212; 06\/07 Janvier 2024 Unicum RB Dracarys: CAGCE + Nomin\u00e9e Best in Show Finja Von Palut:&hellip;<\/p>\n","protected":false},"author":1,"featured_media":0,"parent":34,"menu_order":0,"comment_status":"closed","ping_status":"closed","template":"","meta":{"ngg_post_thumbnail":0,"footnotes":""},"class_list":["post-3435","page","type-page","status-publish","hentry"],"_links":{"self":[{"href":"https:\/\/chatterie-clos-artemis.fr\/index.php\/wp-json\/wp\/v2\/pages\/3435","targetHints":{"allow":["GET"]}}],"collection":[{"href":"https:\/\/chatterie-clos-artemis.fr\/index.php\/wp-json\/wp\/v2\/pages"}],"about":[{"href":"https:\/\/chatterie-clos-artemis.fr\/index.php\/wp-json\/wp\/v2\/types\/page"}],"author":[{"embeddable":true,"href":"https:\/\/chatterie-clos-artemis.fr\/index.php\/wp-json\/wp\/v2\/users\/1"}],"replies":[{"embeddable":true,"href":"https:\/\/chatterie-clos-artemis.fr\/index.php\/wp-json\/wp\/v2\/comments?post=3435"}],"version-history":[{"count":10,"href":"https:\/\/chatterie-clos-artemis.fr\/index.php\/wp-json\/wp\/v2\/pages\/3435\/revisions"}],"predecessor-version":[{"id":3909,"href":"https:\/\/chatterie-clos-artemis.fr\/index.php\/wp-json\/wp\/v2\/pages\/3435\/revisions\/3909"}],"up":[{"embeddable":true,"href":"https:\/\/chatterie-clos-artemis.fr\/index.php\/wp-json\/wp\/v2\/pages\/34"}],"wp:attachment":[{"href":"https:\/\/chatterie-clos-artemis.fr\/index.php\/wp-json\/wp\/v2\/media?parent=3435"}],"curies":[{"name":"wp","href":"https:\/\/api.w.org\/{rel}","templated":true}]}}