{"id":3294,"date":"2023-11-21T09:36:22","date_gmt":"2023-11-21T08:36:22","guid":{"rendered":"https:\/\/elevage-clos-artemis.fr\/?page_id=3294"},"modified":"2024-02-28T10:26:27","modified_gmt":"2024-02-28T09:26:27","slug":"origami-rehoboam","status":"publish","type":"page","link":"https:\/\/chatterie-clos-artemis.fr\/index.php\/elevage\/maine-coon\/nos-chatons\/origami-rehoboam\/","title":{"rendered":"Origami &#8211; R\u00e9hoboam"},"content":{"rendered":"\r\n<p style=\"text-align: center;\"><strong>Origami du Chabeaut\u00e9 &amp; R\u00e9hoboam du Clos d&rsquo;Art\u00e9mis<\/strong><\/p>\r\n\r\n\r\n\r\n<p style=\"text-align: center;\"><strong>Maine Coon<\/strong><\/p>\r\n\r\n\r\n\r\n<p style=\"text-align: center;\">6 chatons n\u00e9s le 19\/11\/2023&nbsp;<\/p>\r\n<p><img loading=\"lazy\" decoding=\"async\" class=\"aligncenter wp-image-3296 size-medium\" src=\"http:\/\/elevage-clos-artemis.fr\/wp-content\/uploads\/2023\/11\/377150276_289101167433565_3986584645115234664_n-2-300x225.jpg\" alt=\"\" width=\"300\" height=\"225\" srcset=\"https:\/\/chatterie-clos-artemis.fr\/wp-content\/uploads\/2023\/11\/377150276_289101167433565_3986584645115234664_n-2-300x225.jpg 300w, https:\/\/chatterie-clos-artemis.fr\/wp-content\/uploads\/2023\/11\/377150276_289101167433565_3986584645115234664_n-2-1024x768.jpg 1024w, https:\/\/chatterie-clos-artemis.fr\/wp-content\/uploads\/2023\/11\/377150276_289101167433565_3986584645115234664_n-2-768x576.jpg 768w, https:\/\/chatterie-clos-artemis.fr\/wp-content\/uploads\/2023\/11\/377150276_289101167433565_3986584645115234664_n-2-1536x1152.jpg 1536w, https:\/\/chatterie-clos-artemis.fr\/wp-content\/uploads\/2023\/11\/377150276_289101167433565_3986584645115234664_n-2-1600x1200.jpg 1600w, https:\/\/chatterie-clos-artemis.fr\/wp-content\/uploads\/2023\/11\/377150276_289101167433565_3986584645115234664_n-2.jpg 2040w\" sizes=\"auto, (max-width: 300px) 100vw, 300px\" \/><\/p>\r\n<p style=\"text-align: center;\"><strong>Usul &#8211; M\u00e2le Black &amp; Blanc &#8211; <span style=\"color: #ff0000;\">RESERVE<\/span><\/strong><\/p>\r\nngg_shortcode_0_placeholder\r\n<p style=\"text-align: center;\"><strong>Urbex&nbsp; m\u00e2le Black &amp; Blanc &#8211; <span style=\"color: #ff0000;\">RESERVE<\/span><\/strong><\/p>\r\nngg_shortcode_1_placeholder\r\n<p style=\"text-align: center;\"><strong>Uma \u00ab\u00a0Umi\u00a0\u00bb femelle Black &amp; Blanc &#8211; <span style=\"color: #ff0000;\">RESERVEE<\/span><\/strong><\/p>\r\nngg_shortcode_2_placeholder\r\n<p style=\"text-align: center;\"><strong>Ulya femelle Bleu &amp; Blanc &#8211; <span style=\"color: #ff0000;\">RESERVEE<\/span><\/strong><\/p>\r\nngg_shortcode_3_placeholder\r\n<p style=\"text-align: center;\"><strong>Ubik m\u00e2le Brown Mackerel Tabby &#8211; <span style=\"color: #ff0000;\">RESERVE<\/span><\/strong><\/p>\r\nngg_shortcode_4_placeholder\r\n<p style=\"text-align: center;\"><strong>Ursula Femelle Black Silver Mackerel Tabby &#8211; <span style=\"color: #ff0000;\">RESERVEE<\/span><\/strong><\/p>\r\nngg_shortcode_5_placeholder\r\n<p style=\"text-align: center;\">P\u00e8re: <a href=\"https:\/\/elevage-clos-artemis.fr\/index.php\/elevage\/maine-coon\/nos-males\/rehoboam-du-clos-dartemis\/\">R\u00e9hoboam du Clos d&rsquo;Art\u00e9mis<\/a> &#8211; Blue Mackerel Tabby &#8211; SQR2<\/p>\r\nngg_shortcode_6_placeholder\r\n\r\n\r\n\r\n\r\n\r\n\r\n\r\n<p style=\"text-align: center;\">M\u00e8re:<a href=\"https:\/\/elevage-clos-artemis.fr\/index.php\/elevage\/maine-coon\/nos-femelles\/origami-du-chabeaute\/\">Origami du Chabeaut\u00e9<\/a> &#8211; Black Smoke et Blanc &#8211; SQR4<\/p>\r\nngg_shortcode_7_placeholder\r\n","protected":false},"excerpt":{"rendered":"<p>Origami du Chabeaut\u00e9 &amp; R\u00e9hoboam du Clos d&rsquo;Art\u00e9mis Maine Coon 6 chatons n\u00e9s le 19\/11\/2023&nbsp; Usul &#8211; M\u00e2le Black &amp;&hellip;<\/p>\n","protected":false},"author":1,"featured_media":0,"parent":186,"menu_order":0,"comment_status":"closed","ping_status":"closed","template":"","meta":{"ngg_post_thumbnail":0,"footnotes":""},"class_list":["post-3294","page","type-page","status-publish","hentry"],"_links":{"self":[{"href":"https:\/\/chatterie-clos-artemis.fr\/index.php\/wp-json\/wp\/v2\/pages\/3294","targetHints":{"allow":["GET"]}}],"collection":[{"href":"https:\/\/chatterie-clos-artemis.fr\/index.php\/wp-json\/wp\/v2\/pages"}],"about":[{"href":"https:\/\/chatterie-clos-artemis.fr\/index.php\/wp-json\/wp\/v2\/types\/page"}],"author":[{"embeddable":true,"href":"https:\/\/chatterie-clos-artemis.fr\/index.php\/wp-json\/wp\/v2\/users\/1"}],"replies":[{"embeddable":true,"href":"https:\/\/chatterie-clos-artemis.fr\/index.php\/wp-json\/wp\/v2\/comments?post=3294"}],"version-history":[{"count":16,"href":"https:\/\/chatterie-clos-artemis.fr\/index.php\/wp-json\/wp\/v2\/pages\/3294\/revisions"}],"predecessor-version":[{"id":3538,"href":"https:\/\/chatterie-clos-artemis.fr\/index.php\/wp-json\/wp\/v2\/pages\/3294\/revisions\/3538"}],"up":[{"embeddable":true,"href":"https:\/\/chatterie-clos-artemis.fr\/index.php\/wp-json\/wp\/v2\/pages\/186"}],"wp:attachment":[{"href":"https:\/\/chatterie-clos-artemis.fr\/index.php\/wp-json\/wp\/v2\/media?parent=3294"}],"curies":[{"name":"wp","href":"https:\/\/api.w.org\/{rel}","templated":true}]}}