{"id":3286,"date":"2023-11-21T09:26:36","date_gmt":"2023-11-21T08:26:36","guid":{"rendered":"https:\/\/elevage-clos-artemis.fr\/?page_id=3286"},"modified":"2025-01-22T12:02:12","modified_gmt":"2025-01-22T11:02:12","slug":"upsilon-du-chabeaute","status":"publish","type":"page","link":"https:\/\/chatterie-clos-artemis.fr\/index.php\/elevage\/maine-coon\/nos-femelles\/upsilon-du-chabeaute\/","title":{"rendered":"Upsilon du Chabeaut\u00e9"},"content":{"rendered":"<h5>Caract\u00e9ristiques<\/h5>\n<ul>\n<li>Sexe: Femelle<\/li>\n<li>Robe: Black Tortie<\/li>\n<li>Naissance: 14\/05\/2023<\/li>\n<li>Tests: carte g\u00e9n\u00e9tique, SMA N\/N, PKDef N\/N, HCM-MC N\/N<\/li>\n<li>Titre: Championne de France&nbsp;<\/li>\n<li>SQR: &#8211;<\/li>\n<li>Pawpeds : A venir<\/li>\n<\/ul>\n<h6><strong>R\u00e9sultats<\/strong><\/h6>\n<ul>\n<li>Chartres 2023: EXC1 3\/6 mois<\/li>\n<li>Baltard 2023: EXC1 3\/6 mois + <strong>Nomin\u00e9e Best in Show<\/strong> + EXC1 3\/6 mois + <strong>Best in Show<\/strong><\/li>\n<li>Malesherbes 2023: EXC1 6\/10 mois + EXC1 6\/10 mois<\/li>\n<li>Caen 2023: EXC1 6\/10 mois + EXC1 6\/10 mois + <strong>Best Vari\u00e9t\u00e9<\/strong> + <strong>Nomin\u00e9e Best in Show \u00e0 la Sp\u00e9ciale Maine Coon<\/strong><\/li>\n<li>Dammarie 2024: EXC1 6\/10 mois + <strong>Best Vari\u00e9t\u00e9 + Nomin\u00e9e Best in Show<\/strong><\/li>\n<li>Anet 2024: EXC1 6\/10 mois +<strong> Prix Sp\u00e9cial<\/strong> + <strong>Best in Show \u00e0 la Sp\u00e9ciale Maine Coon<\/strong><\/li>\n<li>Paris Animal Show 2024: EXC 1 6\/10 mois + EXC1 6\/10 mois<\/li>\n<li>Neufchatel en Braye 2024: EXC1 CAC<\/li>\n<li>Baltard 2024: EXC1 CAC + <strong>Best Vari\u00e9t\u00e9<\/strong><\/li>\n<li>Cormeilles en Parisis 2024: EXC1 CAC + EXC1 CACIB + <strong>Prix Sp\u00e9cial + Nomin\u00e9e Best in Show<\/strong><\/li>\n<li>Parc Floral 2024: EXC1 CACIB +<strong> Best Vari\u00e9t\u00e9<\/strong> + EXC CACIB + <strong>Prix Sp\u00e9cial<\/strong><\/li>\n<li>Dammarie 2025: EXC1 CAGCI + EXC1 CAGCI<\/li>\n<\/ul>\nngg_shortcode_0_placeholder\n","protected":false},"excerpt":{"rendered":"<p>Caract\u00e9ristiques Sexe: Femelle Robe: Black Tortie Naissance: 14\/05\/2023 Tests: carte g\u00e9n\u00e9tique, SMA N\/N, PKDef N\/N, HCM-MC N\/N Titre: Championne de&hellip;<\/p>\n","protected":false},"author":1,"featured_media":0,"parent":180,"menu_order":0,"comment_status":"closed","ping_status":"closed","template":"","meta":{"ngg_post_thumbnail":0,"footnotes":""},"class_list":["post-3286","page","type-page","status-publish","hentry"],"_links":{"self":[{"href":"https:\/\/chatterie-clos-artemis.fr\/index.php\/wp-json\/wp\/v2\/pages\/3286","targetHints":{"allow":["GET"]}}],"collection":[{"href":"https:\/\/chatterie-clos-artemis.fr\/index.php\/wp-json\/wp\/v2\/pages"}],"about":[{"href":"https:\/\/chatterie-clos-artemis.fr\/index.php\/wp-json\/wp\/v2\/types\/page"}],"author":[{"embeddable":true,"href":"https:\/\/chatterie-clos-artemis.fr\/index.php\/wp-json\/wp\/v2\/users\/1"}],"replies":[{"embeddable":true,"href":"https:\/\/chatterie-clos-artemis.fr\/index.php\/wp-json\/wp\/v2\/comments?post=3286"}],"version-history":[{"count":12,"href":"https:\/\/chatterie-clos-artemis.fr\/index.php\/wp-json\/wp\/v2\/pages\/3286\/revisions"}],"predecessor-version":[{"id":3903,"href":"https:\/\/chatterie-clos-artemis.fr\/index.php\/wp-json\/wp\/v2\/pages\/3286\/revisions\/3903"}],"up":[{"embeddable":true,"href":"https:\/\/chatterie-clos-artemis.fr\/index.php\/wp-json\/wp\/v2\/pages\/180"}],"wp:attachment":[{"href":"https:\/\/chatterie-clos-artemis.fr\/index.php\/wp-json\/wp\/v2\/media?parent=3286"}],"curies":[{"name":"wp","href":"https:\/\/api.w.org\/{rel}","templated":true}]}}