{"id":3231,"date":"2023-10-11T15:37:14","date_gmt":"2023-10-11T13:37:14","guid":{"rendered":"http:\/\/elevage-clos-artemis.fr\/?page_id=3231"},"modified":"2024-01-08T16:42:39","modified_gmt":"2024-01-08T15:42:39","slug":"matryoshka-duncan","status":"publish","type":"page","link":"https:\/\/chatterie-clos-artemis.fr\/index.php\/elevage\/maine-coon\/nos-chatons\/matryoshka-duncan\/","title":{"rendered":"Matryoshka &#8211; Duncan"},"content":{"rendered":"\r\n<p style=\"text-align: center;\"><strong>Captain Coon&rsquo;s Matryoshka &amp; Duncan of Patas Suaves<\/strong><\/p>\r\n\r\n\r\n\r\n<p style=\"text-align: center;\"><strong>Maine Coon<\/strong><\/p>\r\n<p style=\"text-align: center;\"><span style=\"color: #ff0000;\">Tous les chatons sont r\u00e9serv\u00e9s ! Il reste des chatons disponibles sur la port\u00e9e d&rsquo;Origami<\/span><\/p>\r\n\r\n\r\n\r\n<p style=\"text-align: center;\">4 chatons n\u00e9s le 01\/10\/2023&nbsp;<\/p>\r\n<p><img loading=\"lazy\" decoding=\"async\" class=\"aligncenter wp-image-3444 size-large\" src=\"http:\/\/elevage-clos-artemis.fr\/wp-content\/uploads\/2024\/01\/IMG_1228-2-1024x683.jpg\" alt=\"\" width=\"688\" height=\"459\" srcset=\"https:\/\/chatterie-clos-artemis.fr\/wp-content\/uploads\/2024\/01\/IMG_1228-2-1024x683.jpg 1024w, https:\/\/chatterie-clos-artemis.fr\/wp-content\/uploads\/2024\/01\/IMG_1228-2-300x200.jpg 300w, https:\/\/chatterie-clos-artemis.fr\/wp-content\/uploads\/2024\/01\/IMG_1228-2-768x512.jpg 768w, https:\/\/chatterie-clos-artemis.fr\/wp-content\/uploads\/2024\/01\/IMG_1228-2-1536x1024.jpg 1536w, https:\/\/chatterie-clos-artemis.fr\/wp-content\/uploads\/2024\/01\/IMG_1228-2-1600x1066.jpg 1600w, https:\/\/chatterie-clos-artemis.fr\/wp-content\/uploads\/2024\/01\/IMG_1228-2.jpg 2048w\" sizes=\"auto, (max-width: 688px) 100vw, 688px\" \/><\/p>\r\n<p style=\"text-align: center;\"><strong>Ulric \u00ab\u00a0Uggy\u00a0\u00bb- M\u00e2le Black &#8211; <span style=\"color: #ff0000;\">RESERVE<\/span><\/strong><\/p>\r\nngg_shortcode_0_placeholder\r\n<p style=\"text-align: center;\">&nbsp;<\/p>\r\n<p style=\"text-align: center;\"><strong>Uldren \u00ab\u00a0Usopp\u00a0\u00bb &#8211; M\u00e2le Red BlotchedTabby &amp; Blanc &#8211; <span style=\"color: #ff0000;\">RESERVE<\/span><\/strong><\/p>\r\nngg_shortcode_1_placeholder\r\n<p style=\"text-align: center;\"><strong>Uther \u00ab\u00a0Utah\u00a0\u00bb &#8211; M\u00e2le Red BlotchedTabby et Blanc &#8211; <span style=\"color: #ff0000;\">RESERVE<\/span><\/strong><\/p>\r\nngg_shortcode_2_placeholder\r\n<p style=\"text-align: center;\">&nbsp;<\/p>\r\n<p style=\"text-align: center;\"><strong>Urien \u00ab\u00a0Ully\u00a0\u00bb &#8211; M\u00e2le Red Blotched Tabby et Blanc &#8211; <span style=\"color: #ff0000;\">RESERVE<\/span><\/strong><\/p>\r\nngg_shortcode_3_placeholder\r\n<p style=\"text-align: center;\">P\u00e8re: Duncan of Patas Suaves &#8211; Brown Blotched Tabby<\/p>\r\n\r\n\r\n\r\n\r\n\r\n\r\n\r\n<p style=\"text-align: center;\">M\u00e8re: <a href=\"http:\/\/elevage-clos-artemis.fr\/index.php\/elevage\/maine-coon\/nos-femelles\/captain-coon-matryoshka\/\">Captain Coon&rsquo;s Matryoshka<\/a> &#8211; Black Tortie et Blanc&nbsp;&#8211; SQR4<\/p>\r\nngg_shortcode_4_placeholder\r\n","protected":false},"excerpt":{"rendered":"<p>Captain Coon&rsquo;s Matryoshka &amp; Duncan of Patas Suaves Maine Coon Tous les chatons sont r\u00e9serv\u00e9s ! Il reste des chatons&hellip;<\/p>\n","protected":false},"author":1,"featured_media":0,"parent":186,"menu_order":0,"comment_status":"closed","ping_status":"closed","template":"","meta":{"ngg_post_thumbnail":0,"footnotes":""},"class_list":["post-3231","page","type-page","status-publish","hentry"],"_links":{"self":[{"href":"https:\/\/chatterie-clos-artemis.fr\/index.php\/wp-json\/wp\/v2\/pages\/3231","targetHints":{"allow":["GET"]}}],"collection":[{"href":"https:\/\/chatterie-clos-artemis.fr\/index.php\/wp-json\/wp\/v2\/pages"}],"about":[{"href":"https:\/\/chatterie-clos-artemis.fr\/index.php\/wp-json\/wp\/v2\/types\/page"}],"author":[{"embeddable":true,"href":"https:\/\/chatterie-clos-artemis.fr\/index.php\/wp-json\/wp\/v2\/users\/1"}],"replies":[{"embeddable":true,"href":"https:\/\/chatterie-clos-artemis.fr\/index.php\/wp-json\/wp\/v2\/comments?post=3231"}],"version-history":[{"count":10,"href":"https:\/\/chatterie-clos-artemis.fr\/index.php\/wp-json\/wp\/v2\/pages\/3231\/revisions"}],"predecessor-version":[{"id":3474,"href":"https:\/\/chatterie-clos-artemis.fr\/index.php\/wp-json\/wp\/v2\/pages\/3231\/revisions\/3474"}],"up":[{"embeddable":true,"href":"https:\/\/chatterie-clos-artemis.fr\/index.php\/wp-json\/wp\/v2\/pages\/186"}],"wp:attachment":[{"href":"https:\/\/chatterie-clos-artemis.fr\/index.php\/wp-json\/wp\/v2\/media?parent=3231"}],"curies":[{"name":"wp","href":"https:\/\/api.w.org\/{rel}","templated":true}]}}