{"id":3103,"date":"2023-01-10T23:28:54","date_gmt":"2023-01-10T22:28:54","guid":{"rendered":"http:\/\/elevage-clos-artemis.fr\/?page_id=3103"},"modified":"2023-03-06T09:38:47","modified_gmt":"2023-03-06T08:38:47","slug":"rose-tattoo-rehoboam","status":"publish","type":"page","link":"https:\/\/chatterie-clos-artemis.fr\/index.php\/elevage\/maine-coon\/nos-chatons\/rose-tattoo-rehoboam\/","title":{"rendered":"Rose Tattoo &#8211; R\u00e9hoboam"},"content":{"rendered":"\r\n<p style=\"text-align: center;\"><strong>Rose Tattoo du Clos d&rsquo;Art\u00e9mis &amp; R\u00e9hoboam du Clos d&rsquo;Art\u00e9mis<\/strong><\/p>\r\n\r\n\r\n\r\n<p style=\"text-align: center;\"><strong>Maine Coon<\/strong><\/p>\r\n\r\n\r\n\r\n<p style=\"text-align: center;\">2 chatons n\u00e9s le 06\/12\/2022&nbsp;<\/p>\r\n<p>&nbsp;<\/p>\r\n<p style=\"text-align: center;\"><strong>Tiana &#8211; Femelle Black &#8211; <span style=\"color: #ff0000;\">RESERVEE<\/span><\/strong><\/p>\r\nngg_shortcode_0_placeholder\r\n<p style=\"text-align: center;\"><strong>Tamara &#8211; Femelle Black &#8211; <span style=\"color: #ff0000;\">RESERVEE<\/span><\/strong><\/p>\r\nngg_shortcode_1_placeholder\r\n<p style=\"text-align: center;\">&nbsp;<\/p>\r\n<p>&nbsp;<\/p>\r\n<p style=\"text-align: center;\">P\u00e8re: R\u00e9hoboam du Clos d&rsquo;Art\u00e9mis &#8211; Bleu Mackerel Tabby&nbsp;&#8211; SQR2<\/p>\r\n\r\n\r\n\r\n\r\n\r\nngg_shortcode_2_placeholder\r\n\r\n\r\n\r\n<p style=\"text-align: center;\">M\u00e8re: Rose Tatto du Clos d&rsquo;Art\u00e9mis &#8211; Black &#8211; SQR3<\/p>\r\n\r\nngg_shortcode_3_placeholder","protected":false},"excerpt":{"rendered":"<p>Rose Tattoo du Clos d&rsquo;Art\u00e9mis &amp; R\u00e9hoboam du Clos d&rsquo;Art\u00e9mis Maine Coon 2 chatons n\u00e9s le 06\/12\/2022&nbsp; &nbsp; Tiana &#8211;&hellip;<\/p>\n","protected":false},"author":1,"featured_media":0,"parent":186,"menu_order":0,"comment_status":"closed","ping_status":"closed","template":"","meta":{"ngg_post_thumbnail":0,"footnotes":""},"class_list":["post-3103","page","type-page","status-publish","hentry"],"_links":{"self":[{"href":"https:\/\/chatterie-clos-artemis.fr\/index.php\/wp-json\/wp\/v2\/pages\/3103","targetHints":{"allow":["GET"]}}],"collection":[{"href":"https:\/\/chatterie-clos-artemis.fr\/index.php\/wp-json\/wp\/v2\/pages"}],"about":[{"href":"https:\/\/chatterie-clos-artemis.fr\/index.php\/wp-json\/wp\/v2\/types\/page"}],"author":[{"embeddable":true,"href":"https:\/\/chatterie-clos-artemis.fr\/index.php\/wp-json\/wp\/v2\/users\/1"}],"replies":[{"embeddable":true,"href":"https:\/\/chatterie-clos-artemis.fr\/index.php\/wp-json\/wp\/v2\/comments?post=3103"}],"version-history":[{"count":5,"href":"https:\/\/chatterie-clos-artemis.fr\/index.php\/wp-json\/wp\/v2\/pages\/3103\/revisions"}],"predecessor-version":[{"id":3121,"href":"https:\/\/chatterie-clos-artemis.fr\/index.php\/wp-json\/wp\/v2\/pages\/3103\/revisions\/3121"}],"up":[{"embeddable":true,"href":"https:\/\/chatterie-clos-artemis.fr\/index.php\/wp-json\/wp\/v2\/pages\/186"}],"wp:attachment":[{"href":"https:\/\/chatterie-clos-artemis.fr\/index.php\/wp-json\/wp\/v2\/media?parent=3103"}],"curies":[{"name":"wp","href":"https:\/\/api.w.org\/{rel}","templated":true}]}}