{"id":3093,"date":"2023-01-10T23:02:58","date_gmt":"2023-01-10T22:02:58","guid":{"rendered":"http:\/\/elevage-clos-artemis.fr\/?page_id=3093"},"modified":"2023-12-14T16:43:45","modified_gmt":"2023-12-14T15:43:45","slug":"resultats-2023","status":"publish","type":"page","link":"https:\/\/chatterie-clos-artemis.fr\/index.php\/expositions\/resultats\/resultats-2023\/","title":{"rendered":"R\u00e9sultats 2023"},"content":{"rendered":"<p><strong>Janvier<\/strong><\/p>\r\n<!-- \/wp:post-content -->\r\n\r\n<!-- wp:heading -->\r\n<h2>Dammarie les Lys &#8212; 07\/08 Janvier 2023<\/h2>\r\n<!-- \/wp:heading -->\r\n\r\n<!-- wp:list -->\r\n<ul>\r\n<li><a href=\"http:\/\/elevage-clos-artemis.fr\/index.php\/elevage\/maine-coon\/nos-femelles\/unicum-russian-beauty-dracarys\/\">Unicum RB Dracarys<\/a>: EXC1 Chaton 6\/10 les deux jours + Prix Sp\u00e9cial<\/li>\r\n<li><a href=\"http:\/\/elevage-clos-artemis.fr\/index.php\/elevage\/maine-coon\/nos-femelles\/touraine-amboise-du-clos-dartemis\/\">Touraine-Amboise du Clos d&rsquo;Art\u00e9mis<\/a>: EXC1 Chaton 6\/10 les deux jours<\/li>\r\n<li><a href=\"http:\/\/elevage-clos-artemis.fr\/index.php\/elevage\/maine-coon\/nos-femelles\/captain-coon-matryoshka\/\">Captain Coon&rsquo;s Matryoshka<\/a>: 1 CAGCI EXC1<\/li>\r\n<li><a href=\"http:\/\/elevage-clos-artemis.fr\/index.php\/orchidee-du-jardin-de-lauthie\/\">Orchid\u00e9e du Jardin de l&rsquo;Authie<\/a>: Honneur 1 + <strong>Nomin\u00e9e Best in Show + <\/strong>Honneur 1<strong> + Nomin\u00e9e Best in Show<\/strong><\/li>\r\n<\/ul>\r\n<p><strong>Mars<\/strong><\/p>\r\n<p><!-- \/wp:list -->\r\n\r\n<!-- wp:heading --><\/p>\r\n<h2>Paris Animal Show &#8212; 10\/12 Mars 2023<\/h2>\r\n<p><!-- \/wp:heading -->\r\n\r\n<!-- wp:list --><\/p>\r\n<ul>\r\n<li><a href=\"http:\/\/elevage-clos-artemis.fr\/index.php\/elevage\/maine-coon\/nos-femelles\/unicum-russian-beauty-dracarys\/\">Unicum RB Dracarys<\/a>: CAC + CAC + CAC +<strong> Prix Sp\u00e9cial + Best in Show<\/strong><\/li>\r\n<li><a href=\"http:\/\/elevage-clos-artemis.fr\/index.php\/elevage\/maine-coon\/nos-femelles\/touraine-amboise-du-clos-dartemis\/\">Touraine-Amboise du Clos d&rsquo;Art\u00e9mis<\/a>: CAC + CAC + CAC<\/li>\r\n<li><a href=\"http:\/\/elevage-clos-artemis.fr\/index.php\/elevage\/maine-coon\/nos-femelles\/unicum-iguana\/\">Unicum Iguana<\/a>: CACE + CACE + <strong>Best Vari\u00e9t\u00e9 + Nomin\u00e9e Best in Show<\/strong> + CACE + <strong>Best Vari\u00e9t\u00e9 + Nomin\u00e9e Best in Show<\/strong><\/li>\r\n<\/ul>\r\n<p><strong>Avril<\/strong><\/p>\r\n<p><!-- \/wp:list -->\r\n\r\n<!-- wp:heading --><\/p>\r\n<h2>Evreux &#8212; 8 Avril 2023<\/h2>\r\n<p><!-- \/wp:heading -->\r\n\r\n<!-- wp:list --><\/p>\r\n<ul>\r\n<li><a href=\"http:\/\/elevage-clos-artemis.fr\/index.php\/elevage\/maine-coon\/nos-femelles\/unicum-russian-beauty-dracarys\/\">Unicum RB Dracarys<\/a>: CACIB<\/li>\r\n<li><a href=\"http:\/\/elevage-clos-artemis.fr\/index.php\/elevage\/maine-coon\/nos-femelles\/unicum-iguana\/\">Unicum Iguana<\/a>: CAGCE + <strong>Best Vari\u00e9t\u00e9 + Nomin\u00e9e Best in Show<\/strong><\/li>\r\n<\/ul>\r\n<h2>Turretot&#8211; 29\/30 Avril 2023<\/h2>\r\n<p><!-- \/wp:list -->\r\n\r\n<!-- wp:list --><\/p>\r\n<ul>\r\n<li><a href=\"http:\/\/elevage-clos-artemis.fr\/index.php\/elevage\/maine-coon\/nos-femelles\/unicum-russian-beauty-dracarys\/\">Unicum RB Dracarys<\/a>: CACIB + CACIB<\/li>\r\n<li><a href=\"http:\/\/elevage-clos-artemis.fr\/index.php\/elevage\/maine-coon\/nos-femelles\/unicum-iguana\/\">Unicum Iguana<\/a>: CAGCE + CAGCE&nbsp;<\/li>\r\n<\/ul>\r\n<p>&nbsp;<\/p>\r\n<p><strong>Septembre<\/strong><\/p>\r\n<p><!-- \/wp:list -->\r\n\r\n<!-- wp:heading --><\/p>\r\n<h2>Chartres&#8211; 9\/10 Septembre 2023<\/h2>\r\n<p><!-- \/wp:heading -->\r\n\r\n<!-- wp:list --><\/p>\r\n<ul>\r\n<li><a href=\"http:\/\/elevage-clos-artemis.fr\/index.php\/elevage\/maine-coon\/nos-femelles\/unicum-russian-beauty-dracarys\/\">Unicum RB Dracarys<\/a>: CAGCI + CAGCI + <strong>Nomin\u00e9e Best in Show<\/strong><\/li>\r\n<li><a href=\"http:\/\/elevage-clos-artemis.fr\/index.php\/elevage\/maine-coon\/nos-femelles\/unicum-iguana\/\">Unicum Iguana<\/a>: CAGCE + CAGCE<\/li>\r\n<li><a href=\"http:\/\/elevage-clos-artemis.fr\/index.php\/elevage\/chat-des-forets-norvegiennes\/nos-femelles\/really-sweet-lemon-crinkle-caladan\/\">Really Sweet Lemon Crinkle Caladan<\/a>: CAC + CAC<\/li>\r\n<li><a href=\"https:\/\/elevage-clos-artemis.fr\/index.php\/elevage\/maine-coon\/nos-femelles\/upsilon-du-chabeaute\/\">Upsilon du Chabeaut\u00e9<\/a>: Excellent 2 3\/6 mois<\/li>\r\n<li>Ukyo du Clos d&rsquo;Art\u00e9mis: Excellent 1 3\/6 mois<\/li>\r\n<li>U&rsquo;Charlus du Clos d&rsquo;Art\u00e9mis: Excellent 1 3\/6 mois, <strong>Best in Show M\u00e2le 3\/6 mois \u00e0 la Sp\u00e9ciale, et 4e Meilleur Norv\u00e9gien de l&rsquo;exposition<\/strong><\/li>\r\n<\/ul>\r\n<p>&nbsp;<\/p>\r\n<p><strong>Octobre<\/strong><\/p>\r\n<p><!-- \/wp:list -->\r\n\r\n<!-- wp:heading --><\/p>\r\n<h2>Semur en Auxois &#8212; 14\/15 Octobre 2023<\/h2>\r\n<p><!-- \/wp:heading -->\r\n\r\n<!-- wp:list --><\/p>\r\n<ul>\r\n<li><a href=\"http:\/\/elevage-clos-artemis.fr\/index.php\/elevage\/maine-coon\/nos-femelles\/unicum-russian-beauty-dracarys\/\">Unicum RB Dracarys<\/a>: CAGCI + CAGCI + <strong>Nomin\u00e9e Best in Show + Prix Sp\u00e9cial<\/strong><\/li>\r\n<li><a href=\"http:\/\/elevage-clos-artemis.fr\/index.php\/elevage\/chat-des-forets-norvegiennes\/nos-femelles\/really-sweet-lemon-crinkle-caladan\/\">Really Sweet Lemon Crinkle Caladan<\/a>: CACIB + CACIB + <strong>Nomin\u00e9e Best in Show<\/strong><\/li>\r\n<li><a href=\"https:\/\/elevage-clos-artemis.fr\/index.php\/elevage\/maine-coon\/nos-femelles\/finja-von-palut\/\">Finja von Pal\u00fct<\/a>: EXC1 3\/6 mois + <strong>Nomin\u00e9e Best in Show<\/strong><\/li>\r\n<\/ul>\r\n<p>&nbsp;<\/p>\r\n<p><strong>Novembre<\/strong><\/p>\r\n<p><!-- \/wp:list -->\r\n\r\n<!-- wp:heading --><\/p>\r\n<h2>Pavillon Baltard &#8212; 04\/05 Novembre 2023<\/h2>\r\n<p><!-- \/wp:heading -->\r\n\r\n<!-- wp:list --><\/p>\r\n<ul>\r\n<li><a href=\"http:\/\/elevage-clos-artemis.fr\/index.php\/elevage\/maine-coon\/nos-femelles\/unicum-russian-beauty-dracarys\/\">Unicum RB Dracarys<\/a>: CACE + CACE + <strong>Nomin\u00e9e Best in Show<\/strong><\/li>\r\n<li><a href=\"https:\/\/elevage-clos-artemis.fr\/index.php\/elevage\/maine-coon\/nos-femelles\/finja-von-palut\/\">Finja von Pal\u00fct<\/a>: EXC1 3\/6 mois + EXC1 3\/6 mois<\/li>\r\n<li><a href=\"https:\/\/elevage-clos-artemis.fr\/index.php\/elevage\/maine-coon\/nos-femelles\/upsilon-du-chabeaute\/\">Upsilon du Chabeaut\u00e9<\/a>:&nbsp; EXC1 3\/6 mois + <strong>Best Vari\u00e9t\u00e9<\/strong> + EXC1 3\/6 mois + <strong>Best in Show<\/strong><\/li>\r\n<li><a href=\"https:\/\/elevage-clos-artemis.fr\/index.php\/elevage\/maine-coon\/nos-femelles\/unicum-iguana\/\">Unicum Iguana<\/a>: Honneur + Honneur + <strong>Nomin\u00e9e Best in Show<\/strong><\/li>\r\n<\/ul>\r\n<h2>Malesherbes &#8212; 18\/19 Novembre 2023<\/h2>\r\n<p><!-- \/wp:list -->\r\n\r\n<!-- wp:list --><\/p>\r\n<ul>\r\n<li><a href=\"http:\/\/elevage-clos-artemis.fr\/index.php\/elevage\/maine-coon\/nos-femelles\/unicum-russian-beauty-dracarys\/\">Unicum RB Dracarys<\/a>: CACE + CACE<\/li>\r\n<li><a href=\"https:\/\/elevage-clos-artemis.fr\/index.php\/elevage\/maine-coon\/nos-femelles\/finja-von-palut\/\">Finja von Pal\u00fct<\/a>: EXC1 3\/6 mois + <strong>Prix Sp\u00e9cial<\/strong> + EXC1 3\/6 mois<\/li>\r\n<li><a href=\"https:\/\/elevage-clos-artemis.fr\/index.php\/elevage\/maine-coon\/nos-femelles\/upsilon-du-chabeaute\/\">Upsilon du Chabeaut\u00e9<\/a>:&nbsp; EXC1 6\/10 mois + EXC1 6\/10 mois<\/li>\r\n<li><a href=\"https:\/\/elevage-clos-artemis.fr\/index.php\/elevage\/maine-coon\/nos-femelles\/unicum-iguana\/\">Unicum Iguana<\/a>: Honneur + Honneur + <strong>Prix Sp\u00e9cial<\/strong><\/li>\r\n<\/ul>\r\n<p><strong>D\u00e9cembre<\/strong><\/p>\r\n<p><!-- \/wp:list -->\r\n\r\n<!-- wp:heading --><\/p>\r\n<h2>Caen &#8212; 09\/10 D\u00e9cembre 2023<\/h2>\r\n<p><!-- \/wp:heading -->\r\n\r\n<!-- wp:list --><\/p>\r\n<ul>\r\n<li><a href=\"http:\/\/elevage-clos-artemis.fr\/index.php\/elevage\/maine-coon\/nos-femelles\/unicum-russian-beauty-dracarys\/\">Unicum RB Dracarys<\/a>: CACE + <strong>Best Vari\u00e9t\u00e9 + Nomin\u00e9e Best in Show<\/strong> + CAGCE + <strong>Best Vari\u00e9t\u00e9<\/strong> + <strong>Nomin\u00e9e Best in Show<\/strong><\/li>\r\n<li><a href=\"https:\/\/elevage-clos-artemis.fr\/index.php\/elevage\/maine-coon\/nos-femelles\/finja-von-palut\/\">Finja von Pal\u00fct<\/a>: EXC1 3\/6 mois + <strong>Best in Show<\/strong> + EXC1 3\/6 mois<\/li>\r\n<li><a href=\"https:\/\/elevage-clos-artemis.fr\/index.php\/elevage\/maine-coon\/nos-femelles\/upsilon-du-chabeaute\/\">Upsilon du Chabeaut\u00e9<\/a>:&nbsp; EXC1 6\/10 mois + EXC1 6\/10 mois + <strong>Best Vari\u00e9t\u00e9 + Nomin\u00e9e<\/strong> <strong>Best in Show<\/strong><\/li>\r\n<\/ul>","protected":false},"excerpt":{"rendered":"<p>Janvier Dammarie les Lys &#8212; 07\/08 Janvier 2023 Unicum RB Dracarys: EXC1 Chaton 6\/10 les deux jours + Prix Sp\u00e9cial&hellip;<\/p>\n","protected":false},"author":1,"featured_media":0,"parent":34,"menu_order":0,"comment_status":"closed","ping_status":"closed","template":"","meta":{"ngg_post_thumbnail":0,"footnotes":""},"class_list":["post-3093","page","type-page","status-publish","hentry"],"_links":{"self":[{"href":"https:\/\/chatterie-clos-artemis.fr\/index.php\/wp-json\/wp\/v2\/pages\/3093","targetHints":{"allow":["GET"]}}],"collection":[{"href":"https:\/\/chatterie-clos-artemis.fr\/index.php\/wp-json\/wp\/v2\/pages"}],"about":[{"href":"https:\/\/chatterie-clos-artemis.fr\/index.php\/wp-json\/wp\/v2\/types\/page"}],"author":[{"embeddable":true,"href":"https:\/\/chatterie-clos-artemis.fr\/index.php\/wp-json\/wp\/v2\/users\/1"}],"replies":[{"embeddable":true,"href":"https:\/\/chatterie-clos-artemis.fr\/index.php\/wp-json\/wp\/v2\/comments?post=3093"}],"version-history":[{"count":9,"href":"https:\/\/chatterie-clos-artemis.fr\/index.php\/wp-json\/wp\/v2\/pages\/3093\/revisions"}],"predecessor-version":[{"id":3377,"href":"https:\/\/chatterie-clos-artemis.fr\/index.php\/wp-json\/wp\/v2\/pages\/3093\/revisions\/3377"}],"up":[{"embeddable":true,"href":"https:\/\/chatterie-clos-artemis.fr\/index.php\/wp-json\/wp\/v2\/pages\/34"}],"wp:attachment":[{"href":"https:\/\/chatterie-clos-artemis.fr\/index.php\/wp-json\/wp\/v2\/media?parent=3093"}],"curies":[{"name":"wp","href":"https:\/\/api.w.org\/{rel}","templated":true}]}}