{"id":2950,"date":"2022-10-20T17:58:04","date_gmt":"2022-10-20T15:58:04","guid":{"rendered":"http:\/\/elevage-clos-artemis.fr\/?page_id=2950"},"modified":"2026-03-31T17:18:41","modified_gmt":"2026-03-31T15:18:41","slug":"nos-anges","status":"publish","type":"page","link":"https:\/\/chatterie-clos-artemis.fr\/index.php\/elevage\/nos-anges\/","title":{"rendered":"Nos anges"},"content":{"rendered":"<p>La vie est un cycle&#8230;<\/p>\n<p>On a beau vouloir les garder le plus longtemps possible pr\u00e8s de nous, parfois la vie nous joue des tours cruels et nous s\u00e9pare plus t\u00f4t que pr\u00e9vu&#8230;<\/p>\n<p><a href=\"https:\/\/chatterie-clos-artemis.fr\/index.php\/elevage\/nos-anges\/opium-du-chabeaute\/\">Opium du Chabeaut\u00e9 27\/03\/2018 &#8211; 04\/09\/2022<\/a><\/p>\n","protected":false},"excerpt":{"rendered":"<p>La vie est un cycle&#8230; On a beau vouloir les garder le plus longtemps possible pr\u00e8s de nous, parfois la&hellip;<\/p>\n","protected":false},"author":1,"featured_media":0,"parent":125,"menu_order":0,"comment_status":"closed","ping_status":"closed","template":"","meta":{"ngg_post_thumbnail":0,"footnotes":""},"class_list":["post-2950","page","type-page","status-publish","hentry"],"_links":{"self":[{"href":"https:\/\/chatterie-clos-artemis.fr\/index.php\/wp-json\/wp\/v2\/pages\/2950","targetHints":{"allow":["GET"]}}],"collection":[{"href":"https:\/\/chatterie-clos-artemis.fr\/index.php\/wp-json\/wp\/v2\/pages"}],"about":[{"href":"https:\/\/chatterie-clos-artemis.fr\/index.php\/wp-json\/wp\/v2\/types\/page"}],"author":[{"embeddable":true,"href":"https:\/\/chatterie-clos-artemis.fr\/index.php\/wp-json\/wp\/v2\/users\/1"}],"replies":[{"embeddable":true,"href":"https:\/\/chatterie-clos-artemis.fr\/index.php\/wp-json\/wp\/v2\/comments?post=2950"}],"version-history":[{"count":2,"href":"https:\/\/chatterie-clos-artemis.fr\/index.php\/wp-json\/wp\/v2\/pages\/2950\/revisions"}],"predecessor-version":[{"id":4228,"href":"https:\/\/chatterie-clos-artemis.fr\/index.php\/wp-json\/wp\/v2\/pages\/2950\/revisions\/4228"}],"up":[{"embeddable":true,"href":"https:\/\/chatterie-clos-artemis.fr\/index.php\/wp-json\/wp\/v2\/pages\/125"}],"wp:attachment":[{"href":"https:\/\/chatterie-clos-artemis.fr\/index.php\/wp-json\/wp\/v2\/media?parent=2950"}],"curies":[{"name":"wp","href":"https:\/\/api.w.org\/{rel}","templated":true}]}}