{"id":2690,"date":"2021-10-12T10:56:54","date_gmt":"2021-10-12T08:56:54","guid":{"rendered":"http:\/\/elevage-clos-artemis.fr\/?page_id=2690"},"modified":"2025-09-17T17:22:18","modified_gmt":"2025-09-17T15:22:18","slug":"unicum-iguana","status":"publish","type":"page","link":"https:\/\/chatterie-clos-artemis.fr\/index.php\/elevage\/maine-coon\/nos-femelles\/unicum-iguana\/","title":{"rendered":"Unicum Iguana"},"content":{"rendered":"<p>&nbsp;<\/p>\n<h5>Caract\u00e9ristiques<\/h5>\n<ul>\n<li>Sexe: Femelle<\/li>\n<li>Robe: Red Ticked Tabby<\/li>\n<li>Naissance: 06\/11\/2020<\/li>\n<li>Tests: carte g\u00e9n\u00e9tique, SMA N\/N, PKDef N\/N, HCM-MC N\/N, GS N\/N, echo coeur\/reins 2023OK<\/li>\n<li>Titre: Supr\u00eame Championne de France<\/li>\n<li>SQR: SQR4 &#8211; Recommand\u00e9e<\/li>\n<li>Pawpeds : A venir<\/li>\n<\/ul>\n<h6><strong>R\u00e9sultats<\/strong><\/h6>\n<ul>\n<li>Chartres 2021: CAC + CAC + <strong>Prix Sp\u00e9cial<\/strong><\/li>\n<li>M\u00e9r\u00e9ville 2021: CAC + <strong>Prix Sp\u00e9cial<\/strong> + <strong>Nomin\u00e9e Best in Show<\/strong> + CACIB<\/li>\n<li>Dammarie les Lys 2022: CACIB + CACIB<\/li>\n<li>Chartres 2022: CAGCI + CAGCI +<strong> Prix Sp\u00e9cial<\/strong><\/li>\n<li>Mereville 2022 : CAGCI + CAGCI + <strong>Prix Sp\u00e9cial<\/strong> + <strong>Best in Show Femelle Adulte Sp\u00e9ciale Maine Coon<\/strong><\/li>\n<li>Caen 2022: CACE + CACE + <strong>Nomin\u00e9e Best in Show Sp\u00e9ciale Maine Coon<\/strong><\/li>\n<li>Paris Animal Show 2023: CACE + CACE + <strong>Best Vari\u00e9t\u00e9<\/strong> + <strong>Nomin\u00e9e Best in Show<\/strong> + CACE + <strong>Best Vari\u00e9t\u00e9<\/strong> + <strong>Nomin\u00e9e Best in Show<\/strong><\/li>\n<li>Evreux 2023: CAGCE + <strong>Best Vari\u00e9t\u00e9 + Nomin\u00e9e Best in Show<\/strong><\/li>\n<li>Turretot 2023: CAGCE + CAGCE<\/li>\n<li>Chartres 2023: CAGCE + CAGCE<\/li>\n<li>Baltard 2023: Honneur + Honneur + <strong>Nomin\u00e9e Best in Show<\/strong><\/li>\n<li>Malesherbes 2023: Honneur + <strong>Prix Sp\u00e9cial<\/strong> + Honneur<\/li>\n<li>S\u00e9mur 2024: Honneur + <strong>Nomin\u00e9e Best in Show<\/strong> + Honneur + <strong>Best in Show<\/strong><\/li>\n<li>Mereville 2024: Honneur + <strong>Nomin\u00e9e Best in Show<\/strong> + Honneur + <strong>Best in Show<\/strong><\/li>\n<li>Paris Animal Show 2025: Honneur + Honneur + <strong>Nomin\u00e9e Best in Show + Prix Sp\u00e9cial<\/strong><\/li>\n<li>Turretot 2025: &nbsp;Honneur 1 + Honneur 1 +&nbsp;<strong>Prix Sp\u00e9cial<\/strong><\/li>\n<li>Anet 2025: Honneur 1 +&nbsp;<strong>Prix Sp\u00e9cial + Best in Show<\/strong>&nbsp;+ Honneur 1 +&nbsp;<strong>Prix Sp\u00e9cial + Best in Show<\/strong><\/li>\n<li>Dreux 2025: Honneur 1 + <strong>Nomin\u00e9e Best in Show Sp\u00e9ciale Maine Coon<\/strong><\/li>\n<\/ul>\nngg_shortcode_0_placeholder\n","protected":false},"excerpt":{"rendered":"<p>&nbsp; Caract\u00e9ristiques Sexe: Femelle Robe: Red Ticked Tabby Naissance: 06\/11\/2020 Tests: carte g\u00e9n\u00e9tique, SMA N\/N, PKDef N\/N, HCM-MC N\/N, GS&hellip;<\/p>\n","protected":false},"author":1,"featured_media":0,"parent":180,"menu_order":0,"comment_status":"closed","ping_status":"closed","template":"","meta":{"ngg_post_thumbnail":0,"footnotes":""},"class_list":["post-2690","page","type-page","status-publish","hentry"],"_links":{"self":[{"href":"https:\/\/chatterie-clos-artemis.fr\/index.php\/wp-json\/wp\/v2\/pages\/2690","targetHints":{"allow":["GET"]}}],"collection":[{"href":"https:\/\/chatterie-clos-artemis.fr\/index.php\/wp-json\/wp\/v2\/pages"}],"about":[{"href":"https:\/\/chatterie-clos-artemis.fr\/index.php\/wp-json\/wp\/v2\/types\/page"}],"author":[{"embeddable":true,"href":"https:\/\/chatterie-clos-artemis.fr\/index.php\/wp-json\/wp\/v2\/users\/1"}],"replies":[{"embeddable":true,"href":"https:\/\/chatterie-clos-artemis.fr\/index.php\/wp-json\/wp\/v2\/comments?post=2690"}],"version-history":[{"count":16,"href":"https:\/\/chatterie-clos-artemis.fr\/index.php\/wp-json\/wp\/v2\/pages\/2690\/revisions"}],"predecessor-version":[{"id":4108,"href":"https:\/\/chatterie-clos-artemis.fr\/index.php\/wp-json\/wp\/v2\/pages\/2690\/revisions\/4108"}],"up":[{"embeddable":true,"href":"https:\/\/chatterie-clos-artemis.fr\/index.php\/wp-json\/wp\/v2\/pages\/180"}],"wp:attachment":[{"href":"https:\/\/chatterie-clos-artemis.fr\/index.php\/wp-json\/wp\/v2\/media?parent=2690"}],"curies":[{"name":"wp","href":"https:\/\/api.w.org\/{rel}","templated":true}]}}