{"id":2603,"date":"2021-06-03T14:32:06","date_gmt":"2021-06-03T12:32:06","guid":{"rendered":"http:\/\/elevage-clos-artemis.fr\/?page_id=2603"},"modified":"2021-07-19T11:40:43","modified_gmt":"2021-07-19T09:40:43","slug":"punk-odins-son","status":"publish","type":"page","link":"https:\/\/chatterie-clos-artemis.fr\/index.php\/elevage\/maine-coon\/nos-chatons\/punk-odins-son\/","title":{"rendered":"Punk &#8211; Odin&rsquo;s Son"},"content":{"rendered":"\r\n<p style=\"text-align: center;\"><strong>Punk du Clos d&rsquo;Art\u00e9mis et MyCat Odin&rsquo;s Son<\/strong><\/p>\r\n\r\n\r\n\r\n<p style=\"text-align: center;\"><strong>Maine Coon<\/strong><\/p>\r\n\r\n\r\n\r\n<p style=\"text-align: center;\">4 chatons n\u00e9s le 20\/05\/2021<\/p>\r\n\r\n\r\n\r\n<p>&nbsp;<\/p>\r\n\r\n\r\n\r\n<p style=\"text-align: center;\">SOAD &#8211; Femelle black silver tortie mackerel tabby- <span style=\"color: #ff0000;\"><strong>RESERVEE<\/strong><\/span><\/p>\r\nngg_shortcode_0_placeholder\r\n<p style=\"text-align: center;\"><\/p>\r\n<p style=\"text-align: center;\"><\/p>\r\n<p style=\"text-align: center;\">Steel Panther &#8211; Femelle black silver tortie mackerel tabby &#8211; <strong><span style=\"color: #ff0000;\">RESERVEE<\/span><\/strong><\/p>\r\nngg_shortcode_1_placeholder\r\n<p style=\"text-align: center;\">Slash &#8211; Femelle Brown tortie blotched tabby &#8211; <span style=\"color: #ff0000;\"><strong>RESERVEE<\/strong><\/span><\/p>\r\nngg_shortcode_2_placeholder\r\n<p style=\"text-align: center;\">Sonata Arctica \u00ab\u00a0Shadow\u00a0\u00bb &#8211; Femelle Black tortie &#8211; <span style=\"color: #ff0000;\"><strong>RESERVEE<\/strong><\/span><\/p>\r\nngg_shortcode_3_placeholder\r\n\r\n\r\n\r\n\r\n\r\n<p style=\"text-align: center;\">P\u00e8re: MyCat Odin&rsquo;s Son &#8211; Red Silver Blotched Tabby &#8211; Non titr\u00e9 pour le moment, merci covid !<\/p>\r\nngg_shortcode_4_placeholder\r\n\r\n\r\n\r\n<p style=\"text-align: center;\">M\u00e8re: Punk du Clos d&rsquo;Art\u00e9mis &#8211; Black Smoke &#8211; Non titr\u00e9 pour le moment, merci covid !<\/p>\r\nngg_shortcode_5_placeholder\r\n","protected":false},"excerpt":{"rendered":"<p>Punk du Clos d&rsquo;Art\u00e9mis et MyCat Odin&rsquo;s Son Maine Coon 4 chatons n\u00e9s le 20\/05\/2021 &nbsp; SOAD &#8211; Femelle black&hellip;<\/p>\n","protected":false},"author":1,"featured_media":0,"parent":186,"menu_order":0,"comment_status":"closed","ping_status":"closed","template":"","meta":{"ngg_post_thumbnail":0,"footnotes":""},"class_list":["post-2603","page","type-page","status-publish","hentry"],"_links":{"self":[{"href":"https:\/\/chatterie-clos-artemis.fr\/index.php\/wp-json\/wp\/v2\/pages\/2603","targetHints":{"allow":["GET"]}}],"collection":[{"href":"https:\/\/chatterie-clos-artemis.fr\/index.php\/wp-json\/wp\/v2\/pages"}],"about":[{"href":"https:\/\/chatterie-clos-artemis.fr\/index.php\/wp-json\/wp\/v2\/types\/page"}],"author":[{"embeddable":true,"href":"https:\/\/chatterie-clos-artemis.fr\/index.php\/wp-json\/wp\/v2\/users\/1"}],"replies":[{"embeddable":true,"href":"https:\/\/chatterie-clos-artemis.fr\/index.php\/wp-json\/wp\/v2\/comments?post=2603"}],"version-history":[{"count":8,"href":"https:\/\/chatterie-clos-artemis.fr\/index.php\/wp-json\/wp\/v2\/pages\/2603\/revisions"}],"predecessor-version":[{"id":2655,"href":"https:\/\/chatterie-clos-artemis.fr\/index.php\/wp-json\/wp\/v2\/pages\/2603\/revisions\/2655"}],"up":[{"embeddable":true,"href":"https:\/\/chatterie-clos-artemis.fr\/index.php\/wp-json\/wp\/v2\/pages\/186"}],"wp:attachment":[{"href":"https:\/\/chatterie-clos-artemis.fr\/index.php\/wp-json\/wp\/v2\/media?parent=2603"}],"curies":[{"name":"wp","href":"https:\/\/api.w.org\/{rel}","templated":true}]}}