{"id":259,"date":"2017-12-04T11:41:22","date_gmt":"2017-12-04T10:41:22","guid":{"rendered":"http:\/\/elevage-clos-artemis.fr\/?page_id=259"},"modified":"2023-12-14T16:31:22","modified_gmt":"2023-12-14T15:31:22","slug":"informations-et-conditions","status":"publish","type":"page","link":"https:\/\/chatterie-clos-artemis.fr\/index.php\/elevage\/chat-des-forets-norvegiennes\/informations-et-conditions\/","title":{"rendered":"Informations et conditions"},"content":{"rendered":"<p><strong>D\u00e9part des chatons&nbsp;<\/strong><\/p>\n<p>Nos chatons quittent l&rsquo;\u00e9levage vers 12-14 semaines, apr\u00e8s avoir \u00e9t\u00e9 parfaitement sociabilis\u00e9s. Ils auront \u00e9t\u00e9 en contact avec d&rsquo;autres chats de plusieurs races, et \u00e9galement des chiens de divers gabarits.&nbsp;<\/p>\n<p>Nous les laissons \u00e0 leur famille avec au minimum:<\/p>\n<ul>\n<li>Un kit chaton<\/li>\n<li>Vaccins typhus\/leucose\/coryza et vermifug\u00e9s plusieurs fois<\/li>\n<li>Identification par puce<\/li>\n<li>Certificat de bonne sant\u00e9 d&rsquo;un v\u00e9t\u00e9rinaire<\/li>\n<li>Carte d&rsquo;identification<\/li>\n<li>Copie des tests g\u00e9n\u00e9tiques des parents ainsi qu&rsquo;une copie des \u00e9chographies coeur\/reins<\/li>\n<li>Pedigree du chaton d\u00e8s sa r\u00e9ception par le LOOF (accus\u00e9 de r\u00e9ception de la demande fourni en attendant)<\/li>\n<li>Carte g\u00e9n\u00e9tique et v\u00e9rification de parent\u00e9<\/li>\n<\/ul>\n<p>La qualit\u00e9 et la sant\u00e9 de nos reproducteurs sont nos priorit\u00e9s absolues. Nous sommes membres du coll\u00e8ge des \u00e9leveurs du LOOF, et tous nos reproducteurs sont inscrits au Syst\u00e8me de Qualification des Reproducteurs, que vous pouvez retrouver ici: <a href=\"https:\/\/loof.asso.fr\/principe-du-sqr\">Qu&rsquo;est ce que le syst\u00e8me SQR<\/a><\/p>\n<p>Nous faisons \u00e9galement partis de clubs d&rsquo;exposition, de la Commission des Eleveurs du LOOF et du Conseil d&rsquo;Administration du LOOF. L&rsquo;\u00e9levage de chat de race est une passion pour nous. Chaque chaton est \u00e9lev\u00e9 avec amour, dans un environnement attentivement am\u00e9nag\u00e9 pour favoriser leur bien-\u00eatre et leur \u00e9panouissement. Nous mettons un point d&rsquo;honneur \u00e0 respecter des crit\u00e8res rigoureux de sant\u00e9 et de s\u00e9lection, en travaillant avec des lign\u00e9es saines et en veillant \u00e0 leur suivi v\u00e9t\u00e9rinaire r\u00e9gulier. Tous nos chats sont test\u00e9s p\u00e9riodiquement FIV\/Felv, et des \u00e9chographies coeur\/reins sont r\u00e9alis\u00e9es tous les ans. Nos reproducteurs Maine Coon sont tous indemnes de SMA, PKDef et HCM-A, et nos Norv\u00e9giens de GSD4 et PKDef (par parent\u00e9, ou directement via tests).<\/p>\n<p>Notre engagement envers l&rsquo;excellence nous guide dans le choix des reproducteurs afin de garantir des chatons en parfaite sant\u00e9, dot\u00e9s de caract\u00e8res \u00e9quilibr\u00e9s et de superbes traits physiques. En tant qu&rsquo;\u00e9leveurs passionn\u00e9s, nous sommes fiers de partager notre amour pour ces majestueuses races f\u00e9lines en offrant des compagnons exceptionnels, pr\u00eats \u00e0 enrichir votre foyer de leur pr\u00e9sence unique et aimante.<\/p>\n<p>Nous mettons un point d&rsquo;honneur \u00e0 suivre le parcours de nos petites boules de poils, notre travail ne s&rsquo;arr\u00eatant pas le jour o\u00f9 ils partent de chez nous. Nous serons toujours \u00e0 votre disposition pour r\u00e9pondre \u00e0 vos questions et vous dispenser des conseils afin de vous aider \u00e0 vous occuper au mieux de votre petit compagnon.<\/p>\n<p><strong>Nous ne vendons en g\u00e9n\u00e9ral pas de chatons sans au pr\u00e9alable une visite \u00e0 l&rsquo;\u00e9levage, pour un premier contact avec nous et avec le chaton. Si vous habitez vraiment tr\u00e8s loin de la chatterie, nous aurons de multiples contacts t\u00e9l\u00e9phoniques avant toute r\u00e9servation.<\/strong><\/p>\n<p><b>Acc\u00e8s \u00e0 l&rsquo;ext\u00e9rieur<\/b><\/p>\n<p>Nous ne vendons pas nos chatons \u00e0 des personnes qui souhaiteraient les laisser vagabonder dans la nature&#8230; \u00ab\u00a0Il va \u00eatre malheureux si il n&rsquo;est pas libre\u00a0\u00bb n&rsquo;est qu&rsquo;une l\u00e9gende urbaine, votre chat peut vivre toute sa vie en int\u00e9rieur et \u00eatre parfaitement heureux et \u00e9panoui.<\/p>\n<p>Pour information, la moyenne d&rsquo;esp\u00e9rance de vie d&rsquo;un chat livr\u00e9 au vagabondage est de trois ans. Et vous l&rsquo;exposer \u00e0 mourir d&rsquo;une mort atroce et souvent douloureuse.<strong> Un chat dehors est un chat mort.<\/strong><\/p>\n<p><img loading=\"lazy\" decoding=\"async\" class=\"aligncenter size-medium wp-image-1523\" src=\"http:\/\/elevage-clos-artemis.fr\/wp-content\/uploads\/2019\/08\/dangers-300x300.jpg\" alt=\"\" width=\"300\" height=\"300\" srcset=\"https:\/\/chatterie-clos-artemis.fr\/wp-content\/uploads\/2019\/08\/dangers-300x300.jpg 300w, https:\/\/chatterie-clos-artemis.fr\/wp-content\/uploads\/2019\/08\/dangers-150x150.jpg 150w, https:\/\/chatterie-clos-artemis.fr\/wp-content\/uploads\/2019\/08\/dangers-768x768.jpg 768w, https:\/\/chatterie-clos-artemis.fr\/wp-content\/uploads\/2019\/08\/dangers.jpg 960w\" sizes=\"auto, (max-width: 300px) 100vw, 300px\" \/><\/p>\n<p><strong>Prix des chatons&nbsp;<\/strong><\/p>\n<p>Les tarifs appliqu\u00e9s sont ceux habituellement pratiqu\u00e9s en fonction de la race. Ils peuvent \u00eatre modul\u00e9s en fonction du lignage du chaton, et des diff\u00e9rents frais engag\u00e9s (tests divers, &#8230;).<\/p>\n<p>Nous acceptons si besoin des facilit\u00e9s de paiement. Le chaton pourra soit \u00eatre r\u00e9gl\u00e9 dans sa totalit\u00e9 au moment du d\u00e9part dans sa famille, &nbsp;soit r\u00e9gl\u00e9 par ch\u00e8que en trois mensualit\u00e9s.<\/p>\n<p>Il est possible de mettre une <strong>Option<\/strong> d\u00e8s les 2-3 semaines des chatons (d\u00e8s la naissance si vous \u00eates en attente d&rsquo;un chaton en particulier, et que nous en avons bien discut\u00e9 ensemble auparavant), mais ils ne peuvent \u00eatre <strong>r\u00e9serv\u00e9s<\/strong> qu&rsquo;\u00e0 partir de <strong>quatre<\/strong>&#8211;<strong>cinq semaines<\/strong>. Des <strong>arrhes&nbsp;(entre 20% et 30%)<\/strong> seront demand\u00e9s au moment de la r\u00e9servation, et l&rsquo;acheteur est d\u00e9finitivement engag\u00e9, sauf probl\u00e8me de sant\u00e9 de l&rsquo;animal.<\/p>\n<p>Un bon de r\u00e9servation en 2 exemplaires sera fourni pour la r\u00e9servation.<\/p>\n<p>RAPPEL DE LA LOI DU 12 mai 1980 n\u00b0 80335 : L&rsquo;animal reste la propri\u00e9t\u00e9 du vendeur jusqu&rsquo;au paiement int\u00e9gral de son prix.&nbsp;<\/p>\n<p><strong>Types de vente<\/strong><\/p>\n<p><strong>Chat de compagnie<\/strong><\/p>\n<p>Les chatons vendus pour compagnie ne sont pas destin\u00e9s \u00e0 la reproduction. L&rsquo;acheteur s&rsquo;engage, avec contrat, \u00e0 le faire st\u00e9riliser sans avoir r\u00e9alis\u00e9 de saillie, et \u00e0 nous fournir un certificat de st\u00e9rilisation fournit par le v\u00e9t\u00e9rinaire.<\/p>\n<p><strong>&nbsp;Chat destin\u00e9 \u00e0 la reproduction<\/strong><\/p>\n<p>Nous vendons les chatons destin\u00e9s \u00e0 la reproduction uniquement aux \u00e9leveurs en possession d&rsquo;un <strong>affixe<\/strong> et d&rsquo;un <strong>certificat de capacit\u00e9<\/strong>.<\/p>\n<p>&nbsp;<\/p>\n","protected":false},"excerpt":{"rendered":"<p>D\u00e9part des chatons&nbsp; Nos chatons quittent l&rsquo;\u00e9levage vers 12-14 semaines, apr\u00e8s avoir \u00e9t\u00e9 parfaitement sociabilis\u00e9s. Ils auront \u00e9t\u00e9 en contact&hellip;<\/p>\n","protected":false},"author":1,"featured_media":0,"parent":130,"menu_order":0,"comment_status":"closed","ping_status":"closed","template":"","meta":{"ngg_post_thumbnail":0,"footnotes":""},"class_list":["post-259","page","type-page","status-publish","hentry"],"_links":{"self":[{"href":"https:\/\/chatterie-clos-artemis.fr\/index.php\/wp-json\/wp\/v2\/pages\/259","targetHints":{"allow":["GET"]}}],"collection":[{"href":"https:\/\/chatterie-clos-artemis.fr\/index.php\/wp-json\/wp\/v2\/pages"}],"about":[{"href":"https:\/\/chatterie-clos-artemis.fr\/index.php\/wp-json\/wp\/v2\/types\/page"}],"author":[{"embeddable":true,"href":"https:\/\/chatterie-clos-artemis.fr\/index.php\/wp-json\/wp\/v2\/users\/1"}],"replies":[{"embeddable":true,"href":"https:\/\/chatterie-clos-artemis.fr\/index.php\/wp-json\/wp\/v2\/comments?post=259"}],"version-history":[{"count":24,"href":"https:\/\/chatterie-clos-artemis.fr\/index.php\/wp-json\/wp\/v2\/pages\/259\/revisions"}],"predecessor-version":[{"id":3371,"href":"https:\/\/chatterie-clos-artemis.fr\/index.php\/wp-json\/wp\/v2\/pages\/259\/revisions\/3371"}],"up":[{"embeddable":true,"href":"https:\/\/chatterie-clos-artemis.fr\/index.php\/wp-json\/wp\/v2\/pages\/130"}],"wp:attachment":[{"href":"https:\/\/chatterie-clos-artemis.fr\/index.php\/wp-json\/wp\/v2\/media?parent=259"}],"curies":[{"name":"wp","href":"https:\/\/api.w.org\/{rel}","templated":true}]}}