{"id":2548,"date":"2021-02-24T09:43:31","date_gmt":"2021-02-24T08:43:31","guid":{"rendered":"http:\/\/elevage-clos-artemis.fr\/?page_id=2548"},"modified":"2021-05-12T20:54:25","modified_gmt":"2021-05-12T18:54:25","slug":"nott-oural","status":"publish","type":"page","link":"https:\/\/chatterie-clos-artemis.fr\/index.php\/elevage\/chat-des-forets-norvegiennes\/nos-chatons\/nott-oural\/","title":{"rendered":"Nott &#8211; Oural"},"content":{"rendered":"\r\n<p style=\"text-align: center;\"><strong>Nott du Clos d&rsquo;Art\u00e9mis et Oural de la Cie Etoil\u00e9e<\/strong><\/p>\r\n\r\n\r\n\r\n<p style=\"text-align: center;\"><strong>Chats des for\u00eats norv\u00e9giennes<\/strong><\/p>\r\n\r\n\r\n\r\n<p style=\"text-align: center;\">3 chatons n\u00e9s le 20\/02\/2021<\/p>\r\n\r\n\r\n\r\n<p>&nbsp;<\/p>\r\n\r\n\r\n\r\n<p style=\"text-align: center;\">Sachiko &#8211; Femelle black silver tortie mackerel tabby- <span style=\"color: #ff0000;\"><strong>RESERVEE<\/strong><\/span><\/p>\r\nngg_shortcode_0_placeholder\r\n<p style=\"text-align: center;\"><\/p>\r\n<p style=\"text-align: center;\"><\/p>\r\n<p style=\"text-align: center;\">Saori- Femelle brown mackerel tabby et blanc &#8211; <span style=\"color: #ff0000;\"><strong>RESERVEE<\/strong><\/span><\/p>\r\nngg_shortcode_1_placeholder\r\n<p style=\"text-align: center;\">Sakura &#8211; Femelle Black Silver tortie mackerel tabby et blanc &#8211; <strong><span style=\"color: #ff0000;\">RESTE A LA CHATTERIE<\/span><\/strong><\/p>\r\nngg_shortcode_2_placeholder\r\n\r\n\r\n\r\n\r\n\r\n<p style=\"text-align: center;\">P\u00e8re: Oural de la Cie Etoil\u00e9e &#8211; Brown Mackerel Tabby et Blanc &#8211; Quadruple Champion de France &#8211; SQR4<\/p>\r\nngg_shortcode_3_placeholder\r\n\r\n\r\n\r\n<p style=\"text-align: center;\">M\u00e8re: Nott du Clos d&rsquo;Art\u00e9mis &#8211; Bleu silver tortie mackerel tabby &#8211; Triple Championne de France &#8211; SQR2<\/p>\r\n\r\nngg_shortcode_4_placeholder","protected":false},"excerpt":{"rendered":"<p>Nott du Clos d&rsquo;Art\u00e9mis et Oural de la Cie Etoil\u00e9e Chats des for\u00eats norv\u00e9giennes 3 chatons n\u00e9s le 20\/02\/2021 &nbsp;&hellip;<\/p>\n","protected":false},"author":1,"featured_media":0,"parent":149,"menu_order":0,"comment_status":"closed","ping_status":"closed","template":"","meta":{"ngg_post_thumbnail":0,"footnotes":""},"class_list":["post-2548","page","type-page","status-publish","hentry"],"_links":{"self":[{"href":"https:\/\/chatterie-clos-artemis.fr\/index.php\/wp-json\/wp\/v2\/pages\/2548","targetHints":{"allow":["GET"]}}],"collection":[{"href":"https:\/\/chatterie-clos-artemis.fr\/index.php\/wp-json\/wp\/v2\/pages"}],"about":[{"href":"https:\/\/chatterie-clos-artemis.fr\/index.php\/wp-json\/wp\/v2\/types\/page"}],"author":[{"embeddable":true,"href":"https:\/\/chatterie-clos-artemis.fr\/index.php\/wp-json\/wp\/v2\/users\/1"}],"replies":[{"embeddable":true,"href":"https:\/\/chatterie-clos-artemis.fr\/index.php\/wp-json\/wp\/v2\/comments?post=2548"}],"version-history":[{"count":11,"href":"https:\/\/chatterie-clos-artemis.fr\/index.php\/wp-json\/wp\/v2\/pages\/2548\/revisions"}],"predecessor-version":[{"id":2599,"href":"https:\/\/chatterie-clos-artemis.fr\/index.php\/wp-json\/wp\/v2\/pages\/2548\/revisions\/2599"}],"up":[{"embeddable":true,"href":"https:\/\/chatterie-clos-artemis.fr\/index.php\/wp-json\/wp\/v2\/pages\/149"}],"wp:attachment":[{"href":"https:\/\/chatterie-clos-artemis.fr\/index.php\/wp-json\/wp\/v2\/media?parent=2548"}],"curies":[{"name":"wp","href":"https:\/\/api.w.org\/{rel}","templated":true}]}}