{"id":2500,"date":"2021-02-12T15:49:39","date_gmt":"2021-02-12T14:49:39","guid":{"rendered":"http:\/\/elevage-clos-artemis.fr\/?page_id=2500"},"modified":"2021-05-12T20:52:48","modified_gmt":"2021-05-12T18:52:48","slug":"maya-odins-son","status":"publish","type":"page","link":"https:\/\/chatterie-clos-artemis.fr\/index.php\/maya-odins-son\/","title":{"rendered":"Maya &#8211; Odin&rsquo;s Son"},"content":{"rendered":"\r\n<p style=\"text-align: center;\"><strong>Maya de Coon&rsquo;s of the Gang &amp; MyCat Odin&rsquo;s Son<\/strong><\/p>\r\n\r\n\r\n\r\n<p style=\"text-align: center;\"><strong>Maine Coon<\/strong><\/p>\r\n\r\n\r\n\r\n<p style=\"text-align: center;\">2 chatons n\u00e9s le 07\/01\/2021<\/p>\r\n\r\n\r\n\r\n<p>&nbsp;<\/p>\r\n\r\n\r\n\r\n<p style=\"text-align: center;\">Soledad &#8211; Femelle brown tortie mackerel tabby &#8211; <span style=\"color: #ff0000;\"><strong>RESERVEE<\/strong><\/span><\/p>\r\nngg_shortcode_0_placeholder\r\n<p style=\"text-align: center;\"><\/p>\r\n<p style=\"text-align: center;\"><\/p>\r\n<p style=\"text-align: center;\">S&rsquo;Brooklyn \u00ab\u00a0Sodebo\u00a0\u00bb &#8211; Femelle brown tortie mackerel tabby &#8211; <span style=\"color: #ff0000;\"><strong>RESERVEE<\/strong><\/span><\/p>\r\n<p style=\"text-align: center;\"><span style=\"color: #ff0000;\">ATTENTION: So&rsquo;debo est un chaton handicap\u00e9 auquel il manque une patte avant. Nous lui cherchons donc une famille tr\u00e8s tr\u00e8s sp\u00e9ciale pour s&rsquo;occuper d&rsquo;elle au mieux. Les conditions de son acquisition seront sp\u00e9ciales. Nous contacter directement.<\/span><\/p>\r\n\r\n\r\n\r\nngg_shortcode_1_placeholder\r\n\r\n\r\n\r\n<p style=\"text-align: center;\">P\u00e8re: MyCat Odin&rsquo;s Son &#8211; Red Silver Blotched Tabby &#8211; D\u00e9but du championnat bient\u00f4t (merci covid&#8230;)<\/p>\r\nngg_shortcode_2_placeholder\r\n\r\n\r\n\r\n<p style=\"text-align: center;\">M\u00e8re: Maya de Coon&rsquo;s of the Gang &#8211; Brown Mackerel Tabby &#8211; Triple Championne de France &#8211; SQR4<\/p>\r\n\r\nngg_shortcode_3_placeholder","protected":false},"excerpt":{"rendered":"<p>Maya de Coon&rsquo;s of the Gang &amp; MyCat Odin&rsquo;s Son Maine Coon 2 chatons n\u00e9s le 07\/01\/2021 &nbsp; Soledad &#8211;&hellip;<\/p>\n","protected":false},"author":1,"featured_media":0,"parent":0,"menu_order":0,"comment_status":"closed","ping_status":"closed","template":"","meta":{"ngg_post_thumbnail":0,"footnotes":""},"class_list":["post-2500","page","type-page","status-publish","hentry"],"_links":{"self":[{"href":"https:\/\/chatterie-clos-artemis.fr\/index.php\/wp-json\/wp\/v2\/pages\/2500","targetHints":{"allow":["GET"]}}],"collection":[{"href":"https:\/\/chatterie-clos-artemis.fr\/index.php\/wp-json\/wp\/v2\/pages"}],"about":[{"href":"https:\/\/chatterie-clos-artemis.fr\/index.php\/wp-json\/wp\/v2\/types\/page"}],"author":[{"embeddable":true,"href":"https:\/\/chatterie-clos-artemis.fr\/index.php\/wp-json\/wp\/v2\/users\/1"}],"replies":[{"embeddable":true,"href":"https:\/\/chatterie-clos-artemis.fr\/index.php\/wp-json\/wp\/v2\/comments?post=2500"}],"version-history":[{"count":5,"href":"https:\/\/chatterie-clos-artemis.fr\/index.php\/wp-json\/wp\/v2\/pages\/2500\/revisions"}],"predecessor-version":[{"id":2597,"href":"https:\/\/chatterie-clos-artemis.fr\/index.php\/wp-json\/wp\/v2\/pages\/2500\/revisions\/2597"}],"wp:attachment":[{"href":"https:\/\/chatterie-clos-artemis.fr\/index.php\/wp-json\/wp\/v2\/media?parent=2500"}],"curies":[{"name":"wp","href":"https:\/\/api.w.org\/{rel}","templated":true}]}}