{"id":2475,"date":"2021-01-22T11:57:02","date_gmt":"2021-01-22T10:57:02","guid":{"rendered":"http:\/\/elevage-clos-artemis.fr\/?page_id=2475"},"modified":"2022-11-02T21:36:25","modified_gmt":"2022-11-02T20:36:25","slug":"nos-retraites","status":"publish","type":"page","link":"https:\/\/chatterie-clos-artemis.fr\/index.php\/elevage\/maine-coon\/nos-retraites\/","title":{"rendered":"Nos retrait\u00e9s"},"content":{"rendered":"<p><a href=\"http:\/\/elevage-clos-artemis.fr\/index.php\/elevage\/maine-coon\/nos-femelles\/maya-de-coons-of-the-gang\/\">Maya de Coon&rsquo;s of the Gang<\/a><\/p>\n<p><a href=\"http:\/\/elevage-clos-artemis.fr\/index.php\/phylea-de-clecybeliere\/\">Phyl\u00e9a de Cl\u00e9cybeli\u00e8re<\/a><\/p>\n<p><a href=\"http:\/\/elevage-clos-artemis.fr\/index.php\/elevage\/maine-coon\/nos-males\/only-you-aslan-du-clos-dartemis\/\">Only You Aslan du Clos d&rsquo;Art\u00e9mis<\/a><\/p>\n","protected":false},"excerpt":{"rendered":"<p>Maya de Coon&rsquo;s of the Gang Phyl\u00e9a de Cl\u00e9cybeli\u00e8re Only You Aslan du Clos d&rsquo;Art\u00e9mis<\/p>\n","protected":false},"author":1,"featured_media":0,"parent":128,"menu_order":0,"comment_status":"closed","ping_status":"closed","template":"","meta":{"ngg_post_thumbnail":0,"footnotes":""},"class_list":["post-2475","page","type-page","status-publish","hentry"],"_links":{"self":[{"href":"https:\/\/chatterie-clos-artemis.fr\/index.php\/wp-json\/wp\/v2\/pages\/2475","targetHints":{"allow":["GET"]}}],"collection":[{"href":"https:\/\/chatterie-clos-artemis.fr\/index.php\/wp-json\/wp\/v2\/pages"}],"about":[{"href":"https:\/\/chatterie-clos-artemis.fr\/index.php\/wp-json\/wp\/v2\/types\/page"}],"author":[{"embeddable":true,"href":"https:\/\/chatterie-clos-artemis.fr\/index.php\/wp-json\/wp\/v2\/users\/1"}],"replies":[{"embeddable":true,"href":"https:\/\/chatterie-clos-artemis.fr\/index.php\/wp-json\/wp\/v2\/comments?post=2475"}],"version-history":[{"count":3,"href":"https:\/\/chatterie-clos-artemis.fr\/index.php\/wp-json\/wp\/v2\/pages\/2475\/revisions"}],"predecessor-version":[{"id":3010,"href":"https:\/\/chatterie-clos-artemis.fr\/index.php\/wp-json\/wp\/v2\/pages\/2475\/revisions\/3010"}],"up":[{"embeddable":true,"href":"https:\/\/chatterie-clos-artemis.fr\/index.php\/wp-json\/wp\/v2\/pages\/128"}],"wp:attachment":[{"href":"https:\/\/chatterie-clos-artemis.fr\/index.php\/wp-json\/wp\/v2\/media?parent=2475"}],"curies":[{"name":"wp","href":"https:\/\/api.w.org\/{rel}","templated":true}]}}