{"id":2425,"date":"2020-11-23T16:41:13","date_gmt":"2020-11-23T15:41:13","guid":{"rendered":"http:\/\/elevage-clos-artemis.fr\/?page_id=2425"},"modified":"2021-01-22T12:04:05","modified_gmt":"2021-01-22T11:04:05","slug":"opium-aslan-2","status":"publish","type":"page","link":"https:\/\/chatterie-clos-artemis.fr\/index.php\/elevage\/maine-coon\/nos-chatons\/opium-aslan-2\/","title":{"rendered":"Opium &#8211; Aslan"},"content":{"rendered":"\r\n<p style=\"text-align: center;\"><strong>Opium du Chabeaut\u00e9 &amp; Only You Aslan du Clos d&rsquo;Art\u00e9mis<\/strong><\/p>\r\n\r\n\r\n\r\n<p style=\"text-align: center;\"><strong>Maine Coon<\/strong><\/p>\r\n\r\n\r\n\r\n<p style=\"text-align: center;\">7 chatons n\u00e9s le 06\/11\/2020<\/p>\r\n\r\n\r\n\r\n<p>&nbsp;<\/p>\r\n\r\n\r\n\r\n<p style=\"text-align: center;\">Rainbow &#8211; Femelle brown tortie blotched tabby &#8211; <span style=\"color: #ff0000;\"><strong>RESERVEE<\/strong><\/span><\/p>\r\n<p style=\"text-align: center;\"><\/p>\r\nngg_shortcode_0_placeholder\r\n<p style=\"text-align: center;\"><\/p>\r\n<p style=\"text-align: center;\">Rhapsody Of Fire &#8211; Femelle black tortie smoke &#8211; <strong><span style=\"color: #ff0000;\">RESTE A LA CHATTERIE<\/span><\/strong><\/p>\r\n\r\nngg_shortcode_1_placeholder\r\n\r\n<p style=\"text-align: center;\">Red Hot Chili Pepper &#8211; M\u00e2le red self &#8211; <span style=\"color: #ff0000;\"><strong>RESERVE<\/strong><\/span><\/p>\r\n\r\nngg_shortcode_2_placeholder\r\n\r\n\r\n\r\n\r\n\r\n<p style=\"text-align: center;\">Rammstein &#8211; M\u00e2le black &#8211; <span style=\"color: #ff0000;\"><strong>RESERVE<\/strong><\/span><\/p>\r\n\r\nngg_shortcode_3_placeholder\r\n\r\n<p style=\"text-align: center;\">Rose Tattoo &#8211; Femelle black &#8211; <span style=\"color: #ff0000;\"><strong>RESTE A LA CHATTERIE<\/strong><\/span><\/p>\r\n\r\nngg_shortcode_4_placeholder\r\n\r\n<p style=\"text-align: center;\">Rolling Stones &#8211; M\u00e2le black smoke &#8211; <span style=\"color: #ff0000;\"><strong>RESERVE<\/strong><\/span><\/p>\r\n\r\nngg_shortcode_5_placeholder\r\n\r\n<p style=\"text-align: center;\">Rage Against The Machine &#8211; M\u00e2le black silver blotched tabby &#8211; <span style=\"color: #ff0000;\"><strong>RESERVE<\/strong><\/span><\/p>\r\n\r\nngg_shortcode_6_placeholder\r\n\r\n<p style=\"text-align: center;\">&nbsp;<\/p>\r\n\r\n\r\n\r\n<p style=\"text-align: center;\">P\u00e8re: Only You Aslan du Clos d&rsquo;Art\u00e9mis &#8211; Black Silver Spotted Tabby- Quadruple Champion de France &#8211; SQR4<\/p>\r\n\r\nngg_shortcode_7_placeholder\r\n\r\n<p style=\"text-align: left;\">&nbsp;<\/p>\r\n\r\n\r\n\r\n<p style=\"text-align: left;\">&nbsp;<\/p>\r\n\r\n\r\n\r\n<p style=\"text-align: center;\">M\u00e8re: Opium du Chabeaut\u00e9 &#8211; Brown Tortie Blotched Tabby &#8211; Quadruple Championne de France &#8211; SQR4<\/p>\r\n\r\nngg_shortcode_8_placeholder","protected":false},"excerpt":{"rendered":"<p>Opium du Chabeaut\u00e9 &amp; Only You Aslan du Clos d&rsquo;Art\u00e9mis Maine Coon 7 chatons n\u00e9s le 06\/11\/2020 &nbsp; Rainbow &#8211;&hellip;<\/p>\n","protected":false},"author":1,"featured_media":0,"parent":186,"menu_order":0,"comment_status":"closed","ping_status":"closed","template":"","meta":{"ngg_post_thumbnail":0,"footnotes":""},"class_list":["post-2425","page","type-page","status-publish","hentry"],"_links":{"self":[{"href":"https:\/\/chatterie-clos-artemis.fr\/index.php\/wp-json\/wp\/v2\/pages\/2425","targetHints":{"allow":["GET"]}}],"collection":[{"href":"https:\/\/chatterie-clos-artemis.fr\/index.php\/wp-json\/wp\/v2\/pages"}],"about":[{"href":"https:\/\/chatterie-clos-artemis.fr\/index.php\/wp-json\/wp\/v2\/types\/page"}],"author":[{"embeddable":true,"href":"https:\/\/chatterie-clos-artemis.fr\/index.php\/wp-json\/wp\/v2\/users\/1"}],"replies":[{"embeddable":true,"href":"https:\/\/chatterie-clos-artemis.fr\/index.php\/wp-json\/wp\/v2\/comments?post=2425"}],"version-history":[{"count":16,"href":"https:\/\/chatterie-clos-artemis.fr\/index.php\/wp-json\/wp\/v2\/pages\/2425\/revisions"}],"predecessor-version":[{"id":2483,"href":"https:\/\/chatterie-clos-artemis.fr\/index.php\/wp-json\/wp\/v2\/pages\/2425\/revisions\/2483"}],"up":[{"embeddable":true,"href":"https:\/\/chatterie-clos-artemis.fr\/index.php\/wp-json\/wp\/v2\/pages\/186"}],"wp:attachment":[{"href":"https:\/\/chatterie-clos-artemis.fr\/index.php\/wp-json\/wp\/v2\/media?parent=2425"}],"curies":[{"name":"wp","href":"https:\/\/api.w.org\/{rel}","templated":true}]}}