{"id":2133,"date":"2020-06-22T14:46:50","date_gmt":"2020-06-22T12:46:50","guid":{"rendered":"http:\/\/elevage-clos-artemis.fr\/?page_id=2133"},"modified":"2020-09-15T15:58:21","modified_gmt":"2020-09-15T13:58:21","slug":"matryoshka-qalypso","status":"publish","type":"page","link":"https:\/\/chatterie-clos-artemis.fr\/index.php\/elevage\/maine-coon\/nos-chatons\/matryoshka-qalypso\/","title":{"rendered":"Matryoshka &#8211; Qalypso"},"content":{"rendered":"\r\n<p style=\"text-align: center;\"><strong>Captain Coon&rsquo;s Matryoshka &amp; Qualypso des F\u00e9lins de Lut\u00e8ce<\/strong><\/p>\r\n\r\n\r\n\r\n<p style=\"text-align: center;\"><strong>Maine Coon<\/strong><\/p>\r\n\r\n\r\n\r\n<p style=\"text-align: center;\">5 chatons n\u00e9s le 17\/06\/2020&nbsp;<\/p>\r\n<p>&nbsp;<\/p>\r\n<p style=\"text-align: center;\"><strong>Roman\u00e9e-Conti &#8211; M\u00e2le Cr\u00e8me et Blanc &#8211; <span style=\"color: #ff0000;\">RESERVE<\/span><\/strong><\/p>\r\nngg_shortcode_0_placeholder\r\n<p style=\"text-align: center;\"><strong>Riesling &#8211; M\u00e2le Red Mackerel Tabby et Blanc &#8211; <span style=\"color: #ff0000;\">RESERVE<\/span><\/strong><\/p>\r\nngg_shortcode_1_placeholder\r\n<p style=\"text-align: center;\"><b>R\u00e9hoboam &#8211; M\u00e2le Bleu Mackerel Tabby &#8211; <span style=\"color: #ff0000;\">RESTE A LA CHATTERIE<\/span><\/b><\/p>\r\nngg_shortcode_2_placeholder\r\n<p style=\"text-align: center;\"><strong>Rully &#8211; Femelle Bleu et Blanc &#8211; <span style=\"color: #ff0000;\"><b>RESTE A LA CHATTERIE<\/b><\/span><\/strong><\/p>\r\nngg_shortcode_3_placeholder\r\n<p style=\"text-align: center;\"><strong>Reuilly &#8211; M\u00e2le Bleu et Blanc &#8211; <span style=\"color: #ff0000;\"><b>RESERVE<\/b><\/span><\/strong><\/p>\r\nngg_shortcode_4_placeholder\r\n\r\n\r\n\r\n<p style=\"text-align: center;\">P\u00e8re: Qalypso des F\u00e9lins de Lut\u00e8ce &#8211; M\u00e2le Bleu Mackerel Tabby<\/p>\r\n\r\n\r\n\r\nngg_shortcode_5_placeholder\r\n\r\n\r\n\r\n<p style=\"text-align: left;\">&nbsp;<\/p>\r\n\r\n\r\n\r\n<p style=\"text-align: center;\">M\u00e8re: Captain Coon&rsquo;s Matryoshka &#8211; Femelle Black Tortie et Blanc &#8211; SQR2<\/p>\r\nngg_shortcode_6_placeholder\r\n","protected":false},"excerpt":{"rendered":"<p>Captain Coon&rsquo;s Matryoshka &amp; Qualypso des F\u00e9lins de Lut\u00e8ce Maine Coon 5 chatons n\u00e9s le 17\/06\/2020&nbsp; &nbsp; Roman\u00e9e-Conti &#8211; M\u00e2le&hellip;<\/p>\n","protected":false},"author":1,"featured_media":0,"parent":186,"menu_order":0,"comment_status":"closed","ping_status":"closed","template":"","meta":{"ngg_post_thumbnail":0,"footnotes":""},"class_list":["post-2133","page","type-page","status-publish","hentry"],"_links":{"self":[{"href":"https:\/\/chatterie-clos-artemis.fr\/index.php\/wp-json\/wp\/v2\/pages\/2133","targetHints":{"allow":["GET"]}}],"collection":[{"href":"https:\/\/chatterie-clos-artemis.fr\/index.php\/wp-json\/wp\/v2\/pages"}],"about":[{"href":"https:\/\/chatterie-clos-artemis.fr\/index.php\/wp-json\/wp\/v2\/types\/page"}],"author":[{"embeddable":true,"href":"https:\/\/chatterie-clos-artemis.fr\/index.php\/wp-json\/wp\/v2\/users\/1"}],"replies":[{"embeddable":true,"href":"https:\/\/chatterie-clos-artemis.fr\/index.php\/wp-json\/wp\/v2\/comments?post=2133"}],"version-history":[{"count":12,"href":"https:\/\/chatterie-clos-artemis.fr\/index.php\/wp-json\/wp\/v2\/pages\/2133\/revisions"}],"predecessor-version":[{"id":2348,"href":"https:\/\/chatterie-clos-artemis.fr\/index.php\/wp-json\/wp\/v2\/pages\/2133\/revisions\/2348"}],"up":[{"embeddable":true,"href":"https:\/\/chatterie-clos-artemis.fr\/index.php\/wp-json\/wp\/v2\/pages\/186"}],"wp:attachment":[{"href":"https:\/\/chatterie-clos-artemis.fr\/index.php\/wp-json\/wp\/v2\/media?parent=2133"}],"curies":[{"name":"wp","href":"https:\/\/api.w.org\/{rel}","templated":true}]}}