{"id":186,"date":"2017-02-08T22:12:37","date_gmt":"2017-02-08T21:12:37","guid":{"rendered":"http:\/\/elevage-clos-artemis.fr\/?page_id=186"},"modified":"2026-04-20T16:30:00","modified_gmt":"2026-04-20T14:30:00","slug":"nos-chatons","status":"publish","type":"page","link":"https:\/\/chatterie-clos-artemis.fr\/index.php\/elevage\/maine-coon\/nos-chatons\/","title":{"rendered":"Nos chatons"},"content":{"rendered":"<p>Sur cette page, vous trouverez tous nos chatons Maine Coon disponibles \u00e0 la vente, ainsi que des photos de leur \u00e9volution.<\/p>\n<p>Nous avons quatre \u00e9tats diff\u00e9rents pour les r\u00e9servations:<\/p>\n<ul>\n<li><strong>Disponible:<\/strong> le chaton est disponible \u00e0 la r\u00e9servation<\/li>\n<li><strong>Option:<\/strong> quelqu&rsquo;un a pos\u00e9 une option sur le chaton, cette personne sera prioritaire, et le chaton risque d&rsquo;\u00eatre r\u00e9serv\u00e9 prochainement<\/li>\n<li><strong>R\u00e9serv\u00e9:<\/strong> le chaton est r\u00e9serv\u00e9<\/li>\n<li><strong>En \u00e9valuation:<\/strong> le chaton est observ\u00e9 afin de d\u00e9cider s&rsquo;il reste \u00e0 la chatterie ou non. Il peut redevenir disponible<\/li>\n<\/ul>\n<p>N&rsquo;h\u00e9sitez pas \u00e0 nous contacter afin de r\u00e9server un chaton.<\/p>\n<p>Iguana &amp; R\u00e9hoboam: 4 chatons n\u00e9s le 06\/03\/26: <a href=\"https:\/\/chatterie-clos-artemis.fr\/index.php\/elevage\/maine-coon\/nos-chatons\/iguana-rehoboam-2026\/\">lien vers la port\u00e9e<\/a><\/p>\n<p>Punk &amp; R\u00e9hoboam: 4 chatons n\u00e9s le 04\/04\/26: <a href=\"https:\/\/chatterie-clos-artemis.fr\/index.php\/elevage\/maine-coon\/nos-chatons\/punk-rehoboam\/\">lien vers la port\u00e9e<\/a><\/p>\n<p>Vous souhaitez \u00eatre pr\u00e9venus lorsque nous avons des chatons disponibles ? <a href=\"http:\/\/elevage-clos-artemis.fr\/index.php\/newsletter\/\">Inscrivez-vous \u00e0 notre newsletter en cliquant ici.&nbsp;<\/a><\/p>\n","protected":false},"excerpt":{"rendered":"<p>Sur cette page, vous trouverez tous nos chatons Maine Coon disponibles \u00e0 la vente, ainsi que des photos de leur&hellip;<\/p>\n","protected":false},"author":1,"featured_media":0,"parent":128,"menu_order":0,"comment_status":"closed","ping_status":"closed","template":"","meta":{"ngg_post_thumbnail":0,"footnotes":""},"class_list":["post-186","page","type-page","status-publish","hentry"],"_links":{"self":[{"href":"https:\/\/chatterie-clos-artemis.fr\/index.php\/wp-json\/wp\/v2\/pages\/186","targetHints":{"allow":["GET"]}}],"collection":[{"href":"https:\/\/chatterie-clos-artemis.fr\/index.php\/wp-json\/wp\/v2\/pages"}],"about":[{"href":"https:\/\/chatterie-clos-artemis.fr\/index.php\/wp-json\/wp\/v2\/types\/page"}],"author":[{"embeddable":true,"href":"https:\/\/chatterie-clos-artemis.fr\/index.php\/wp-json\/wp\/v2\/users\/1"}],"replies":[{"embeddable":true,"href":"https:\/\/chatterie-clos-artemis.fr\/index.php\/wp-json\/wp\/v2\/comments?post=186"}],"version-history":[{"count":57,"href":"https:\/\/chatterie-clos-artemis.fr\/index.php\/wp-json\/wp\/v2\/pages\/186\/revisions"}],"predecessor-version":[{"id":4270,"href":"https:\/\/chatterie-clos-artemis.fr\/index.php\/wp-json\/wp\/v2\/pages\/186\/revisions\/4270"}],"up":[{"embeddable":true,"href":"https:\/\/chatterie-clos-artemis.fr\/index.php\/wp-json\/wp\/v2\/pages\/128"}],"wp:attachment":[{"href":"https:\/\/chatterie-clos-artemis.fr\/index.php\/wp-json\/wp\/v2\/media?parent=186"}],"curies":[{"name":"wp","href":"https:\/\/api.w.org\/{rel}","templated":true}]}}