{"id":182,"date":"2017-02-08T22:11:57","date_gmt":"2017-02-08T21:11:57","guid":{"rendered":"http:\/\/elevage-clos-artemis.fr\/?page_id=182"},"modified":"2024-02-05T16:27:18","modified_gmt":"2024-02-05T15:27:18","slug":"maya-de-coons-of-the-gang","status":"publish","type":"page","link":"https:\/\/chatterie-clos-artemis.fr\/index.php\/elevage\/maine-coon\/nos-femelles\/maya-de-coons-of-the-gang\/","title":{"rendered":"Maya de Coon&rsquo;s of the Gang"},"content":{"rendered":"<p>&nbsp;<\/p>\n<p>Maya de Coon&rsquo;s of the Gang (\u00ab\u00a0Meliora\u00a0\u00bb de son petit nom), est notre premier Maine Coon arriv\u00e9e \u00e0 l&rsquo;\u00e9levage.&nbsp;<\/p>\n<h5>Caract\u00e9ristiques<\/h5>\n<ul>\n<li>Sexe: Femelle<\/li>\n<li>Robe: Brown Mackerel Tabby<\/li>\n<li>Naissance: 22\/07\/2016<\/li>\n<li>Tests: FIV\/FELV 2018 OK, echo cardiaque 2018 OK, carte g\u00e9n\u00e9tique + v\u00e9rif parent\u00e9, SMA N\/N, PKDef N\/N, HCM-A N\/N<\/li>\n<li><strong>Titre: Triple Championne de France<\/strong><\/li>\n<li><strong>SQR: Niveau 4 &#8211; Recommand\u00e9e<\/strong><\/li>\n<li><a href=\"https:\/\/pawpeds.com\/db\/?a=p&amp;id=1374059&amp;g=4&amp;p=mco&amp;o=ajgrep\">Page pawpeds<\/a><\/li>\n<\/ul>\n<h6><strong>R\u00e9sultats<\/strong><\/h6>\n<ul>\n<li>Paris Animal Show 2017: &nbsp;6\/10 mois: 2 EXC, <strong>Nomin\u00e9e<\/strong> <strong>Best in Show<\/strong> Sp\u00e9cial Maine Coon, <strong>Best Vari\u00e9t\u00e9<\/strong><\/li>\n<li>Exposition f\u00e9line de Sartrouville: 7\/10 mois: EXC la seule journ\u00e9e<\/li>\n<li>Exposition f\u00e9line de Chartres: CAC EXC1 le Samedi et le Dimanche<\/li>\n<li>Exposition f\u00e9line d&rsquo;Orl\u00e9ans: CAC EXC1<\/li>\n<li>Paris Animal Show 2018: CACIB EXC1<\/li>\n<li>Chartres 2018: CACIB EXC1<\/li>\n<li>Mereville 2019: CACIB EXC1 + CAGCI EXC1<\/li>\n<li>Mantes la Jolie 2019: CAGCI EXC1<\/li>\n<li>Mortagne au Perche 2019: CAGCI EXC1 + CAGCI EXC1<\/li>\n<li>Dammarie-les-Lys 2020: CACE EXC1 + <strong>Nomin\u00e9e Best in Show<\/strong> + CACE EXC1<\/li>\n<li>Anet 2024: CACE EXC1 + CACE EXC1<\/li>\n<\/ul>\nngg_shortcode_0_placeholder\n<p>&nbsp;<\/p>\n<p>&nbsp;<\/p>\n","protected":false},"excerpt":{"rendered":"<p>&nbsp; Maya de Coon&rsquo;s of the Gang (\u00ab\u00a0Meliora\u00a0\u00bb de son petit nom), est notre premier Maine Coon arriv\u00e9e \u00e0 l&rsquo;\u00e9levage.&nbsp;&hellip;<\/p>\n","protected":false},"author":1,"featured_media":0,"parent":180,"menu_order":0,"comment_status":"closed","ping_status":"closed","template":"","meta":{"ngg_post_thumbnail":0,"footnotes":""},"class_list":["post-182","page","type-page","status-publish","hentry"],"_links":{"self":[{"href":"https:\/\/chatterie-clos-artemis.fr\/index.php\/wp-json\/wp\/v2\/pages\/182","targetHints":{"allow":["GET"]}}],"collection":[{"href":"https:\/\/chatterie-clos-artemis.fr\/index.php\/wp-json\/wp\/v2\/pages"}],"about":[{"href":"https:\/\/chatterie-clos-artemis.fr\/index.php\/wp-json\/wp\/v2\/types\/page"}],"author":[{"embeddable":true,"href":"https:\/\/chatterie-clos-artemis.fr\/index.php\/wp-json\/wp\/v2\/users\/1"}],"replies":[{"embeddable":true,"href":"https:\/\/chatterie-clos-artemis.fr\/index.php\/wp-json\/wp\/v2\/comments?post=182"}],"version-history":[{"count":28,"href":"https:\/\/chatterie-clos-artemis.fr\/index.php\/wp-json\/wp\/v2\/pages\/182\/revisions"}],"predecessor-version":[{"id":3493,"href":"https:\/\/chatterie-clos-artemis.fr\/index.php\/wp-json\/wp\/v2\/pages\/182\/revisions\/3493"}],"up":[{"embeddable":true,"href":"https:\/\/chatterie-clos-artemis.fr\/index.php\/wp-json\/wp\/v2\/pages\/180"}],"wp:attachment":[{"href":"https:\/\/chatterie-clos-artemis.fr\/index.php\/wp-json\/wp\/v2\/media?parent=182"}],"curies":[{"name":"wp","href":"https:\/\/api.w.org\/{rel}","templated":true}]}}