{"id":1803,"date":"2020-02-26T11:29:20","date_gmt":"2020-02-26T10:29:20","guid":{"rendered":"http:\/\/elevage-clos-artemis.fr\/?page_id=1803"},"modified":"2020-06-02T00:30:38","modified_gmt":"2020-06-01T22:30:38","slug":"origami-aslan","status":"publish","type":"page","link":"https:\/\/chatterie-clos-artemis.fr\/index.php\/elevage\/maine-coon\/nos-chatons\/origami-aslan\/","title":{"rendered":"Origami &#8211; Aslan"},"content":{"rendered":"\r\n<p style=\"text-align: center;\"><strong>Origami du Chabeaut\u00e9 &amp; Only You Aslan du Clos d&rsquo;Art\u00e9mis<\/strong><\/p>\r\n<p style=\"text-align: center;\"><img loading=\"lazy\" decoding=\"async\" class=\"aligncenter wp-image-2056 size-large\" src=\"http:\/\/elevage-clos-artemis.fr\/wp-content\/uploads\/2020\/06\/IMG_2838-1024x499.jpg\" alt=\"\" width=\"688\" height=\"335\" srcset=\"https:\/\/chatterie-clos-artemis.fr\/wp-content\/uploads\/2020\/06\/IMG_2838-1024x499.jpg 1024w, https:\/\/chatterie-clos-artemis.fr\/wp-content\/uploads\/2020\/06\/IMG_2838-300x146.jpg 300w, https:\/\/chatterie-clos-artemis.fr\/wp-content\/uploads\/2020\/06\/IMG_2838-768x374.jpg 768w, https:\/\/chatterie-clos-artemis.fr\/wp-content\/uploads\/2020\/06\/IMG_2838-1536x749.jpg 1536w, https:\/\/chatterie-clos-artemis.fr\/wp-content\/uploads\/2020\/06\/IMG_2838-1600x780.jpg 1600w, https:\/\/chatterie-clos-artemis.fr\/wp-content\/uploads\/2020\/06\/IMG_2838.jpg 2048w\" sizes=\"auto, (max-width: 688px) 100vw, 688px\" \/><\/p>\r\n\r\n\r\n\r\n<p style=\"text-align: center;\"><strong>Maine Coon<\/strong><\/p>\r\n\r\n\r\n\r\n<p style=\"text-align: center;\">4 chatons n\u00e9s le 23\/02\/2020&nbsp;<\/p>\r\n<p>&nbsp;<\/p>\r\n<p style=\"text-align: center;\">Riders On The Storm &#8211; M\u00e2le Black Smoke et Blanc &#8211; <span style=\"color: #ff0000;\">RESERVE<\/span><\/p>\r\nngg_shortcode_0_placeholder\r\n\r\n\r\n\r\n\r\n\r\n<p style=\"text-align: center;\">Roxanne &#8211; Femelle Bleu Tabby et Blanc &#8211; <span style=\"color: #ff0000;\">RESERVEE<\/span><\/p>\r\nngg_shortcode_1_placeholder\r\n<p style=\"text-align: center;\"><\/p>\r\n<p style=\"text-align: center;\"><\/p>\r\n<p style=\"text-align: center;\">Ryukia \u00ab\u00a0Rolling in the Deep\u00a0\u00bb &#8211; Femelle Black Smoke &#8211; <span style=\"color: #ff0000;\">RESERVEE<\/span><\/p>\r\nngg_shortcode_2_placeholder\r\n<p style=\"text-align: center;\">Rhapsody in Blue &#8211; Femelle Bleu Smoke et Blanc &#8211; <span style=\"color: #ff0000;\">RESERVEE<\/span><\/p>\r\nngg_shortcode_3_placeholder\r\n\r\n\r\n\r\n<p style=\"text-align: center;\"><br><\/p>\r\n<p style=\"text-align: center;\">&nbsp;<\/p>\r\n\r\n\r\n\r\n<p style=\"text-align: center;\">P\u00e8re: Only You Aslan du Clos d&rsquo;Art\u00e9mis &#8211; Black Silver Spotted Tabby- Triple Champion de France &#8211; SQR4<\/p>\r\n\r\nngg_shortcode_4_placeholder\r\n\r\n<p style=\"text-align: left;\">&nbsp;<\/p>\r\n<!--StartFragment-->\r\n\r\n\r\n<p style=\"text-align: left;\">&nbsp;<\/p>\r\n\r\n\r\n\r\n<p style=\"text-align: center;\">M\u00e8re: Origami du Chabeaut\u00e9 &#8211; Black Smoke et Blanc &#8211; SQR2<\/p>\r\n\r\nngg_shortcode_5_placeholder","protected":false},"excerpt":{"rendered":"<p>Origami du Chabeaut\u00e9 &amp; Only You Aslan du Clos d&rsquo;Art\u00e9mis Maine Coon 4 chatons n\u00e9s le 23\/02\/2020&nbsp; &nbsp; Riders On&hellip;<\/p>\n","protected":false},"author":1,"featured_media":0,"parent":186,"menu_order":0,"comment_status":"closed","ping_status":"closed","template":"","meta":{"ngg_post_thumbnail":0,"footnotes":""},"class_list":["post-1803","page","type-page","status-publish","hentry"],"_links":{"self":[{"href":"https:\/\/chatterie-clos-artemis.fr\/index.php\/wp-json\/wp\/v2\/pages\/1803","targetHints":{"allow":["GET"]}}],"collection":[{"href":"https:\/\/chatterie-clos-artemis.fr\/index.php\/wp-json\/wp\/v2\/pages"}],"about":[{"href":"https:\/\/chatterie-clos-artemis.fr\/index.php\/wp-json\/wp\/v2\/types\/page"}],"author":[{"embeddable":true,"href":"https:\/\/chatterie-clos-artemis.fr\/index.php\/wp-json\/wp\/v2\/users\/1"}],"replies":[{"embeddable":true,"href":"https:\/\/chatterie-clos-artemis.fr\/index.php\/wp-json\/wp\/v2\/comments?post=1803"}],"version-history":[{"count":16,"href":"https:\/\/chatterie-clos-artemis.fr\/index.php\/wp-json\/wp\/v2\/pages\/1803\/revisions"}],"predecessor-version":[{"id":2057,"href":"https:\/\/chatterie-clos-artemis.fr\/index.php\/wp-json\/wp\/v2\/pages\/1803\/revisions\/2057"}],"up":[{"embeddable":true,"href":"https:\/\/chatterie-clos-artemis.fr\/index.php\/wp-json\/wp\/v2\/pages\/186"}],"wp:attachment":[{"href":"https:\/\/chatterie-clos-artemis.fr\/index.php\/wp-json\/wp\/v2\/media?parent=1803"}],"curies":[{"name":"wp","href":"https:\/\/api.w.org\/{rel}","templated":true}]}}