{"id":1751,"date":"2020-01-29T10:17:36","date_gmt":"2020-01-29T09:17:36","guid":{"rendered":"http:\/\/elevage-clos-artemis.fr\/?page_id=1751"},"modified":"2020-10-16T14:51:55","modified_gmt":"2020-10-16T12:51:55","slug":"resultats-2020","status":"publish","type":"page","link":"https:\/\/chatterie-clos-artemis.fr\/index.php\/expositions\/resultats\/resultats-2020\/","title":{"rendered":"R\u00e9sultats 2020"},"content":{"rendered":"<p><strong>Janvier<\/strong><\/p>\r\n<!-- \/wp:post-content -->\r\n\r\n<!-- wp:heading -->\r\n<h2>Paris Animal Show &#8212; 25\/26 Janvier 2020<\/h2>\r\n<!-- \/wp:heading -->\r\n\r\n<!-- wp:list -->\r\n<ul>\r\n<li><a href=\"http:\/\/elevage-clos-artemis.fr\/index.php\/elevage\/maine-coon\/nos-femelles\/opium-du-chabeaute\/\">Opium du Chabeaut\u00e9<\/a>: CACE EXC1 les 2 jours<\/li>\r\n<li><a href=\"http:\/\/elevage-clos-artemis.fr\/index.php\/elevage\/maine-coon\/nos-males\/only-you-aslan-du-clos-dartemis\/\">Only you Aslan du Clos d&rsquo;Art\u00e9mis<\/a>: 1 CACE EXC1<\/li>\r\n<li><a href=\"http:\/\/elevage-clos-artemis.fr\/index.php\/orchidee-du-jardin-de-lauthie\/\">Orchid\u00e9e du Jardin de l&rsquo;Authie<\/a>: CACE + <strong>Prix Sp\u00e9cial<\/strong> le Samedi, CACE +<strong> Nomin\u00e9e Best in Show<\/strong> le Dimanche<\/li>\r\n<li><a href=\"http:\/\/elevage-clos-artemis.fr\/index.php\/captain-coon-matryoshka\/\">Captain Coon&rsquo;s Matryoshka<\/a>: EXC1 6\/10 mois les 2 jours<\/li>\r\n<\/ul>\r\n<p>&nbsp;<\/p>\r\n<p><strong>F\u00e9vrier<\/strong><\/p>\r\n<p><!-- \/wp:list -->\r\n\r\n<!-- wp:heading --><\/p>\r\n<h2>Ozoir-la-Ferri\u00e8re &#8212; 22 F\u00e9vrier 2020<\/h2>\r\n<p><!-- \/wp:heading -->\r\n\r\n<!-- wp:list --><\/p>\r\n<ul>\r\n<li><a href=\"http:\/\/elevage-clos-artemis.fr\/index.php\/elevage\/maine-coon\/nos-femelles\/opium-du-chabeaute\/\">Opium du Chabeaut\u00e9<\/a>: CACE EXC1<\/li>\r\n<li><a href=\"http:\/\/elevage-clos-artemis.fr\/index.php\/orchidee-du-jardin-de-lauthie\/\">Orchid\u00e9e du Jardin de l&rsquo;Authie<\/a>: CACE +<strong> Nomin\u00e9e Best in Show<\/strong><\/li>\r\n<\/ul>\r\n<h2>Cambrai &#8212; 23 F\u00e9vrier 2020<\/h2>\r\n<p><!-- \/wp:list -->\r\n\r\n<!-- wp:list --><\/p>\r\n<ul>\r\n<li><a href=\"http:\/\/elevage-clos-artemis.fr\/index.php\/elevage\/maine-coon\/nos-femelles\/opium-du-chabeaute\/\">Opium du Chabeaut\u00e9<\/a>: EXC1<\/li>\r\n<li><a href=\"http:\/\/elevage-clos-artemis.fr\/index.php\/orchidee-du-jardin-de-lauthie\/\">Orchid\u00e9e du Jardin de l&rsquo;Authie<\/a>: CAGCE +<strong> Nomin\u00e9e Best in Show<\/strong><\/li>\r\n<li><a href=\"http:\/\/elevage-clos-artemis.fr\/index.php\/captain-coon-matryoshka\/\">Captain Coon&rsquo;s Matryoshka<\/a>: EXC1 6\/10 mois<\/li>\r\n<li><a href=\"http:\/\/elevage-clos-artemis.fr\/index.php\/punk-du-clos-dartemis\/\">Punk du Clos d&rsquo;Art\u00e9mis<\/a>: EXC1 6\/10 mois<\/li>\r\n<\/ul>\r\n<h2>Pontcharra &#8212; 22\/23 F\u00e9vrier 2020 (par Vanessa D.)<\/h2>\r\n<ul>\r\n<li>Pixel du Clos d&rsquo;Art\u00e9mis: EXC1 6\/10 mois les 2 jours<\/li>\r\n<li>Qwerty du Clos d&rsquo;Art\u00e9mis: EXC1 6\/10 mois les 2 jours, <strong>Best Vari\u00e9t\u00e9<\/strong>, <strong>Best in Show<\/strong> et <strong>5e NFO de la Sp\u00e9ciale NFO<\/strong> le Samedi. <strong>Nomin\u00e9 Best in Show<\/strong> le Dimanche.<\/li>\r\n<\/ul>\r\n<p>&nbsp;<\/p>\r\n<p><strong>Septembre<\/strong><\/p>\r\n<p><!-- \/wp:list -->\r\n\r\n<!-- wp:heading --><\/p>\r\n<h2>Dammarie-les-Lys &#8212; 12\/13 Septembre 2020<\/h2>\r\n<p><!-- \/wp:heading -->\r\n\r\n<!-- wp:list --><\/p>\r\n<ul>\r\n<li><a href=\"http:\/\/elevage-clos-artemis.fr\/index.php\/elevage\/maine-coon\/nos-males\/only-you-aslan-du-clos-dartemis\/\">Only you Aslan du Clos d&rsquo;Art\u00e9mis<\/a>: 2 CACE EXC1<\/li>\r\n<li><a href=\"http:\/\/elevage-clos-artemis.fr\/index.php\/elevage\/maine-coon\/nos-femelles\/maya-de-coons-of-the-gang\/\">Maya de Coon&rsquo;s of the Gang<\/a>: 2 CACE EXC1, <strong>Nomin\u00e9e Best in Show<\/strong> le Samedi<\/li>\r\n<li><a href=\"http:\/\/elevage-clos-artemis.fr\/index.php\/elevage\/maine-coon\/nos-femelles\/origami-du-chabeaute\/\">Origami du Chabeaut\u00e9<\/a>: 1 CAC EXC1, 1 CACIB EXC1: <strong>Best Vari\u00e9t\u00e9<\/strong> et <strong>Nomin\u00e9e Best in Show<\/strong> le Dimanche<\/li>\r\n<li><a href=\"http:\/\/elevage-clos-artemis.fr\/index.php\/elevage\/chat-des-forets-norvegiennes\/nos-males\/reytha-millenium-caladan\/\">Reytha Millenium Caladan<\/a>: EXC1 3\/6 mois les 2 jours, <strong>Prix Sp\u00e9cial<\/strong> les 2 jours, <strong>Nomin\u00e9 Best in Show<\/strong> les 2 jours<\/li>\r\n<\/ul>\r\n<p><strong>Octobre<\/strong><\/p>\r\n<p><!-- \/wp:list -->\r\n\r\n<!-- wp:heading --><\/p>\r\n<h2>Mereville &#8212; 10\/11 Octobre 2020<\/h2>\r\n<p><!-- \/wp:heading -->\r\n\r\n<!-- wp:list --><\/p>\r\n<ul>\r\n<li><a href=\"http:\/\/elevage-clos-artemis.fr\/index.php\/elevage\/maine-coon\/nos-males\/only-you-aslan-du-clos-dartemis\/\">Only you Aslan du Clos d&rsquo;Art\u00e9mis<\/a>: 1 CACE EXC1<\/li>\r\n<li><a href=\"http:\/\/elevage-clos-artemis.fr\/index.php\/captain-coon-matryoshka\/\">Captain Coon&rsquo;s Matryoshka<\/a>: Conformit\u00e9 + 2 CAC EXC1<\/li>\r\n<li><a href=\"http:\/\/elevage-clos-artemis.fr\/index.php\/phylea-de-clecybeliere\/\">Phyl\u00e9a de Cl\u00e9cyb\u00e9li\u00e8re<\/a>: Conformit\u00e9 + 2 CAC EXC1<\/li>\r\n<li><a href=\"http:\/\/elevage-clos-artemis.fr\/index.php\/elevage\/maine-coon\/nos-femelles\/origami-du-chabeaute\/\">Origami du Chabeaut\u00e9<\/a>: 2 CACIB EXC1<\/li>\r\n<li><a href=\"http:\/\/elevage-clos-artemis.fr\/index.php\/elevage\/maine-coon\/nos-males\/mycat-odins-son\/\">MyCat Odin&rsquo;s Son<\/a>: 2 EXC1 6\/10 mois<\/li>\r\n<li><a href=\"http:\/\/elevage-clos-artemis.fr\/index.php\/elevage\/maine-coon\/nos-males\/rehoboam-du-clos-dartemis\/\">R\u00e9hoboam du Clos d&rsquo;Art\u00e9mis<\/a>: EXC1 3\/6 mois les 2 jours, <strong>Best in Show<\/strong> le Samedi et <strong>Nomin\u00e9e Best in Show<\/strong> + <strong>Best Vari\u00e9t\u00e9<\/strong> le Dimanche<\/li>\r\n<li>Riesling du Clos d&rsquo;Art\u00e9mis: EXC1 3\/6 mois et <strong>Nomin\u00e9 Best in Show<\/strong> le Dimanche<\/li>\r\n<li>Chez Vanessa, Sylvie et Daniel: Pixel et Qwerty obtiennent leurs CAPIB, et Qwerty est <strong>Best in Show<\/strong> le Dimanche<\/li>\r\n<\/ul>","protected":false},"excerpt":{"rendered":"<p>Janvier Paris Animal Show &#8212; 25\/26 Janvier 2020 Opium du Chabeaut\u00e9: CACE EXC1 les 2 jours Only you Aslan du&hellip;<\/p>\n","protected":false},"author":1,"featured_media":0,"parent":34,"menu_order":0,"comment_status":"closed","ping_status":"closed","template":"","meta":{"ngg_post_thumbnail":0,"footnotes":""},"class_list":["post-1751","page","type-page","status-publish","hentry"],"_links":{"self":[{"href":"https:\/\/chatterie-clos-artemis.fr\/index.php\/wp-json\/wp\/v2\/pages\/1751","targetHints":{"allow":["GET"]}}],"collection":[{"href":"https:\/\/chatterie-clos-artemis.fr\/index.php\/wp-json\/wp\/v2\/pages"}],"about":[{"href":"https:\/\/chatterie-clos-artemis.fr\/index.php\/wp-json\/wp\/v2\/types\/page"}],"author":[{"embeddable":true,"href":"https:\/\/chatterie-clos-artemis.fr\/index.php\/wp-json\/wp\/v2\/users\/1"}],"replies":[{"embeddable":true,"href":"https:\/\/chatterie-clos-artemis.fr\/index.php\/wp-json\/wp\/v2\/comments?post=1751"}],"version-history":[{"count":6,"href":"https:\/\/chatterie-clos-artemis.fr\/index.php\/wp-json\/wp\/v2\/pages\/1751\/revisions"}],"predecessor-version":[{"id":2407,"href":"https:\/\/chatterie-clos-artemis.fr\/index.php\/wp-json\/wp\/v2\/pages\/1751\/revisions\/2407"}],"up":[{"embeddable":true,"href":"https:\/\/chatterie-clos-artemis.fr\/index.php\/wp-json\/wp\/v2\/pages\/34"}],"wp:attachment":[{"href":"https:\/\/chatterie-clos-artemis.fr\/index.php\/wp-json\/wp\/v2\/media?parent=1751"}],"curies":[{"name":"wp","href":"https:\/\/api.w.org\/{rel}","templated":true}]}}