{"id":1685,"date":"2019-11-21T14:04:24","date_gmt":"2019-11-21T13:04:24","guid":{"rendered":"http:\/\/elevage-clos-artemis.fr\/?page_id=1685"},"modified":"2022-10-23T19:23:28","modified_gmt":"2022-10-23T17:23:28","slug":"punk-du-clos-dartemis","status":"publish","type":"page","link":"https:\/\/chatterie-clos-artemis.fr\/index.php\/elevage\/maine-coon\/nos-femelles\/punk-du-clos-dartemis\/","title":{"rendered":"Punk du Clos d&rsquo;Art\u00e9mis"},"content":{"rendered":"<h5>Caract\u00e9ristiques<\/h5>\n<ul>\n<li>Sexe: Femelle<\/li>\n<li>Robe: Black Smoke<\/li>\n<li>Naissance: 28\/07\/19<\/li>\n<li>Tests: carte g\u00e9n\u00e9tique + v\u00e9rif parent\u00e9, SMA N\/N, PKDef N\/N, HCM-MC N\/N. Echo coeur OK 2021<\/li>\n<li>Titre: Double Championne de France<\/li>\n<li>SQR: SQR-4 Recommand\u00e9e<\/li>\n<li><a href=\"https:\/\/pawpeds.com\/db\/?a=p&amp;id=1476258&amp;g=4&amp;p=mco&amp;date=iso&amp;o=ajgrep\">Page Pawpeds<\/a><\/li>\n<\/ul>\n<h6><strong>R\u00e9sultats<\/strong><\/h6>\n<ul>\n<li>Mortagne au Perche 2019: EXC1 3\/6 mois les 2 jours<\/li>\n<li>Cambrai 2020: EXC1 6\/10 mois<\/li>\n<li>Dammarie Les Lys 2022: EXC1 CAC + Best Vari\u00e9t\u00e9<\/li>\n<li>Turretot 2022: EXC1 CAC + Best Vari\u00e9t\u00e9<\/li>\n<li>Evreux 2022: EXC1 CAC + EXC1 CACIB<\/li>\n<li>Montargis 2022: EXC1 CACIB + EXC1 CACIB<\/li>\n<\/ul>\nngg_shortcode_0_placeholder\n<p>&nbsp;<\/p>\n<p>&nbsp;<\/p>\n","protected":false},"excerpt":{"rendered":"<p>Caract\u00e9ristiques Sexe: Femelle Robe: Black Smoke Naissance: 28\/07\/19 Tests: carte g\u00e9n\u00e9tique + v\u00e9rif parent\u00e9, SMA N\/N, PKDef N\/N, HCM-MC N\/N.&hellip;<\/p>\n","protected":false},"author":1,"featured_media":0,"parent":180,"menu_order":0,"comment_status":"closed","ping_status":"closed","template":"","meta":{"ngg_post_thumbnail":0,"footnotes":""},"class_list":["post-1685","page","type-page","status-publish","hentry"],"_links":{"self":[{"href":"https:\/\/chatterie-clos-artemis.fr\/index.php\/wp-json\/wp\/v2\/pages\/1685","targetHints":{"allow":["GET"]}}],"collection":[{"href":"https:\/\/chatterie-clos-artemis.fr\/index.php\/wp-json\/wp\/v2\/pages"}],"about":[{"href":"https:\/\/chatterie-clos-artemis.fr\/index.php\/wp-json\/wp\/v2\/types\/page"}],"author":[{"embeddable":true,"href":"https:\/\/chatterie-clos-artemis.fr\/index.php\/wp-json\/wp\/v2\/users\/1"}],"replies":[{"embeddable":true,"href":"https:\/\/chatterie-clos-artemis.fr\/index.php\/wp-json\/wp\/v2\/comments?post=1685"}],"version-history":[{"count":7,"href":"https:\/\/chatterie-clos-artemis.fr\/index.php\/wp-json\/wp\/v2\/pages\/1685\/revisions"}],"predecessor-version":[{"id":2966,"href":"https:\/\/chatterie-clos-artemis.fr\/index.php\/wp-json\/wp\/v2\/pages\/1685\/revisions\/2966"}],"up":[{"embeddable":true,"href":"https:\/\/chatterie-clos-artemis.fr\/index.php\/wp-json\/wp\/v2\/pages\/180"}],"wp:attachment":[{"href":"https:\/\/chatterie-clos-artemis.fr\/index.php\/wp-json\/wp\/v2\/media?parent=1685"}],"curies":[{"name":"wp","href":"https:\/\/api.w.org\/{rel}","templated":true}]}}