{"id":155,"date":"2017-02-08T21:10:29","date_gmt":"2017-02-08T20:10:29","guid":{"rendered":"http:\/\/elevage-clos-artemis.fr\/?page_id=155"},"modified":"2022-10-28T19:47:42","modified_gmt":"2022-10-28T17:47:42","slug":"lactee-du-bois-des-loups","status":"publish","type":"page","link":"https:\/\/chatterie-clos-artemis.fr\/index.php\/elevage\/chat-des-forets-norvegiennes\/nos-retraites\/lactee-du-bois-des-loups\/","title":{"rendered":"Lact\u00e9e du Bois des Loups"},"content":{"rendered":"<p>Lact\u00e9e du Bois des Loups (\u00ab\u00a0Legacy\u00a0\u00bb son petit nom), est notre petite femelle norv\u00e9gienne. Premi\u00e8re princesse pour d\u00e9marrer notre activit\u00e9, elle a un temp\u00e9rament doux et tranquille. Elle adore la compagnie de nos deux chats de maison, et elle peut passer des heures \u00e0 dormir au chaud sur l&rsquo;aquarium&#8230;<\/p>\n<p>Pour voir nos mariages pr\u00e9vus pour nos Norv\u00e9giens, cliquez <a href=\"http:\/\/elevage-clos-artemis.fr\/index.php\/elevage\/chat-des-forets-norvegiennes\/mariages-prevus\/\">ici<\/a>.<\/p>\n<h5>Caract\u00e9ristiques<\/h5>\n<ul>\n<li>Sexe: Femelle<\/li>\n<li>Robe: Blue Tortie Spotted Tabby<\/li>\n<li>Naissance: 25\/04\/2015<\/li>\n<li>Tests: n\u00e9gative FIV\/FELV 2017<\/li>\n<li>Titre: Double Championne de France (3 CAC France, 3 CACIB France, 1 CAGCI France)<\/li>\n<li><a href=\"https:\/\/pawpeds.com\/db\/?a=p&amp;id=1383823&amp;g=4&amp;p=nfo&amp;o=ajgrep\">Page pawpeds<\/a><\/li>\n<\/ul>\n<h6><strong>R\u00e9sultats<\/strong><\/h6>\n<ul>\n<li>Paris Animal Show 2017: &nbsp;2 CAC EXC, 1 Nomination Best in Show (en FiFe)<\/li>\n<li>Dammarie-Les-Lys 2018: 1 CAC EXC<\/li>\n<li>Paris Champerret 2018: 1 CAC EXC<\/li>\n<li>Evreux 2018: 1 CAC EXC qui valide son titre de champion, 1 CACIB !<\/li>\n<li>Chartres 2018: 1 CACIB EXC<\/li>\n<li>Orl\u00e9ans 2018: 1 CACIB EXC, 1 CAGCI EXC<\/li>\n<\/ul>\n<p>&nbsp;&nbsp;&nbsp;<\/p>\nngg_shortcode_0_placeholder\n","protected":false},"excerpt":{"rendered":"<p>Lact\u00e9e du Bois des Loups (\u00ab\u00a0Legacy\u00a0\u00bb son petit nom), est notre petite femelle norv\u00e9gienne. Premi\u00e8re princesse pour d\u00e9marrer notre activit\u00e9,&hellip;<\/p>\n","protected":false},"author":1,"featured_media":0,"parent":2477,"menu_order":0,"comment_status":"closed","ping_status":"closed","template":"","meta":{"ngg_post_thumbnail":0,"footnotes":""},"class_list":["post-155","page","type-page","status-publish","hentry"],"_links":{"self":[{"href":"https:\/\/chatterie-clos-artemis.fr\/index.php\/wp-json\/wp\/v2\/pages\/155","targetHints":{"allow":["GET"]}}],"collection":[{"href":"https:\/\/chatterie-clos-artemis.fr\/index.php\/wp-json\/wp\/v2\/pages"}],"about":[{"href":"https:\/\/chatterie-clos-artemis.fr\/index.php\/wp-json\/wp\/v2\/types\/page"}],"author":[{"embeddable":true,"href":"https:\/\/chatterie-clos-artemis.fr\/index.php\/wp-json\/wp\/v2\/users\/1"}],"replies":[{"embeddable":true,"href":"https:\/\/chatterie-clos-artemis.fr\/index.php\/wp-json\/wp\/v2\/comments?post=155"}],"version-history":[{"count":17,"href":"https:\/\/chatterie-clos-artemis.fr\/index.php\/wp-json\/wp\/v2\/pages\/155\/revisions"}],"predecessor-version":[{"id":881,"href":"https:\/\/chatterie-clos-artemis.fr\/index.php\/wp-json\/wp\/v2\/pages\/155\/revisions\/881"}],"up":[{"embeddable":true,"href":"https:\/\/chatterie-clos-artemis.fr\/index.php\/wp-json\/wp\/v2\/pages\/2477"}],"wp:attachment":[{"href":"https:\/\/chatterie-clos-artemis.fr\/index.php\/wp-json\/wp\/v2\/media?parent=155"}],"curies":[{"name":"wp","href":"https:\/\/api.w.org\/{rel}","templated":true}]}}