{"id":1516,"date":"2019-08-18T18:46:00","date_gmt":"2019-08-18T16:46:00","guid":{"rendered":"http:\/\/elevage-clos-artemis.fr\/?page_id=1516"},"modified":"2019-11-27T10:12:50","modified_gmt":"2019-11-27T09:12:50","slug":"opium-aslan","status":"publish","type":"page","link":"https:\/\/chatterie-clos-artemis.fr\/index.php\/elevage\/maine-coon\/nos-chatons\/opium-aslan\/","title":{"rendered":"Opium &#8211; Aslan"},"content":{"rendered":"\r\n<p style=\"text-align: center;\"><strong>Opium du Chabeaut\u00e9 &amp; Only You Aslan du Clos d&rsquo;Art\u00e9mis<\/strong><\/p>\r\n\r\n\r\n\r\n<p style=\"text-align: center;\"><strong>Maine Coon<\/strong><\/p>\r\n\r\n\r\n\r\n<p style=\"text-align: center;\">5 chatons n\u00e9s le 30\/07\/2019 &#8211; Ils sont tous r\u00e9serv\u00e9s !<\/p>\r\n\r\n\r\n\r\n<p>&nbsp;<\/p>\r\n\r\n\r\n\r\n<p style=\"text-align: center;\">Prometheus &#8211; M\u00e2le Brown Blotched Tabby &#8211; RESERVE<\/p>\r\n<p style=\"text-align: center;\"><\/p>\r\nngg_shortcode_0_placeholder\r\n<p style=\"text-align: center;\"><\/p>\r\n<p style=\"text-align: center;\">Pandore &#8211; Femelle Brown Mackerel Tabby &#8211; RESERVEE<\/p>\r\n\r\nngg_shortcode_1_placeholder\r\n\r\n<p style=\"text-align: center;\">Punk &#8211; Femelle Black Smoke &#8211; RESTE A L&rsquo;ELEVAGE<\/p>\r\n\r\nngg_shortcode_2_placeholder\r\n\r\n\r\n\r\n\r\n\r\n<p style=\"text-align: center;\">Paladin Pahonidjem &#8211; M\u00e2le Black Silver Tabby &#8211; RESERVE<\/p>\r\n\r\nngg_shortcode_3_placeholder\r\n\r\n<p style=\"text-align: center;\">Pagan &#8211; Femelle Brown Blotched Tabby &#8211; RESERVEE<\/p>\r\n\r\nngg_shortcode_4_placeholder\r\n\r\n<p style=\"text-align: center;\">&nbsp;<\/p>\r\n\r\n\r\n\r\n<p style=\"text-align: center;\">P\u00e8re: Only You Aslan du Clos d&rsquo;Art\u00e9mis &#8211; Black Silver Spotted Tabby- Double Champion de France &#8211; SQR4<\/p>\r\n\r\nngg_shortcode_5_placeholder\r\n\r\n<p style=\"text-align: left;\">&nbsp;<\/p>\r\n\r\n<p><!--StartFragment--><\/p>\r\n\r\n<p style=\"text-align: left;\">&nbsp;<\/p>\r\n\r\n\r\n\r\n<p style=\"text-align: center;\">M\u00e8re: Opium du Chabeaut\u00e9 &#8211; Brown Tortie Blotched Tabby &#8211; Triple Championne de France &#8211; SQR4<\/p>\r\n\r\nngg_shortcode_6_placeholder","protected":false},"excerpt":{"rendered":"<p>Opium du Chabeaut\u00e9 &amp; Only You Aslan du Clos d&rsquo;Art\u00e9mis Maine Coon 5 chatons n\u00e9s le 30\/07\/2019 &#8211; Ils sont&hellip;<\/p>\n","protected":false},"author":1,"featured_media":0,"parent":186,"menu_order":0,"comment_status":"closed","ping_status":"closed","template":"","meta":{"ngg_post_thumbnail":0,"footnotes":""},"class_list":["post-1516","page","type-page","status-publish","hentry"],"_links":{"self":[{"href":"https:\/\/chatterie-clos-artemis.fr\/index.php\/wp-json\/wp\/v2\/pages\/1516","targetHints":{"allow":["GET"]}}],"collection":[{"href":"https:\/\/chatterie-clos-artemis.fr\/index.php\/wp-json\/wp\/v2\/pages"}],"about":[{"href":"https:\/\/chatterie-clos-artemis.fr\/index.php\/wp-json\/wp\/v2\/types\/page"}],"author":[{"embeddable":true,"href":"https:\/\/chatterie-clos-artemis.fr\/index.php\/wp-json\/wp\/v2\/users\/1"}],"replies":[{"embeddable":true,"href":"https:\/\/chatterie-clos-artemis.fr\/index.php\/wp-json\/wp\/v2\/comments?post=1516"}],"version-history":[{"count":10,"href":"https:\/\/chatterie-clos-artemis.fr\/index.php\/wp-json\/wp\/v2\/pages\/1516\/revisions"}],"predecessor-version":[{"id":1690,"href":"https:\/\/chatterie-clos-artemis.fr\/index.php\/wp-json\/wp\/v2\/pages\/1516\/revisions\/1690"}],"up":[{"embeddable":true,"href":"https:\/\/chatterie-clos-artemis.fr\/index.php\/wp-json\/wp\/v2\/pages\/186"}],"wp:attachment":[{"href":"https:\/\/chatterie-clos-artemis.fr\/index.php\/wp-json\/wp\/v2\/media?parent=1516"}],"curies":[{"name":"wp","href":"https:\/\/api.w.org\/{rel}","templated":true}]}}