{"id":1236,"date":"2019-06-12T10:58:05","date_gmt":"2019-06-12T08:58:05","guid":{"rendered":"http:\/\/elevage-clos-artemis.fr\/?page_id=1236"},"modified":"2025-09-17T17:37:34","modified_gmt":"2025-09-17T15:37:34","slug":"orchidee-du-jardin-de-lauthie","status":"publish","type":"page","link":"https:\/\/chatterie-clos-artemis.fr\/index.php\/orchidee-du-jardin-de-lauthie\/","title":{"rendered":"Orchid\u00e9e du Jardin de l&rsquo;Authie"},"content":{"rendered":"\r\n<p class=\"has-text-color has-quinary-color\">Orchid\u00e9e est notre coup de coeur. Pour accompagner notre tribu de Coon et Norv\u00e9giens, nous voulions un chat diff\u00e9rent, de look et de caract\u00e8re. L&rsquo;Oriental ne nous a pas d\u00e9\u00e7u, gr\u00e2ce sa tr\u00e8s grande compl\u00e9mentarit\u00e9 avec le Coon, son temp\u00e9rament joueur et affectueux.<\/p>\r\n\r\n\r\n\r\n\r\n\r\n<h5 class=\"wp-block-heading\">Caract\u00e9ristiques<\/h5>\r\n\r\n\r\n\r\n<ul class=\"wp-block-list\">\r\n<li>Sexe: Femelle<\/li>\r\n<li>Robe: Brown Spotted Tabby<\/li>\r\n<li>Naissance: 16\/07\/2018<\/li>\r\n<li>Tests: ID Gen OK, PRA N\/N<\/li>\r\n<li><strong>Titre: Quintuple Championne de France &#8211; Honneur<\/strong><\/li>\r\n<li><strong>SQR: Niveau 4 &#8211; Recommand\u00e9e<\/strong><\/li>\r\n<li>Page pawpeds \u00e0 venir<\/li>\r\n<li><strong><span style=\"color: #ff0000;\">Salon de l&rsquo;Agriculture 2024: Meilleure de Race Oriental 2024 du Concours G\u00e9n\u00e9ral Agricole<\/span><\/strong><\/li>\r\n<\/ul>\r\n\r\n\r\n\r\n<h6 class=\"wp-block-heading\"><strong>R\u00e9sultats<\/strong><\/h6>\r\n\r\n\r\n\r\n<ul class=\"wp-block-list\">\r\n<li>Amiens 2019: EXC1 6\/10 mois + <strong>Prix Sp\u00e9cial<\/strong> +<strong> Nomin\u00e9e Best in Show<\/strong><\/li>\r\n<li>Cambrai 2019: EXC1 6\/10 mois + <strong>Best in Show<\/strong><\/li>\r\n<li>Paris Champerret 2019: Samedi: EXC1 6\/10 mois + <strong>Nomin\u00e9e Best in Show<\/strong>. Dimanche: EXC1 6\/10 mois + <strong>Prix Sp\u00e9cial<\/strong> + <strong>Best in Show<\/strong><\/li>\r\n<li>Evreux 2019: EXC1 6\/10 mois + <strong>Nomin\u00e9e Best in Show<\/strong><\/li>\r\n<li>Montargis 2019: CAC + <strong>Prix Sp\u00e9cial<\/strong> + <strong>Best in Show<\/strong> + <strong>Best of Best<\/strong><\/li>\r\n<li>Hillion 2019: CAC + <strong>Prix Sp\u00e9cial<\/strong> + <strong>Best in Show<\/strong><\/li>\r\n<li>Chartres 2019: CAC + <strong>Best in Show<\/strong> le Samedi, CACIB + <strong>Nomin\u00e9e Best in Show<\/strong> + <strong>9e Oriental de la Sp\u00e9ciale<\/strong> le Dimanche<\/li>\r\n<li>Mereville 2019: CACIB + <strong>Nomin\u00e9e Best in Show<\/strong> le Samedi. CACIB + <strong>Best in Show<\/strong> + <strong>Best of Best<\/strong> le Dimanche<\/li>\r\n<li>Mantes la Jolie 2019: CAGCI EXC1 + CAGCI EXC1 + <strong>Prix Sp\u00e9cial<\/strong> + <strong>Nomin\u00e9e Best in Show<\/strong><\/li>\r\n<li>Beaune 2019: CAGCI EXC1 + <strong>Prix Sp\u00e9cial<\/strong> + <strong>Nomin\u00e9e Best in Show <\/strong>le Samedi+ CAGCI EXC1&nbsp;<\/li>\r\n<li>Mortagne au Perche 2019: CACE EXC1 + <strong>Prix Sp\u00e9cial<\/strong> le Samedi + CACE EXC1 + <strong>Prix Sp\u00e9cial<\/strong> + <strong>Best in Show<\/strong> le Dimanche<\/li>\r\n<li>Paris Animal Show 2020: CACE EXC1 + <strong>Prix Sp\u00e9cial<\/strong> le Samedi + CACE EXC1 + <strong>Nomin\u00e9e Best in Show<\/strong> le Dimanche<\/li>\r\n<li>Ozoir-la-Ferri\u00e8re 2020: CACE EXC1 + <strong>Nomin\u00e9e Best in Show<\/strong><\/li>\r\n<li>Cambrai 2020: CAGCE EXC1 + <strong>Nomin\u00e9e Best in Show<\/strong><\/li>\r\n<li>Mereville 2021: CAGCE EXC1 + <strong>Nomin\u00e9e Best in Show<\/strong> le Samedi + CAGCE EXC1 + <strong>Best in Show<\/strong> le Dimanche<\/li>\r\n<li>Orl\u00e9ans 2021: CAGCE EXC1 + <strong>Prix Sp\u00e9cial<\/strong><\/li>\r\n<li>Dammarie-les-lys 2022: CAGCE EXC1 + Honneur 1 + <strong>Nomin\u00e9e Best in Show<\/strong><\/li>\r\n<li><span style=\"color: #ff0000;\"><strong>Salon de l&rsquo;Agriculture 2022 : Meilleure Femelle Orientale 2022 du Concours G\u00e9n\u00e9ral Agricole<\/strong><\/span><\/li>\r\n<li>Paris Animal Show 2022: Honneur 1 + <strong>Best in Show<\/strong> Vendredi + <strong>Best in Show<\/strong> Samedi + <strong>Best in Show<\/strong> Dimanche<\/li>\r\n<li>Evreux 2022: Honneur 1 + <strong>Best in Show<\/strong><\/li>\r\n<li>Montargis 2022:&nbsp;&nbsp;Honneur 1 + <strong>Nomin\u00e9e<\/strong> <strong>Best in Show + Best Vari\u00e9t\u00e9&nbsp;<\/strong>le Samedi + <strong>Nomin\u00e9e Best in Show<\/strong> le Dimanche<\/li>\r\n<li>Chartres 2022: Honneur 1 + <strong>Best in Show<\/strong><\/li>\r\n<li>Dammarie-les-Lys 2023: Honneur 1 + <strong>Nomin\u00e9e Best in Show<\/strong> les 2 jours<\/li>\r\n<li><strong><span style=\"color: #ff0000;\">Salon de l&rsquo;Agriculture 2023: Meilleure Femelle Orientale 2023 du Concours G\u00e9n\u00e9ral Agricole<\/span><\/strong><\/li>\r\n<li>Anet 2024: <strong>Best in Show + Prix Sp\u00e9cial<\/strong> le Samedi + <strong>Nomin\u00e9e Best in Show + Best Vari\u00e9t\u00e9<\/strong> le Dimanche<\/li>\r\n<li><strong><span style=\"color: #ff0000;\">Salon de l&rsquo;Agriculture 2024: Meilleure de Race Oriental 2024 du Concours G\u00e9n\u00e9ral Agricole<\/span><\/strong><\/li>\r\n<li>Dreux 2025 : EXC1 CAP + <strong>Best V\u00e9t\u00e9ran<\/strong> + EXC1 CAP + <strong>Best in Show le Dimanche<\/strong><\/li>\r\n<\/ul>\r\n<p><strong><span style=\"color: #ff0000;\">\r\n\r\n<\/span><\/strong><\/p>\r\nngg_shortcode_0_placeholder\r\n","protected":false},"excerpt":{"rendered":"<p>Orchid\u00e9e est notre coup de coeur. Pour accompagner notre tribu de Coon et Norv\u00e9giens, nous voulions un chat diff\u00e9rent, de&hellip;<\/p>\n","protected":false},"author":1,"featured_media":0,"parent":0,"menu_order":0,"comment_status":"closed","ping_status":"closed","template":"","meta":{"ngg_post_thumbnail":0,"footnotes":""},"class_list":["post-1236","page","type-page","status-publish","hentry"],"_links":{"self":[{"href":"https:\/\/chatterie-clos-artemis.fr\/index.php\/wp-json\/wp\/v2\/pages\/1236","targetHints":{"allow":["GET"]}}],"collection":[{"href":"https:\/\/chatterie-clos-artemis.fr\/index.php\/wp-json\/wp\/v2\/pages"}],"about":[{"href":"https:\/\/chatterie-clos-artemis.fr\/index.php\/wp-json\/wp\/v2\/types\/page"}],"author":[{"embeddable":true,"href":"https:\/\/chatterie-clos-artemis.fr\/index.php\/wp-json\/wp\/v2\/users\/1"}],"replies":[{"embeddable":true,"href":"https:\/\/chatterie-clos-artemis.fr\/index.php\/wp-json\/wp\/v2\/comments?post=1236"}],"version-history":[{"count":24,"href":"https:\/\/chatterie-clos-artemis.fr\/index.php\/wp-json\/wp\/v2\/pages\/1236\/revisions"}],"predecessor-version":[{"id":4120,"href":"https:\/\/chatterie-clos-artemis.fr\/index.php\/wp-json\/wp\/v2\/pages\/1236\/revisions\/4120"}],"wp:attachment":[{"href":"https:\/\/chatterie-clos-artemis.fr\/index.php\/wp-json\/wp\/v2\/media?parent=1236"}],"curies":[{"name":"wp","href":"https:\/\/api.w.org\/{rel}","templated":true}]}}