{"id":1216,"date":"2019-06-03T10:27:50","date_gmt":"2019-06-03T08:27:50","guid":{"rendered":"http:\/\/elevage-clos-artemis.fr\/?page_id=1216"},"modified":"2019-09-30T10:26:55","modified_gmt":"2019-09-30T08:26:55","slug":"nott-oural","status":"publish","type":"page","link":"https:\/\/chatterie-clos-artemis.fr\/index.php\/nott-oural\/","title":{"rendered":"Nott &#8211; Oural"},"content":{"rendered":"\n<p style=\"text-align:center\"><strong>Nott du Clos d&rsquo;Art\u00e9mis &amp; Oural de la Compagnie Etoil\u00e9e<\/strong><\/p>\n\n\n\n<p style=\"text-align:center\"><strong>Norv\u00e9giens &#8211; <a href=\"https:\/\/pawpeds.com\/db\/?a=p&amp;v=fi&amp;ids=3:1383835;2:1441985&amp;g=4&amp;p=nfo&amp;o=ajgrep\">voir le&nbsp;pedigree<\/a><\/strong><\/p>\n\n\n\n<p style=\"text-align:center\">5 chatons n\u00e9s le 28\/05\/2019<\/p>\n\n\n\n<p><\/p>\n\n\n\n<p style=\"text-align:center\">Pythagore   M\u00e2le Black Silver Mackerel Tabby et Blanc  &#8211; VENDU (Mme Prothais Dpt 94)<\/p>\n\n\nngg_shortcode_0_placeholder\n\n\n<p style=\"text-align:center\">Platoon    Femelle Brown Mackerel Tabby &#8211; RESERVEE<\/p>\n\n\nngg_shortcode_1_placeholder\n\n\n<p><\/p>\n\n\n\n<p style=\"text-align:center\">Pixel  M\u00e2le Red Silver Mackerel Tabby et Blanc &#8211; VENDU (M et Mme Demontant)<\/p>\n\n\nngg_shortcode_2_placeholder\n\n\n<p><\/p>\n\n\n\n<p style=\"text-align:center\">Qwerty  M\u00e2le Red Blotched Tabby et Blanc &#8211; &#8211; VENDU (Mme Demontant)<\/p>\n\n\nngg_shortcode_3_placeholder\n\n\n<p style=\"text-align:center\">Pi   M\u00e2le Red Silver Blotched Tabby- VENDU (Mme Barbier)<\/p>\n\n\nngg_shortcode_4_placeholder\n\n\n<p style=\"text-align:center\"><\/p>\n\n\n\n<p style=\"text-align:center\">P\u00e8re: Oural de la Compagnie Etoil\u00e9e &#8211; Brown Blotched Tabby et Blanc &#8211; Triple Champion de France, Grand Champion International &#8211; SQR4<\/p>\n\n\n<p><img loading=\"lazy\" decoding=\"async\" class=\"size-large wp-image-1313 aligncenter\" src=\"http:\/\/elevage-clos-artemis.fr\/wp-content\/uploads\/2019\/06\/53356781_323113655221081_9208637640444739584_o-1024x762.jpg\" alt=\"\" width=\"688\" height=\"512\" srcset=\"https:\/\/chatterie-clos-artemis.fr\/wp-content\/uploads\/2019\/06\/53356781_323113655221081_9208637640444739584_o-1024x762.jpg 1024w, https:\/\/chatterie-clos-artemis.fr\/wp-content\/uploads\/2019\/06\/53356781_323113655221081_9208637640444739584_o-300x223.jpg 300w, https:\/\/chatterie-clos-artemis.fr\/wp-content\/uploads\/2019\/06\/53356781_323113655221081_9208637640444739584_o-768x572.jpg 768w, https:\/\/chatterie-clos-artemis.fr\/wp-content\/uploads\/2019\/06\/53356781_323113655221081_9208637640444739584_o.jpg 1440w\" sizes=\"auto, (max-width: 688px) 100vw, 688px\" \/><\/p>\n\n\n<p style=\"text-align:left\"><\/p>\n\n\n<p><!--StartFragment--><\/p>\n\n\n<p style=\"text-align:left\"><\/p>\n\n\n\n<p style=\"text-align:center\">M\u00e8re: Nott du Clos d&rsquo;Art\u00e9mis &#8211; Blue Silver Tortie Mackerel Tabby &#8211; Double Championne de France &#8211; SQR2<\/p>\n\n\n<p><!--EndFragment--><\/p>\n<p><img loading=\"lazy\" decoding=\"async\" class=\"aligncenter size-large wp-image-1314\" src=\"http:\/\/elevage-clos-artemis.fr\/wp-content\/uploads\/2019\/06\/ARIPPE_008-683x1024.jpg\" alt=\"\" width=\"683\" height=\"1024\" srcset=\"https:\/\/chatterie-clos-artemis.fr\/wp-content\/uploads\/2019\/06\/ARIPPE_008-683x1024.jpg 683w, https:\/\/chatterie-clos-artemis.fr\/wp-content\/uploads\/2019\/06\/ARIPPE_008-200x300.jpg 200w, https:\/\/chatterie-clos-artemis.fr\/wp-content\/uploads\/2019\/06\/ARIPPE_008-768x1152.jpg 768w, https:\/\/chatterie-clos-artemis.fr\/wp-content\/uploads\/2019\/06\/ARIPPE_008-1600x2400.jpg 1600w\" sizes=\"auto, (max-width: 683px) 100vw, 683px\" \/><\/p>","protected":false},"excerpt":{"rendered":"<p>Nott du Clos d&rsquo;Art\u00e9mis &amp; Oural de la Compagnie Etoil\u00e9e Norv\u00e9giens &#8211; voir le&nbsp;pedigree 5 chatons n\u00e9s le 28\/05\/2019 Pythagore&hellip;<\/p>\n","protected":false},"author":1,"featured_media":0,"parent":0,"menu_order":0,"comment_status":"closed","ping_status":"closed","template":"","meta":{"ngg_post_thumbnail":0,"footnotes":""},"class_list":["post-1216","page","type-page","status-publish","hentry"],"_links":{"self":[{"href":"https:\/\/chatterie-clos-artemis.fr\/index.php\/wp-json\/wp\/v2\/pages\/1216","targetHints":{"allow":["GET"]}}],"collection":[{"href":"https:\/\/chatterie-clos-artemis.fr\/index.php\/wp-json\/wp\/v2\/pages"}],"about":[{"href":"https:\/\/chatterie-clos-artemis.fr\/index.php\/wp-json\/wp\/v2\/types\/page"}],"author":[{"embeddable":true,"href":"https:\/\/chatterie-clos-artemis.fr\/index.php\/wp-json\/wp\/v2\/users\/1"}],"replies":[{"embeddable":true,"href":"https:\/\/chatterie-clos-artemis.fr\/index.php\/wp-json\/wp\/v2\/comments?post=1216"}],"version-history":[{"count":21,"href":"https:\/\/chatterie-clos-artemis.fr\/index.php\/wp-json\/wp\/v2\/pages\/1216\/revisions"}],"predecessor-version":[{"id":1601,"href":"https:\/\/chatterie-clos-artemis.fr\/index.php\/wp-json\/wp\/v2\/pages\/1216\/revisions\/1601"}],"wp:attachment":[{"href":"https:\/\/chatterie-clos-artemis.fr\/index.php\/wp-json\/wp\/v2\/media?parent=1216"}],"curies":[{"name":"wp","href":"https:\/\/api.w.org\/{rel}","templated":true}]}}