{"id":1118,"date":"2019-04-05T12:31:21","date_gmt":"2019-04-05T10:31:21","guid":{"rendered":"http:\/\/elevage-clos-artemis.fr\/?page_id=1118"},"modified":"2019-04-05T12:31:21","modified_gmt":"2019-04-05T10:31:21","slug":"lactee-loomy","status":"publish","type":"page","link":"https:\/\/chatterie-clos-artemis.fr\/index.php\/lactee-loomy\/","title":{"rendered":"Lact\u00e9e &#8211; Loomy"},"content":{"rendered":"\n<h4 class=\"wp-block-heading\"><strong>Port\u00e9e de &nbsp;<a href=\"http:\/\/elevage-clos-artemis.fr\/index.php\/elevage\/chat-des-forets-norvegiennes\/nos-femelles\/lactee-du-bois-des-loups\/\">Lact\u00e9e du Bois des Loups<\/a> et <a href=\"http:\/\/elevage-clos-artemis.fr\/index.php\/elevage\/chat-des-forets-norvegiennes\/mariages-prevus\/loomy-des-lutins-de-noel\/\">Loomy des Lutins de No\u00ebl<\/a>&nbsp;<\/strong><\/h4>\n\n\n\n<p>4 petits bouts de chou sont n\u00e9s le 30 Novembre ! Ils sont tous r\u00e9serv\u00e9s !<\/p>\n\n\n\n<p><strong>&nbsp; &nbsp; &nbsp; NINON &#8211; Femelle Blue silver spotted tabby &#8211; RESERVEE (M. et Mme Le Naour dpt 78)<\/strong><\/p>\n\n\nngg_shortcode_0_placeholder\n\n\n\n<p><strong>NARNIA &#8211; Femelle Blue smoke et blanc &#8211; RESERVEE (M. et Mme Rebiere dpt 27)<\/strong><\/p>\n\n\nngg_shortcode_1_placeholder\n\n\n\n<p><strong>NOTT- Femelle Blue silver tortie mackerel tabby -RESERVEE (M. Rave dpt 78)<\/strong><\/p>\n\n\nngg_shortcode_2_placeholder\n\n\n\n<p><strong>NUIT &#8211; Femelle Blue silver mackerel tabby et blanc &#8211; RESTE A L&rsquo;ELEVAGE<\/strong><\/p>\n\n\nngg_shortcode_3_placeholder\n","protected":false},"excerpt":{"rendered":"<p>Port\u00e9e de &nbsp;Lact\u00e9e du Bois des Loups et Loomy des Lutins de No\u00ebl&nbsp; 4 petits bouts de chou sont n\u00e9s&hellip;<\/p>\n","protected":false},"author":1,"featured_media":0,"parent":0,"menu_order":0,"comment_status":"closed","ping_status":"closed","template":"","meta":{"ngg_post_thumbnail":0,"footnotes":""},"class_list":["post-1118","page","type-page","status-publish","hentry"],"_links":{"self":[{"href":"https:\/\/chatterie-clos-artemis.fr\/index.php\/wp-json\/wp\/v2\/pages\/1118","targetHints":{"allow":["GET"]}}],"collection":[{"href":"https:\/\/chatterie-clos-artemis.fr\/index.php\/wp-json\/wp\/v2\/pages"}],"about":[{"href":"https:\/\/chatterie-clos-artemis.fr\/index.php\/wp-json\/wp\/v2\/types\/page"}],"author":[{"embeddable":true,"href":"https:\/\/chatterie-clos-artemis.fr\/index.php\/wp-json\/wp\/v2\/users\/1"}],"replies":[{"embeddable":true,"href":"https:\/\/chatterie-clos-artemis.fr\/index.php\/wp-json\/wp\/v2\/comments?post=1118"}],"version-history":[{"count":1,"href":"https:\/\/chatterie-clos-artemis.fr\/index.php\/wp-json\/wp\/v2\/pages\/1118\/revisions"}],"predecessor-version":[{"id":1121,"href":"https:\/\/chatterie-clos-artemis.fr\/index.php\/wp-json\/wp\/v2\/pages\/1118\/revisions\/1121"}],"wp:attachment":[{"href":"https:\/\/chatterie-clos-artemis.fr\/index.php\/wp-json\/wp\/v2\/media?parent=1118"}],"curies":[{"name":"wp","href":"https:\/\/api.w.org\/{rel}","templated":true}]}}