{"id":1109,"date":"2019-04-05T12:24:47","date_gmt":"2019-04-05T10:24:47","guid":{"rendered":"http:\/\/elevage-clos-artemis.fr\/?page_id=1109"},"modified":"2021-01-15T15:26:42","modified_gmt":"2021-01-15T14:26:42","slug":"newsletter","status":"publish","type":"page","link":"https:\/\/chatterie-clos-artemis.fr\/index.php\/newsletter\/","title":{"rendered":"Newsletter"},"content":{"rendered":"\r\n<p>Merci de votre int\u00e9r\u00eat pour notre \u00e9levage et nos chats !<\/p>\r\n\r\n\r\n\r\n<p>Si vous le souhaitez, vous pouvez vous inscrire \u00e0 notre newsletter, et nous vous pr\u00e9viendrons lorsque des chatons seront disponibles. Suivez quand m\u00eame notre actualit\u00e9 sur Facebook ! Nos chatons sont souvent tous r\u00e9serv\u00e9s avant l&rsquo;\u00e9dition de la newsletter&#8230;<\/p>\r\n\r\n\r\n\r\n<p>Promis, on ne se servira de votre adresse email que pour vous envoyer des photos de chatons mignons ! Et pas trop souvent !<\/p>\r\n\r\n\r\n<script>(function() {\n\twindow.mc4wp = window.mc4wp || {\n\t\tlisteners: [],\n\t\tforms: {\n\t\t\ton: function(evt, cb) {\n\t\t\t\twindow.mc4wp.listeners.push(\n\t\t\t\t\t{\n\t\t\t\t\t\tevent   : evt,\n\t\t\t\t\t\tcallback: cb\n\t\t\t\t\t}\n\t\t\t\t);\n\t\t\t}\n\t\t}\n\t}\n})();\n<\/script><!-- Mailchimp for WordPress v4.12.1 - https:\/\/wordpress.org\/plugins\/mailchimp-for-wp\/ --><form id=\"mc4wp-form-1\" class=\"mc4wp-form mc4wp-form-1108\" method=\"post\" data-id=\"1108\" data-name=\"Inscription\" ><div class=\"mc4wp-form-fields\"><p>\r\n\t<label>Votre adresse email: <\/label>\r\n\t<input type=\"email\" name=\"EMAIL\" placeholder=\"Email\" required \/>\r\n<\/p>\r\n\r\n<p>\r\n\t<input type=\"submit\" value=\"S'inscrire\" \/>\r\n<\/p><\/div><label style=\"display: none !important;\">Laissez ce champ vide si vous \u00eates humain\u00a0: <input type=\"text\" name=\"_mc4wp_honeypot\" value=\"\" tabindex=\"-1\" autocomplete=\"off\" \/><\/label><input type=\"hidden\" name=\"_mc4wp_timestamp\" value=\"1776180867\" \/><input type=\"hidden\" name=\"_mc4wp_form_id\" value=\"1108\" \/><input type=\"hidden\" name=\"_mc4wp_form_element_id\" value=\"mc4wp-form-1\" \/><div class=\"mc4wp-response\"><\/div><\/form><!-- \/ Mailchimp for WordPress Plugin -->\n","protected":false},"excerpt":{"rendered":"<p>Merci de votre int\u00e9r\u00eat pour notre \u00e9levage et nos chats ! Si vous le souhaitez, vous pouvez vous inscrire \u00e0&hellip;<\/p>\n","protected":false},"author":1,"featured_media":0,"parent":0,"menu_order":0,"comment_status":"closed","ping_status":"closed","template":"","meta":{"ngg_post_thumbnail":0,"footnotes":""},"class_list":["post-1109","page","type-page","status-publish","hentry"],"_links":{"self":[{"href":"https:\/\/chatterie-clos-artemis.fr\/index.php\/wp-json\/wp\/v2\/pages\/1109","targetHints":{"allow":["GET"]}}],"collection":[{"href":"https:\/\/chatterie-clos-artemis.fr\/index.php\/wp-json\/wp\/v2\/pages"}],"about":[{"href":"https:\/\/chatterie-clos-artemis.fr\/index.php\/wp-json\/wp\/v2\/types\/page"}],"author":[{"embeddable":true,"href":"https:\/\/chatterie-clos-artemis.fr\/index.php\/wp-json\/wp\/v2\/users\/1"}],"replies":[{"embeddable":true,"href":"https:\/\/chatterie-clos-artemis.fr\/index.php\/wp-json\/wp\/v2\/comments?post=1109"}],"version-history":[{"count":3,"href":"https:\/\/chatterie-clos-artemis.fr\/index.php\/wp-json\/wp\/v2\/pages\/1109\/revisions"}],"predecessor-version":[{"id":2473,"href":"https:\/\/chatterie-clos-artemis.fr\/index.php\/wp-json\/wp\/v2\/pages\/1109\/revisions\/2473"}],"wp:attachment":[{"href":"https:\/\/chatterie-clos-artemis.fr\/index.php\/wp-json\/wp\/v2\/media?parent=1109"}],"curies":[{"name":"wp","href":"https:\/\/api.w.org\/{rel}","templated":true}]}}