{"id":1061,"date":"2019-03-18T09:54:09","date_gmt":"2019-03-18T08:54:09","guid":{"rendered":"http:\/\/elevage-clos-artemis.fr\/?page_id=1061"},"modified":"2019-03-18T09:57:00","modified_gmt":"2019-03-18T08:57:00","slug":"maya-lorenzo","status":"publish","type":"page","link":"https:\/\/chatterie-clos-artemis.fr\/index.php\/maya-lorenzo\/","title":{"rendered":"Maya &#8211; Lorenzo"},"content":{"rendered":"\n<p><\/p>\n\n\n\n<h4 class=\"wp-block-heading\"><strong>Port\u00e9e de\u00a0 <a href=\"http:\/\/elevage-clos-artemis.fr\/index.php\/elevage\/maine-coon\/nos-femelles\/maya-de-coons-of-the-gang\/\">Maya de Coon&rsquo;s of the Gang<\/a>\u00a0et Lorenzo du Chabeaut\u00e9<\/strong><\/h4>\n\n\n\n<p><\/p>\n\n\n\n<p>\u00c7a y est, il est l\u00e0 !! Le 13\/05\/18, apr\u00e8s quelques nuits blanches et une petite dose d&rsquo;inqui\u00e9tude, notre petit retardataire est n\u00e9 ! Il s&rsquo;agit d&rsquo;un p&rsquo;tit gars de 120 grammes, qui cavale d\u00e9j\u00e0 en s&rsquo;\u00e9poumonant joyeusement ! La maman se porte tr\u00e8s bien.&nbsp;<\/p>\n\n\n\n<p><strong>&nbsp; &nbsp; ONLY YOU &#8211; M\u00e2le Black Silver Mackerel Tabby &#8211; RESERVE (M. et Mme Rebiere, dpt 27)<\/strong><\/p>\n\n\n\nngg_shortcode_0_placeholder\n","protected":false},"excerpt":{"rendered":"<p>Port\u00e9e de\u00a0 Maya de Coon&rsquo;s of the Gang\u00a0et Lorenzo du Chabeaut\u00e9 \u00c7a y est, il est l\u00e0 !! Le 13\/05\/18,&hellip;<\/p>\n","protected":false},"author":1,"featured_media":0,"parent":0,"menu_order":0,"comment_status":"closed","ping_status":"closed","template":"","meta":{"ngg_post_thumbnail":0,"footnotes":""},"class_list":["post-1061","page","type-page","status-publish","hentry"],"_links":{"self":[{"href":"https:\/\/chatterie-clos-artemis.fr\/index.php\/wp-json\/wp\/v2\/pages\/1061","targetHints":{"allow":["GET"]}}],"collection":[{"href":"https:\/\/chatterie-clos-artemis.fr\/index.php\/wp-json\/wp\/v2\/pages"}],"about":[{"href":"https:\/\/chatterie-clos-artemis.fr\/index.php\/wp-json\/wp\/v2\/types\/page"}],"author":[{"embeddable":true,"href":"https:\/\/chatterie-clos-artemis.fr\/index.php\/wp-json\/wp\/v2\/users\/1"}],"replies":[{"embeddable":true,"href":"https:\/\/chatterie-clos-artemis.fr\/index.php\/wp-json\/wp\/v2\/comments?post=1061"}],"version-history":[{"count":2,"href":"https:\/\/chatterie-clos-artemis.fr\/index.php\/wp-json\/wp\/v2\/pages\/1061\/revisions"}],"predecessor-version":[{"id":1066,"href":"https:\/\/chatterie-clos-artemis.fr\/index.php\/wp-json\/wp\/v2\/pages\/1061\/revisions\/1066"}],"wp:attachment":[{"href":"https:\/\/chatterie-clos-artemis.fr\/index.php\/wp-json\/wp\/v2\/media?parent=1061"}],"curies":[{"name":"wp","href":"https:\/\/api.w.org\/{rel}","templated":true}]}}